{"id":1248,"date":"2021-08-10T04:11:40","date_gmt":"2021-08-10T04:11:40","guid":{"rendered":"https:\/\/www.deswaenhoeck.be\/homepage\/"},"modified":"2022-10-07T14:22:31","modified_gmt":"2022-10-07T14:22:31","slug":"homepage","status":"publish","type":"page","link":"https:\/\/www.deswaenhoeck.be\/de\/","title":{"rendered":"Home"},"content":{"rendered":"<div class=\"wpb-content-wrapper\">[vc_row][vc_column width=&#8220;1\/2&#8243;]<h2 class=\"vcex-heading vcex-heading-plain vcex-module wpex-heading wpex-text-2xl wpex-h2\"><span class=\"vcex-heading-inner wpex-inline-block\">Willkommen im Ferienhaus De Swaenhoeck<\/span><\/h2>[vc_column_text]Unser Ferienhaus, mitten in der Polderlandschaft Br\u00fcgge-Ommeland gelegen, ist der ideale Aufenthaltsort f\u00fcr Wanderer, Radfahrer, Golfer oder einfach f\u00fcr alle, die das Leben genie\u00dfen. Nur einen Katzensprung von Damme entfernt, der perfekte Ausgangspunkt f\u00fcr eine Radtour zur K\u00fcste, nach Br\u00fcgge oder f\u00fcr einen entspannten Spaziergang auf einem der atemberaubenden Wanderwege. Die authentischen Bauernh\u00e4user blicken auf den Golf von Damme und liegen in einer gr\u00fcnen Oase der Ruhe.<\/p>\n<p>De Swaenhoeck&#8216; bietet Platz f\u00fcr 4 bis 20 Personen &#8211; aufgeteilt in 3 Ferienhauser &#8211; und ist mit allem erdenklichen Komfort ausgestattet. Die wichtigsten Vorteile sind: Kamin, voll ausgestattete offene K\u00fcche mit Backofen und Mikrowelle. Geschirrsp\u00fcler und Waschmaschine (nur im Landhuys), Fernseher mit DVD, Musikanlage, 3 Kinderbetten, Grill, drahtloser Internetzugang, Brettspiele, Tischtennisplatte, Schaukel, Leihfahrr\u00e4der, Tiere auf dem Hof, regionale Informationen&#8230; Zus\u00e4tzlich verf\u00fcgen wir \u00fcber ein wundersch\u00f6nes B&amp;B zimmer mit eigenem Eingang mit separater Toilette und Bad, das ebenfalls gemietet werden kann.<\/p>\n<p>Unsere Infrastruktur eignet sich hervorragend f\u00fcr l\u00e4ngere Aufenthalte und gro\u00dfe Familien oder Gruppen. Die Einrichtung ist rustikal aber doch modern mit Liebe zum kleinsten Detail! Kommen Sie und genie\u00dfen Sie mit uns&#8230;[\/vc_column_text][\/vc_column][vc_column width=&#8220;1\/2&#8243;]<style>.vcex-image.vcex_69e19aaabdb46 .vcex-image-inner{max-width:60%;}<\/style><figure class=\"vcex-image vcex-module wpex-text-center vcex_69e19aaabdb46\"><div class=\"vcex-image-inner wpex-relative wpex-inline-block\"><img width=\"1708\" height=\"2560\" src=\"https:\/\/www.deswaenhoeck.be\/wp-content\/uploads\/2022\/09\/DSC_0122-scaled.jpg\" class=\"vcex-image-img wpex-align-middle\" alt=\"\" loading=\"lazy\" decoding=\"async\" srcset=\"https:\/\/www.deswaenhoeck.be\/wp-content\/uploads\/2022\/09\/DSC_0122-scaled.jpg 1708w, https:\/\/www.deswaenhoeck.be\/wp-content\/uploads\/2022\/09\/DSC_0122-200x300.jpg 200w, https:\/\/www.deswaenhoeck.be\/wp-content\/uploads\/2022\/09\/DSC_0122-683x1024.jpg 683w, https:\/\/www.deswaenhoeck.be\/wp-content\/uploads\/2022\/09\/DSC_0122-768x1151.jpg 768w, https:\/\/www.deswaenhoeck.be\/wp-content\/uploads\/2022\/09\/DSC_0122-1025x1536.jpg 1025w, https:\/\/www.deswaenhoeck.be\/wp-content\/uploads\/2022\/09\/DSC_0122-1367x2048.jpg 1367w\" sizes=\"auto, (max-width: 1708px) 100vw, 1708px\" \/><\/div><\/figure>[\/vc_column][\/vc_row][vc_row][vc_column]<div class=\"theme-heading border-bottom vcex-module-heading vcex_image_carousel-heading\"><span class=\"text\">Warum im De Swaenhoeck wohnen?<\/span><\/div><div class=\"vcex-image-carousel wpex-carousel wpex-carousel-images wpex-clr vcex-module owl-carousel arrwstyle-min arrwpos-right\" data-wpex-carousel=\"{&quot;autoplay&quot;:&quot;true&quot;,&quot;center&quot;:&quot;true&quot;,&quot;slideBy&quot;:1,&quot;items&quot;:1,&quot;responsive&quot;:{&quot;0&quot;:{&quot;items&quot;:&quot;1&quot;},&quot;480&quot;:{&quot;items&quot;:1},&quot;768&quot;:{&quot;items&quot;:1},&quot;960&quot;:{&quot;items&quot;:1}}}\"><div class=\"wpex-carousel-slide\"><figure class=\"wpex-carousel-entry-media entry-media wpex-relative\"><img data-no-lazy=\"1\" class=\"wpex-align-middle skip-lazy\" src=\"https:\/\/www.deswaenhoeck.be\/wp-content\/uploads\/2022\/09\/DSC_0002-scaled-1400x750.jpg\" alt=\"\" width=\"1400\" height=\"750\"><\/figure><div class=\"wpex-carousel-entry-details entry-details wpex-boxed wpex-first-mt-0 wpex-last-mb-0 wpex-clr\"><div class=\"wpex-carousel-entry-title entry-title wpex-mb-5\">Kinderfreundliches Ferienhaus<\/div><\/div><\/div><div class=\"wpex-carousel-slide\"><figure class=\"wpex-carousel-entry-media entry-media wpex-relative\"><img data-no-lazy=\"1\" class=\"wpex-align-middle skip-lazy\" src=\"https:\/\/www.deswaenhoeck.be\/wp-content\/uploads\/2022\/09\/Swaenh-2012-07-1_55-1400x750.jpg\" alt=\"\" width=\"1400\" height=\"750\"><\/figure><div class=\"wpex-carousel-entry-details entry-details wpex-boxed wpex-first-mt-0 wpex-last-mb-0 wpex-clr\"><div class=\"wpex-carousel-entry-title entry-title wpex-mb-5\">Wundersch\u00f6n restauriertes Bauernhaus<\/div><\/div><\/div><div class=\"wpex-carousel-slide\"><figure class=\"wpex-carousel-entry-media entry-media wpex-relative\"><img data-no-lazy=\"1\" class=\"wpex-align-middle skip-lazy\" src=\"https:\/\/www.deswaenhoeck.be\/wp-content\/uploads\/2022\/09\/Swaenh-2012-07-1_136-1400x750.jpg\" alt=\"\" width=\"1400\" height=\"750\"><\/figure><div class=\"wpex-carousel-entry-details entry-details wpex-boxed wpex-first-mt-0 wpex-last-mb-0 wpex-clr\"><div class=\"wpex-carousel-entry-title entry-title wpex-mb-5\">De Swaenhoeck<\/div><\/div><\/div><div class=\"wpex-carousel-slide\"><figure class=\"wpex-carousel-entry-media entry-media wpex-relative\"><img data-no-lazy=\"1\" class=\"wpex-align-middle skip-lazy\" src=\"https:\/\/www.deswaenhoeck.be\/wp-content\/uploads\/2022\/09\/DSC_0025-scaled-1400x750.jpg\" alt=\"\" width=\"1400\" height=\"750\"><\/figure><div class=\"wpex-carousel-entry-details entry-details wpex-boxed wpex-first-mt-0 wpex-last-mb-0 wpex-clr\"><div class=\"wpex-carousel-entry-title entry-title wpex-mb-5\">Vier gewinnt!<\/div><\/div><\/div><div class=\"wpex-carousel-slide\"><figure class=\"wpex-carousel-entry-media entry-media wpex-relative\"><img data-no-lazy=\"1\" class=\"wpex-align-middle skip-lazy\" src=\"https:\/\/www.deswaenhoeck.be\/wp-content\/uploads\/2022\/09\/DSC_0118-scaled-1400x750.jpg\" alt=\"\" width=\"1400\" height=\"750\"><\/figure><div class=\"wpex-carousel-entry-details entry-details wpex-boxed wpex-first-mt-0 wpex-last-mb-0 wpex-clr\"><div class=\"wpex-carousel-entry-title entry-title wpex-mb-5\">Wundersch\u00f6n renoviert<\/div><\/div><\/div><div class=\"wpex-carousel-slide\"><figure class=\"wpex-carousel-entry-media entry-media wpex-relative\"><img data-no-lazy=\"1\" class=\"wpex-align-middle skip-lazy\" src=\"https:\/\/www.deswaenhoeck.be\/wp-content\/uploads\/2022\/09\/P1200779-1-scaled-1400x750.jpg\" alt=\"\" width=\"1400\" height=\"750\"><\/figure><div class=\"wpex-carousel-entry-details entry-details wpex-boxed wpex-first-mt-0 wpex-last-mb-0 wpex-clr\"><div class=\"wpex-carousel-entry-title entry-title wpex-mb-5\">Mit Respekt vor der Vergangenheit<\/div><\/div><\/div><div class=\"wpex-carousel-slide\"><figure class=\"wpex-carousel-entry-media entry-media wpex-relative\"><img data-no-lazy=\"1\" class=\"wpex-align-middle skip-lazy\" src=\"https:\/\/www.deswaenhoeck.be\/wp-content\/uploads\/2022\/09\/P1360772-scaled-1400x750.jpg\" alt=\"\" width=\"1400\" height=\"750\"><\/figure><div class=\"wpex-carousel-entry-details entry-details wpex-boxed wpex-first-mt-0 wpex-last-mb-0 wpex-clr\"><div class=\"wpex-carousel-entry-title entry-title wpex-mb-5\">Wandern und Radfahren entlang des Damme Kanals<\/div><\/div><\/div><div class=\"wpex-carousel-slide\"><figure class=\"wpex-carousel-entry-media entry-media wpex-relative\"><img data-no-lazy=\"1\" class=\"wpex-align-middle skip-lazy\" src=\"https:\/\/www.deswaenhoeck.be\/wp-content\/uploads\/2022\/09\/Luchtfoto_1-1400x750.jpg\" alt=\"\" width=\"1400\" height=\"750\"><\/figure><div class=\"wpex-carousel-entry-details entry-details wpex-boxed wpex-first-mt-0 wpex-last-mb-0 wpex-clr\"><div class=\"wpex-carousel-entry-title entry-title wpex-mb-5\">Einen Schritt vom Golf- und Countryclub Damme entfernt<\/div><\/div><\/div><div class=\"wpex-carousel-slide\"><figure class=\"wpex-carousel-entry-media entry-media wpex-relative\"><img data-no-lazy=\"1\" class=\"wpex-align-middle skip-lazy\" src=\"https:\/\/www.deswaenhoeck.be\/wp-content\/uploads\/2022\/09\/P1000465-scaled-1400x750.jpg\" alt=\"\" width=\"1400\" height=\"750\"><\/figure><div class=\"wpex-carousel-entry-details entry-details wpex-boxed wpex-first-mt-0 wpex-last-mb-0 wpex-clr\"><div class=\"wpex-carousel-entry-title entry-title wpex-mb-5\">Authentische Charaktereigenschaft<\/div><\/div><\/div><div class=\"wpex-carousel-slide\"><figure class=\"wpex-carousel-entry-media entry-media wpex-relative\"><img data-no-lazy=\"1\" class=\"wpex-align-middle skip-lazy\" src=\"https:\/\/www.deswaenhoeck.be\/wp-content\/uploads\/2022\/09\/P1200780-1-scaled-1400x750.jpg\" alt=\"\" width=\"1400\" height=\"750\"><\/figure><div class=\"wpex-carousel-entry-details entry-details wpex-boxed wpex-first-mt-0 wpex-last-mb-0 wpex-clr\"><div class=\"wpex-carousel-entry-title entry-title wpex-mb-5\">Nat\u00fcrliche Materialien<\/div><\/div><\/div><div class=\"wpex-carousel-slide\"><figure class=\"wpex-carousel-entry-media entry-media wpex-relative\"><img data-no-lazy=\"1\" class=\"wpex-align-middle skip-lazy\" src=\"https:\/\/www.deswaenhoeck.be\/wp-content\/uploads\/2022\/09\/DSC_0099-scaled-1400x750.jpg\" alt=\"\" width=\"1400\" height=\"750\"><\/figure><div class=\"wpex-carousel-entry-details entry-details wpex-boxed wpex-first-mt-0 wpex-last-mb-0 wpex-clr\"><div class=\"wpex-carousel-entry-title entry-title wpex-mb-5\">Mit Liebe zur Natur<\/div><\/div><\/div><div class=\"wpex-carousel-slide\"><figure class=\"wpex-carousel-entry-media entry-media wpex-relative\"><img data-no-lazy=\"1\" class=\"wpex-align-middle skip-lazy\" src=\"https:\/\/www.deswaenhoeck.be\/wp-content\/uploads\/2022\/09\/DSC_0059-scaled-1400x750.jpg\" alt=\"\" width=\"1400\" height=\"750\"><\/figure><div class=\"wpex-carousel-entry-details entry-details wpex-boxed wpex-first-mt-0 wpex-last-mb-0 wpex-clr\"><div class=\"wpex-carousel-entry-title entry-title wpex-mb-5\">Spielen im gr\u00fcnen<\/div><\/div><\/div><div class=\"wpex-carousel-slide\"><figure class=\"wpex-carousel-entry-media entry-media wpex-relative\"><img data-no-lazy=\"1\" class=\"wpex-align-middle skip-lazy\" src=\"https:\/\/www.deswaenhoeck.be\/wp-content\/uploads\/2022\/09\/DSC_0156-scaled-1400x750.jpg\" alt=\"\" width=\"1400\" height=\"750\"><\/figure><div class=\"wpex-carousel-entry-details entry-details wpex-boxed wpex-first-mt-0 wpex-last-mb-0 wpex-clr\"><div class=\"wpex-carousel-entry-title entry-title wpex-mb-5\">Authentischer Charakter<\/div><\/div><\/div><div class=\"wpex-carousel-slide\"><figure class=\"wpex-carousel-entry-media entry-media wpex-relative\"><img data-no-lazy=\"1\" class=\"wpex-align-middle skip-lazy\" src=\"https:\/\/www.deswaenhoeck.be\/wp-content\/uploads\/2022\/09\/d58038cc-51d6-46c5-90e8-11ed1f91ed3e-1400x750.jpg\" alt=\"\" width=\"1400\" height=\"750\"><\/figure><div class=\"wpex-carousel-entry-details entry-details wpex-boxed wpex-first-mt-0 wpex-last-mb-0 wpex-clr\"><div class=\"wpex-carousel-entry-title entry-title wpex-mb-5\">Lust auf eine Partie Tischtennis?<\/div><\/div><\/div><div class=\"wpex-carousel-slide\"><figure class=\"wpex-carousel-entry-media entry-media wpex-relative\"><img data-no-lazy=\"1\" class=\"wpex-align-middle skip-lazy\" src=\"https:\/\/www.deswaenhoeck.be\/wp-content\/uploads\/2022\/09\/DSC_0144-scaled-1400x750.jpg\" alt=\"\" width=\"1400\" height=\"750\"><\/figure><div class=\"wpex-carousel-entry-details entry-details wpex-boxed wpex-first-mt-0 wpex-last-mb-0 wpex-clr\"><div class=\"wpex-carousel-entry-title entry-title wpex-mb-5\">Fr\u00f6hliches Golfen in gr\u00fcner Umgebung<\/div><\/div><\/div><div class=\"wpex-carousel-slide\"><figure class=\"wpex-carousel-entry-media entry-media wpex-relative\"><img data-no-lazy=\"1\" class=\"wpex-align-middle skip-lazy\" src=\"https:\/\/www.deswaenhoeck.be\/wp-content\/uploads\/2022\/09\/DSC_0110-scaled-1400x750.jpg\" alt=\"\" width=\"1400\" height=\"750\"><\/figure><div class=\"wpex-carousel-entry-details entry-details wpex-boxed wpex-first-mt-0 wpex-last-mb-0 wpex-clr\"><div class=\"wpex-carousel-entry-title entry-title wpex-mb-5\">Unsere Schafe auf der Wiese<\/div><\/div><\/div><\/div>[\/vc_column][\/vc_row][vc_row][vc_column width=&#8220;1\/2&#8243;]<style>.vcex-image.vcex_69e19aaac2477 .vcex-image-inner{max-width:90%;}<\/style><figure class=\"vcex-image vcex-module wpex-text-center vcex_69e19aaac2477\"><div class=\"vcex-image-inner wpex-relative wpex-inline-block\"><img width=\"2560\" height=\"1600\" src=\"https:\/\/www.deswaenhoeck.be\/wp-content\/uploads\/2022\/09\/DJI_0005-scaled.jpg\" class=\"vcex-image-img wpex-align-middle\" alt=\"\" loading=\"lazy\" decoding=\"async\" srcset=\"https:\/\/www.deswaenhoeck.be\/wp-content\/uploads\/2022\/09\/DJI_0005-scaled.jpg 2560w, https:\/\/www.deswaenhoeck.be\/wp-content\/uploads\/2022\/09\/DJI_0005-300x188.jpg 300w, https:\/\/www.deswaenhoeck.be\/wp-content\/uploads\/2022\/09\/DJI_0005-1024x640.jpg 1024w, https:\/\/www.deswaenhoeck.be\/wp-content\/uploads\/2022\/09\/DJI_0005-768x480.jpg 768w, https:\/\/www.deswaenhoeck.be\/wp-content\/uploads\/2022\/09\/DJI_0005-1536x960.jpg 1536w, https:\/\/www.deswaenhoeck.be\/wp-content\/uploads\/2022\/09\/DJI_0005-2048x1280.jpg 2048w\" sizes=\"auto, (max-width: 2560px) 100vw, 2560px\" \/><\/div><\/figure>[\/vc_column][vc_column width=&#8220;1\/2&#8243;]<h2 class=\"vcex-heading vcex-heading-plain vcex-module wpex-heading wpex-text-2xl wpex-h2\"><span class=\"vcex-heading-inner wpex-inline-block\">Eine lange Geschichte, kurz und b\u00fcndig...<\/span><\/h2>[vc_column_text]De Swaenhoeck&#8220; ist ein authentischer historischer, urspr\u00fcnglich ummauerter Bauernhofkomplex, dessen Geschichte und \u00e4ltester Kern auf das 16. bis 17. Jahrhundert zur\u00fcckgeht, mit einem Wohnstallhaus aus dem 18. Jahrhundert (vgl. Felddatum &#8222;1788&#8220; im Nordgiebel) und Nebengeb\u00e4ude stammen aus dem 19. Jahrhundert.[\/vc_column_text][\/vc_column][\/vc_row]\n<\/div>","protected":false},"excerpt":{"rendered":"<p>[vc_row][vc_column width=&#8220;1\/2&#8243;][vc_column_text]Unser Ferienhaus, mitten in der Polderlandschaft Br\u00fcgge-Ommeland gelegen, ist der ideale Aufenthaltsort f\u00fcr Wanderer, Radfahrer, Golfer oder einfach f\u00fcr alle, die das Leben genie\u00dfen. Nur einen Katzensprung von Damme entfernt, der perfekte Ausgangspunkt f\u00fcr eine Radtour zur K\u00fcste, nach Br\u00fcgge oder f\u00fcr einen entspannten Spaziergang auf einem der atemberaubenden Wanderwege. Die authentischen Bauernh\u00e4user blicken&hellip;<\/p>\n","protected":false},"author":1,"featured_media":0,"parent":0,"menu_order":0,"comment_status":"closed","ping_status":"closed","template":"","meta":{"footnotes":""},"class_list":["post-1248","page","type-page","status-publish","hentry","entry","no-media"],"_links":{"self":[{"href":"https:\/\/www.deswaenhoeck.be\/de\/wp-json\/wp\/v2\/pages\/1248","targetHints":{"allow":["GET"]}}],"collection":[{"href":"https:\/\/www.deswaenhoeck.be\/de\/wp-json\/wp\/v2\/pages"}],"about":[{"href":"https:\/\/www.deswaenhoeck.be\/de\/wp-json\/wp\/v2\/types\/page"}],"author":[{"embeddable":true,"href":"https:\/\/www.deswaenhoeck.be\/de\/wp-json\/wp\/v2\/users\/1"}],"replies":[{"embeddable":true,"href":"https:\/\/www.deswaenhoeck.be\/de\/wp-json\/wp\/v2\/comments?post=1248"}],"version-history":[{"count":5,"href":"https:\/\/www.deswaenhoeck.be\/de\/wp-json\/wp\/v2\/pages\/1248\/revisions"}],"predecessor-version":[{"id":1534,"href":"https:\/\/www.deswaenhoeck.be\/de\/wp-json\/wp\/v2\/pages\/1248\/revisions\/1534"}],"wp:attachment":[{"href":"https:\/\/www.deswaenhoeck.be\/de\/wp-json\/wp\/v2\/media?parent=1248"}],"curies":[{"name":"wp","href":"https:\/\/api.w.org\/{rel}","templated":true}]}}