{"id":1299,"date":"2022-09-21T08:52:12","date_gmt":"2022-09-21T08:52:12","guid":{"rendered":"https:\/\/www.deswaenhoeck.be\/die-immobilie\/land-und-delftshuys-12-personen\/"},"modified":"2022-10-07T13:49:05","modified_gmt":"2022-10-07T13:49:05","slug":"land-und-delftshuys-12-personen","status":"publish","type":"page","link":"https:\/\/www.deswaenhoeck.be\/de\/das-ferienhaus\/land-und-delftshuys-12-personen\/","title":{"rendered":"Land und Delftshuys (12 Personen)"},"content":{"rendered":"<div class=\"wpb-content-wrapper\">[vc_row][vc_column width=&#8220;1\/3&#8243;]<h2 class=\"vcex-heading vcex-heading-plain vcex-module wpex-heading wpex-text-2xl wpex-h2\"><span class=\"vcex-heading-inner wpex-inline-block\">Einrichtungen<\/span><\/h2><div class=\"vcex-module vcex-bullets vcex-bullets--vertical custom-icon\">\n<ul role=\"list\">\n<li><div class=\"vcex-bullets-ci-wrap wpex-inline-flex\"><span class=\"vcex-bullets-icon-wrap vcex-icon-wrap wpex-mr-10\"><span class=\"vcex-bullets-icon vcex-icon wpex-icon\" aria-hidden=\"true\"><svg xmlns=\"http:\/\/www.w3.org\/2000\/svg\" viewBox=\"0 0 448 512\"><path d=\"M64 80c-8.8 0-16 7.2-16 16V416c0 8.8 7.2 16 16 16H384c8.8 0 16-7.2 16-16V96c0-8.8-7.2-16-16-16H64zM0 96C0 60.7 28.7 32 64 32H384c35.3 0 64 28.7 64 64V416c0 35.3-28.7 64-64 64H64c-35.3 0-64-28.7-64-64V96zM337 209L209 337c-9.4 9.4-24.6 9.4-33.9 0l-64-64c-9.4-9.4-9.4-24.6 0-33.9s24.6-9.4 33.9 0l47 47L303 175c9.4-9.4 24.6-9.4 33.9 0s9.4 24.6 0 33.9z\"\/><\/svg><\/span><\/span><div class=\"vcex-content wpex-flex-grow\">Haus mit 6 Schlafzimmern, die Betten sind alle Komfortable-Boxspringbetten.<\/div><\/div><\/li>\n<li><div class=\"vcex-bullets-ci-wrap wpex-inline-flex\"><span class=\"vcex-bullets-icon-wrap vcex-icon-wrap wpex-mr-10\"><span class=\"vcex-bullets-icon vcex-icon wpex-icon\" aria-hidden=\"true\"><svg xmlns=\"http:\/\/www.w3.org\/2000\/svg\" viewBox=\"0 0 448 512\"><path d=\"M64 80c-8.8 0-16 7.2-16 16V416c0 8.8 7.2 16 16 16H384c8.8 0 16-7.2 16-16V96c0-8.8-7.2-16-16-16H64zM0 96C0 60.7 28.7 32 64 32H384c35.3 0 64 28.7 64 64V416c0 35.3-28.7 64-64 64H64c-35.3 0-64-28.7-64-64V96zM337 209L209 337c-9.4 9.4-24.6 9.4-33.9 0l-64-64c-9.4-9.4-9.4-24.6 0-33.9s24.6-9.4 33.9 0l47 47L303 175c9.4-9.4 24.6-9.4 33.9 0s9.4 24.6 0 33.9z\"\/><\/svg><\/span><\/span><div class=\"vcex-content wpex-flex-grow\">1 Schlafsofa f\u00fcr eventuell 2 Kinder<\/div><\/div><\/li>\n<li><div class=\"vcex-bullets-ci-wrap wpex-inline-flex\"><span class=\"vcex-bullets-icon-wrap vcex-icon-wrap wpex-mr-10\"><span class=\"vcex-bullets-icon vcex-icon wpex-icon\" aria-hidden=\"true\"><svg xmlns=\"http:\/\/www.w3.org\/2000\/svg\" viewBox=\"0 0 448 512\"><path d=\"M64 80c-8.8 0-16 7.2-16 16V416c0 8.8 7.2 16 16 16H384c8.8 0 16-7.2 16-16V96c0-8.8-7.2-16-16-16H64zM0 96C0 60.7 28.7 32 64 32H384c35.3 0 64 28.7 64 64V416c0 35.3-28.7 64-64 64H64c-35.3 0-64-28.7-64-64V96zM337 209L209 337c-9.4 9.4-24.6 9.4-33.9 0l-64-64c-9.4-9.4-9.4-24.6 0-33.9s24.6-9.4 33.9 0l47 47L303 175c9.4-9.4 24.6-9.4 33.9 0s9.4 24.6 0 33.9z\"\/><\/svg><\/span><\/span><div class=\"vcex-content wpex-flex-grow\">3 B\u00e4der und 3 Toiletten<\/div><\/div><\/li>\n<li><div class=\"vcex-bullets-ci-wrap wpex-inline-flex\"><span class=\"vcex-bullets-icon-wrap vcex-icon-wrap wpex-mr-10\"><span class=\"vcex-bullets-icon vcex-icon wpex-icon\" aria-hidden=\"true\"><svg xmlns=\"http:\/\/www.w3.org\/2000\/svg\" viewBox=\"0 0 448 512\"><path d=\"M64 80c-8.8 0-16 7.2-16 16V416c0 8.8 7.2 16 16 16H384c8.8 0 16-7.2 16-16V96c0-8.8-7.2-16-16-16H64zM0 96C0 60.7 28.7 32 64 32H384c35.3 0 64 28.7 64 64V416c0 35.3-28.7 64-64 64H64c-35.3 0-64-28.7-64-64V96zM337 209L209 337c-9.4 9.4-24.6 9.4-33.9 0l-64-64c-9.4-9.4-9.4-24.6 0-33.9s24.6-9.4 33.9 0l47 47L303 175c9.4-9.4 24.6-9.4 33.9 0s9.4 24.6 0 33.9z\"\/><\/svg><\/span><\/span><div class=\"vcex-content wpex-flex-grow\">Gro\u00dfer Herd mit gro\u00dfem Esstisch f\u00fcr 12 Personen.<\/div><\/div><\/li>\n<li><div class=\"vcex-bullets-ci-wrap wpex-inline-flex\"><span class=\"vcex-bullets-icon-wrap vcex-icon-wrap wpex-mr-10\"><span class=\"vcex-bullets-icon vcex-icon wpex-icon\" aria-hidden=\"true\"><svg xmlns=\"http:\/\/www.w3.org\/2000\/svg\" viewBox=\"0 0 448 512\"><path d=\"M64 80c-8.8 0-16 7.2-16 16V416c0 8.8 7.2 16 16 16H384c8.8 0 16-7.2 16-16V96c0-8.8-7.2-16-16-16H64zM0 96C0 60.7 28.7 32 64 32H384c35.3 0 64 28.7 64 64V416c0 35.3-28.7 64-64 64H64c-35.3 0-64-28.7-64-64V96zM337 209L209 337c-9.4 9.4-24.6 9.4-33.9 0l-64-64c-9.4-9.4-9.4-24.6 0-33.9s24.6-9.4 33.9 0l47 47L303 175c9.4-9.4 24.6-9.4 33.9 0s9.4 24.6 0 33.9z\"\/><\/svg><\/span><\/span><div class=\"vcex-content wpex-flex-grow\">1 gro\u00dfes und 1 kleines Wohnzimmer.<\/div><\/div><\/li>\n<li><div class=\"vcex-bullets-ci-wrap wpex-inline-flex\"><span class=\"vcex-bullets-icon-wrap vcex-icon-wrap wpex-mr-10\"><span class=\"vcex-bullets-icon vcex-icon wpex-icon\" aria-hidden=\"true\"><svg xmlns=\"http:\/\/www.w3.org\/2000\/svg\" viewBox=\"0 0 448 512\"><path d=\"M64 80c-8.8 0-16 7.2-16 16V416c0 8.8 7.2 16 16 16H384c8.8 0 16-7.2 16-16V96c0-8.8-7.2-16-16-16H64zM0 96C0 60.7 28.7 32 64 32H384c35.3 0 64 28.7 64 64V416c0 35.3-28.7 64-64 64H64c-35.3 0-64-28.7-64-64V96zM337 209L209 337c-9.4 9.4-24.6 9.4-33.9 0l-64-64c-9.4-9.4-9.4-24.6 0-33.9s24.6-9.4 33.9 0l47 47L303 175c9.4-9.4 24.6-9.4 33.9 0s9.4 24.6 0 33.9z\"\/><\/svg><\/span><\/span><div class=\"vcex-content wpex-flex-grow\">Gro\u00dfer Garten mit Gartenm\u00f6beln<\/div><\/div><\/li>\n<li><div class=\"vcex-bullets-ci-wrap wpex-inline-flex\"><span class=\"vcex-bullets-icon-wrap vcex-icon-wrap wpex-mr-10\"><span class=\"vcex-bullets-icon vcex-icon wpex-icon\" aria-hidden=\"true\"><svg xmlns=\"http:\/\/www.w3.org\/2000\/svg\" viewBox=\"0 0 448 512\"><path d=\"M64 80c-8.8 0-16 7.2-16 16V416c0 8.8 7.2 16 16 16H384c8.8 0 16-7.2 16-16V96c0-8.8-7.2-16-16-16H64zM0 96C0 60.7 28.7 32 64 32H384c35.3 0 64 28.7 64 64V416c0 35.3-28.7 64-64 64H64c-35.3 0-64-28.7-64-64V96zM337 209L209 337c-9.4 9.4-24.6 9.4-33.9 0l-64-64c-9.4-9.4-9.4-24.6 0-33.9s24.6-9.4 33.9 0l47 47L303 175c9.4-9.4 24.6-9.4 33.9 0s9.4 24.6 0 33.9z\"\/><\/svg><\/span><\/span><div class=\"vcex-content wpex-flex-grow\">Tischtennisplatte<\/div><\/div><\/li>\n<\/ul>\n<\/div><div class=\"vcex-spacing wpex-w-100 wpex-clear\"><\/div><a href=\"https:\/\/reservations.cubilis.eu\/be\/de-swaenhoeck-damme\" class=\"vcex-button theme-button inline\" target=\"_blank\" rel=\"noopener noreferrer\"><span class=\"vcex-button-inner theme-button-inner wpex-flex wpex-flex-wrap wpex-items-center wpex-justify-center\">Mieten Sie das gesamte Ensemble ( Land und Delftshuys ) zusammen f\u00fcr bis zu 12 personen.<\/span><\/a> [\/vc_column][vc_column width=&#8220;2\/3&#8243;]<div class=\"wpex-post-cards wpex-post-cards-template_441 wpex-relative\"><div class=\"wpex-post-cards-inner\"><div class=\"wpex-post-cards-loop wpex-post-cards-grid wpex-row wpex-clr\"><div class=\"wpex-post-cards-entry col col-1 span_1_of_2 post-1267 type-page\"><div class=\"wpex-card wpex-card-template_441\"><a href=\"https:\/\/www.deswaenhoeck.be\/de\/das-ferienhaus\/landhuys\/\" aria-label=\"Landhuys\" class=\"wpex-card-inner wpex-no-underline wpex-inherit-color\"><div class=\"vc_row wpb_row vc_row-fluid wpex-relative\"><div class=\"wpb_column vc_column_container vc_col-sm-12\"><div class=\"vc_column-inner\"><div class=\"wpb_wrapper\"><h3 class=\"vcex-heading vcex-heading-plain vcex-module wpex-heading wpex-text-2xl wpex-h3\"><span class=\"vcex-heading-inner wpex-inline-block\">Landhuys<\/span><\/h3><figure class=\"vcex-image vcex-module room\"><div class=\"vcex-image-inner wpex-relative wpex-inline-block\"><img loading=\"lazy\" class=\"vcex-image-img wpex-align-middle\" decoding=\"async\" src=\"https:\/\/www.deswaenhoeck.be\/wp-content\/uploads\/2022\/09\/001-2-600x400.jpg\" alt=\"\" width=\"600\" height=\"400\"><\/div><\/figure><div class=\"vcex-spacing wpex-w-100 wpex-clear\"><\/div><span href=\"https:\/\/www.deswaenhoeck.be\/de\/das-ferienhaus\/landhuys\/\" class=\"vcex-button theme-button inline\"><span class=\"vcex-button-inner theme-button-inner wpex-flex wpex-flex-wrap wpex-items-center wpex-justify-center\">Jetzt entdecken<\/span><\/span> <\/div><\/div><\/div><\/div>\r\n<\/a><\/div><\/div><div class=\"wpex-post-cards-entry col col-2 span_1_of_2 post-1263 type-page\"><div class=\"wpex-card wpex-card-template_441\"><a href=\"https:\/\/www.deswaenhoeck.be\/de\/das-ferienhaus\/delftshuys\/\" aria-label=\"Delftshuys\" class=\"wpex-card-inner wpex-no-underline wpex-inherit-color\"><div class=\"vc_row wpb_row vc_row-fluid wpex-relative\"><div class=\"wpb_column vc_column_container vc_col-sm-12\"><div class=\"vc_column-inner\"><div class=\"wpb_wrapper\"><h3 class=\"vcex-heading vcex-heading-plain vcex-module wpex-heading wpex-text-2xl wpex-h3\"><span class=\"vcex-heading-inner wpex-inline-block\">Delftshuys<\/span><\/h3><figure class=\"vcex-image vcex-module room\"><div class=\"vcex-image-inner wpex-relative wpex-inline-block\"><img loading=\"lazy\" class=\"vcex-image-img wpex-align-middle\" decoding=\"async\" src=\"https:\/\/www.deswaenhoeck.be\/wp-content\/uploads\/2022\/09\/006-600x400.jpg\" alt=\"\" width=\"600\" height=\"400\"><\/div><\/figure><div class=\"vcex-spacing wpex-w-100 wpex-clear\"><\/div><span href=\"https:\/\/www.deswaenhoeck.be\/de\/das-ferienhaus\/delftshuys\/\" class=\"vcex-button theme-button inline\"><span class=\"vcex-button-inner theme-button-inner wpex-flex wpex-flex-wrap wpex-items-center wpex-justify-center\">Jetzt entdecken<\/span><\/span> <\/div><\/div><\/div><\/div>\r\n<\/a><\/div><\/div><\/div><\/div><\/div>[\/vc_column][\/vc_row]\n<\/div>","protected":false},"excerpt":{"rendered":"Einrichtungen 4 Erwachsene (eventuell + 2 Kinder) leben 2 ger\u00e4umige Schlafzimmer mit Komfortable Boxspringbetten 1 Schlafsofa f\u00fcr 2 Kinder 1 Badezimmer separate Toilette voll ausgestattete offene K\u00fcche mit Wohn-und Essbereich Buchen Sie jetzt das Bauernhaus Delft","protected":false},"author":1,"featured_media":1181,"parent":1238,"menu_order":10,"comment_status":"closed","ping_status":"closed","template":"","meta":{"footnotes":""},"class_list":["post-1299","page","type-page","status-publish","has-post-thumbnail","hentry","entry","no-media"],"_links":{"self":[{"href":"https:\/\/www.deswaenhoeck.be\/de\/wp-json\/wp\/v2\/pages\/1299","targetHints":{"allow":["GET"]}}],"collection":[{"href":"https:\/\/www.deswaenhoeck.be\/de\/wp-json\/wp\/v2\/pages"}],"about":[{"href":"https:\/\/www.deswaenhoeck.be\/de\/wp-json\/wp\/v2\/types\/page"}],"author":[{"embeddable":true,"href":"https:\/\/www.deswaenhoeck.be\/de\/wp-json\/wp\/v2\/users\/1"}],"replies":[{"embeddable":true,"href":"https:\/\/www.deswaenhoeck.be\/de\/wp-json\/wp\/v2\/comments?post=1299"}],"version-history":[{"count":5,"href":"https:\/\/www.deswaenhoeck.be\/de\/wp-json\/wp\/v2\/pages\/1299\/revisions"}],"predecessor-version":[{"id":1525,"href":"https:\/\/www.deswaenhoeck.be\/de\/wp-json\/wp\/v2\/pages\/1299\/revisions\/1525"}],"up":[{"embeddable":true,"href":"https:\/\/www.deswaenhoeck.be\/de\/wp-json\/wp\/v2\/pages\/1238"}],"wp:featuredmedia":[{"embeddable":true,"href":"https:\/\/www.deswaenhoeck.be\/de\/wp-json\/wp\/v2\/media\/1181"}],"wp:attachment":[{"href":"https:\/\/www.deswaenhoeck.be\/de\/wp-json\/wp\/v2\/media?parent=1299"}],"curies":[{"name":"wp","href":"https:\/\/api.w.org\/{rel}","templated":true}]}}