{"id":29013,"date":"2025-12-01T09:32:07","date_gmt":"2025-12-01T08:32:07","guid":{"rendered":"https:\/\/www.deswaenhoeck.be\/?page_id=29013"},"modified":"2025-12-01T10:43:50","modified_gmt":"2025-12-01T09:43:50","slug":"haufig-gestellte-fragen","status":"publish","type":"page","link":"https:\/\/www.deswaenhoeck.be\/de\/haufig-gestellte-fragen\/","title":{"rendered":"H\u00e4ufig gestellte Fragen"},"content":{"rendered":"<div class=\"wpb-content-wrapper\">[vc_row offset_overlay_header=&#8220;yes&#8220;][vc_column width=&#8220;1\/2&#8243;]<style>.vcex-toggle-group.vcex_69f1e35fd5ef4 .vcex-toggle__heading{font-weight:700;}<\/style><div class=\"vcex-toggle-group vcex-toggle-group--w-borders vcex-module wpex-mx-auto vcex_69f1e35fd5ef4\" data-vcex-accordion=\"1\"><div class=\"vcex-toggle vcex-module\" data-animate=\"true\" data-duration=\"300\" itemscope=\"itemscope\" itemprop=\"mainEntity\" itemtype=\"https:\/\/schema.org\/Question\"><div class=\"vcex-toggle__heading\"><a href=\"#was-ist-de-swaenhoeck\" class=\"vcex-toggle__trigger wpex-transition-colors wpex-flex wpex-items-center wpex-gap-10\" aria-expanded=\"false\" aria-controls=\"was-ist-de-swaenhoeck\"><div class=\"vcex-toggle__icon wpex-flex wpex-items-center wpex-justify-center\" aria-hidden=\"true\"><div class=\"vcex-toggle__icon-open wpex-flex wpex-flex-col wpex-items-center\"><svg xmlns=\"http:\/\/www.w3.org\/2000\/svg\" height=\"1.5em\" viewBox=\"0 0 24 24\" width=\"1.5em\" fill=\"currentColor\" class=\"vcex-toggle__icon-open\"><path d=\"M0 0h24v24H0V0z\" fill=\"none\"\/><path d=\"M19 13h-6v6h-2v-6H5v-2h6V5h2v6h6v2z\"\/><\/svg><\/div><div class=\"vcex-toggle__icon-close wpex-flex wpex-flex-col wpex-items-center\"><svg xmlns=\"http:\/\/www.w3.org\/2000\/svg\" height=\"1.5em\" viewBox=\"0 0 24 24\" width=\"1.5em\" fill=\"currentColor\" class=\"vcex-toggle__icon-close\"><path d=\"M0 0h24v24H0V0z\" fill=\"none\"\/><path d=\"M19 13H5v-2h14v2z\"\/><\/svg><\/div><\/div><div class=\"vcex-toggle__title\" itemprop=\"name\">Was ist De Swaenhoeck?<\/div><\/a><\/div><div id=\"was-ist-de-swaenhoeck\" class=\"vcex-toggle__content wpex-clr wpex-last-mb-0 wpex-my-10\" itemscope itemprop=\"acceptedAnswer\" itemtype=\"https:\/\/schema.org\/Answer\"><div itemprop=\"text\"><p>Swaenhoeck ist ein historischer Bauernhofkomplex in Damme mit luxuri\u00f6sen Ferienh\u00e4usern f\u00fcr 4 bis 20 Personen f\u00fcr Familien und Gruppen, umgeben von Poldernatur.<\/p>\n<\/div><\/div><\/div> <div class=\"vcex-toggle vcex-module\" data-animate=\"true\" data-duration=\"300\" itemscope=\"itemscope\" itemprop=\"mainEntity\" itemtype=\"https:\/\/schema.org\/Question\"><div class=\"vcex-toggle__heading\"><a href=\"#wo-genau-befindet-sich-de-swaenhoeck\" class=\"vcex-toggle__trigger wpex-transition-colors wpex-flex wpex-items-center wpex-gap-10\" aria-expanded=\"false\" aria-controls=\"wo-genau-befindet-sich-de-swaenhoeck\"><div class=\"vcex-toggle__icon wpex-flex wpex-items-center wpex-justify-center\" aria-hidden=\"true\"><div class=\"vcex-toggle__icon-open wpex-flex wpex-flex-col wpex-items-center\"><svg xmlns=\"http:\/\/www.w3.org\/2000\/svg\" height=\"1.5em\" viewBox=\"0 0 24 24\" width=\"1.5em\" fill=\"currentColor\" class=\"vcex-toggle__icon-open\"><path d=\"M0 0h24v24H0V0z\" fill=\"none\"\/><path d=\"M19 13h-6v6h-2v-6H5v-2h6V5h2v6h6v2z\"\/><\/svg><\/div><div class=\"vcex-toggle__icon-close wpex-flex wpex-flex-col wpex-items-center\"><svg xmlns=\"http:\/\/www.w3.org\/2000\/svg\" height=\"1.5em\" viewBox=\"0 0 24 24\" width=\"1.5em\" fill=\"currentColor\" class=\"vcex-toggle__icon-close\"><path d=\"M0 0h24v24H0V0z\" fill=\"none\"\/><path d=\"M19 13H5v-2h14v2z\"\/><\/svg><\/div><\/div><div class=\"vcex-toggle__title\" itemprop=\"name\">Wo genau befindet sich De Swaenhoeck?<\/div><\/a><\/div><div id=\"wo-genau-befindet-sich-de-swaenhoeck\" class=\"vcex-toggle__content wpex-clr wpex-last-mb-0 wpex-my-10\" itemscope itemprop=\"acceptedAnswer\" itemtype=\"https:\/\/schema.org\/Answer\"><div itemprop=\"text\"><p>Das Swaenhoeck befindet sich in Damme, in der N\u00e4he von Br\u00fcgge und der belgischen K\u00fcste, im friedlichen Br\u00fcgger Ommeland und am Golf von Damme.<\/p>\n<\/div><\/div><\/div> <div class=\"vcex-toggle vcex-module\" data-animate=\"true\" data-duration=\"300\" itemscope=\"itemscope\" itemprop=\"mainEntity\" itemtype=\"https:\/\/schema.org\/Question\"><div class=\"vcex-toggle__heading\"><a href=\"#fr-wie-viele-personen-sind-die-ferienhuser-geeignet\" class=\"vcex-toggle__trigger wpex-transition-colors wpex-flex wpex-items-center wpex-gap-10\" aria-expanded=\"false\" aria-controls=\"fr-wie-viele-personen-sind-die-ferienhuser-geeignet\"><div class=\"vcex-toggle__icon wpex-flex wpex-items-center wpex-justify-center\" aria-hidden=\"true\"><div class=\"vcex-toggle__icon-open wpex-flex wpex-flex-col wpex-items-center\"><svg xmlns=\"http:\/\/www.w3.org\/2000\/svg\" height=\"1.5em\" viewBox=\"0 0 24 24\" width=\"1.5em\" fill=\"currentColor\" class=\"vcex-toggle__icon-open\"><path d=\"M0 0h24v24H0V0z\" fill=\"none\"\/><path d=\"M19 13h-6v6h-2v-6H5v-2h6V5h2v6h6v2z\"\/><\/svg><\/div><div class=\"vcex-toggle__icon-close wpex-flex wpex-flex-col wpex-items-center\"><svg xmlns=\"http:\/\/www.w3.org\/2000\/svg\" height=\"1.5em\" viewBox=\"0 0 24 24\" width=\"1.5em\" fill=\"currentColor\" class=\"vcex-toggle__icon-close\"><path d=\"M0 0h24v24H0V0z\" fill=\"none\"\/><path d=\"M19 13H5v-2h14v2z\"\/><\/svg><\/div><\/div><div class=\"vcex-toggle__title\" itemprop=\"name\">F\u00fcr wie viele Personen sind die Ferienh\u00e4user geeignet?<\/div><\/a><\/div><div id=\"fr-wie-viele-personen-sind-die-ferienhuser-geeignet\" class=\"vcex-toggle__content wpex-clr wpex-last-mb-0 wpex-my-10\" itemscope itemprop=\"acceptedAnswer\" itemtype=\"https:\/\/schema.org\/Answer\"><div itemprop=\"text\"><p>De Swaenhoeck bietet Unterk\u00fcnfte f\u00fcr 4 bis 20 Personen, ideal f\u00fcr Familien, Freunde, Rad- und Wandergruppen.<\/p>\n<\/div><\/div><\/div> <div class=\"vcex-toggle vcex-module\" data-animate=\"true\" data-duration=\"300\" itemscope=\"itemscope\" itemprop=\"mainEntity\" itemtype=\"https:\/\/schema.org\/Question\"><div class=\"vcex-toggle__heading\"><a href=\"#ist-de-swaenhoeck-eine-kinderfreundliche-unterkunft\" class=\"vcex-toggle__trigger wpex-transition-colors wpex-flex wpex-items-center wpex-gap-10\" aria-expanded=\"false\" aria-controls=\"ist-de-swaenhoeck-eine-kinderfreundliche-unterkunft\"><div class=\"vcex-toggle__icon wpex-flex wpex-items-center wpex-justify-center\" aria-hidden=\"true\"><div class=\"vcex-toggle__icon-open wpex-flex wpex-flex-col wpex-items-center\"><svg xmlns=\"http:\/\/www.w3.org\/2000\/svg\" height=\"1.5em\" viewBox=\"0 0 24 24\" width=\"1.5em\" fill=\"currentColor\" class=\"vcex-toggle__icon-open\"><path d=\"M0 0h24v24H0V0z\" fill=\"none\"\/><path d=\"M19 13h-6v6h-2v-6H5v-2h6V5h2v6h6v2z\"\/><\/svg><\/div><div class=\"vcex-toggle__icon-close wpex-flex wpex-flex-col wpex-items-center\"><svg xmlns=\"http:\/\/www.w3.org\/2000\/svg\" height=\"1.5em\" viewBox=\"0 0 24 24\" width=\"1.5em\" fill=\"currentColor\" class=\"vcex-toggle__icon-close\"><path d=\"M0 0h24v24H0V0z\" fill=\"none\"\/><path d=\"M19 13H5v-2h14v2z\"\/><\/svg><\/div><\/div><div class=\"vcex-toggle__title\" itemprop=\"name\">Ist De Swaenhoeck eine kinderfreundliche Unterkunft?<\/div><\/a><\/div><div id=\"ist-de-swaenhoeck-eine-kinderfreundliche-unterkunft\" class=\"vcex-toggle__content wpex-clr wpex-last-mb-0 wpex-my-10\" itemscope itemprop=\"acceptedAnswer\" itemtype=\"https:\/\/schema.org\/Answer\"><div itemprop=\"text\"><p>Ja, mit Spielplatz, Tischtennisplatte, Schaukel, Tieren und sicherer gr\u00fcner Umgebung ist es ideal f\u00fcr Kinder.<\/p>\n<\/div><\/div><\/div> <div class=\"vcex-toggle vcex-module\" data-animate=\"true\" data-duration=\"300\" itemscope=\"itemscope\" itemprop=\"mainEntity\" itemtype=\"https:\/\/schema.org\/Question\"><div class=\"vcex-toggle__heading\"><a href=\"#sind-die-ferienhuser-fr-rollstuhlfahrer-zugnglich\" class=\"vcex-toggle__trigger wpex-transition-colors wpex-flex wpex-items-center wpex-gap-10\" aria-expanded=\"false\" aria-controls=\"sind-die-ferienhuser-fr-rollstuhlfahrer-zugnglich\"><div class=\"vcex-toggle__icon wpex-flex wpex-items-center wpex-justify-center\" aria-hidden=\"true\"><div class=\"vcex-toggle__icon-open wpex-flex wpex-flex-col wpex-items-center\"><svg xmlns=\"http:\/\/www.w3.org\/2000\/svg\" height=\"1.5em\" viewBox=\"0 0 24 24\" width=\"1.5em\" fill=\"currentColor\" class=\"vcex-toggle__icon-open\"><path d=\"M0 0h24v24H0V0z\" fill=\"none\"\/><path d=\"M19 13h-6v6h-2v-6H5v-2h6V5h2v6h6v2z\"\/><\/svg><\/div><div class=\"vcex-toggle__icon-close wpex-flex wpex-flex-col wpex-items-center\"><svg xmlns=\"http:\/\/www.w3.org\/2000\/svg\" height=\"1.5em\" viewBox=\"0 0 24 24\" width=\"1.5em\" fill=\"currentColor\" class=\"vcex-toggle__icon-close\"><path d=\"M0 0h24v24H0V0z\" fill=\"none\"\/><path d=\"M19 13H5v-2h14v2z\"\/><\/svg><\/div><\/div><div class=\"vcex-toggle__title\" itemprop=\"name\">Sind die Ferienh\u00e4user f\u00fcr Rollstuhlfahrer zug\u00e4nglich?<\/div><\/a><\/div><div id=\"sind-die-ferienhuser-fr-rollstuhlfahrer-zugnglich\" class=\"vcex-toggle__content wpex-clr wpex-last-mb-0 wpex-my-10\" itemscope itemprop=\"acceptedAnswer\" itemtype=\"https:\/\/schema.org\/Answer\"><div itemprop=\"text\"><p>Einige Zimmer sind ebenerdig und barrierefrei &#8211; bitte erkundigen Sie sich nach speziellen Bed\u00fcrfnissen.<\/p>\n<\/div><\/div><\/div> <div class=\"vcex-toggle vcex-module\" data-animate=\"true\" data-duration=\"300\" itemscope=\"itemscope\" itemprop=\"mainEntity\" itemtype=\"https:\/\/schema.org\/Question\"><div class=\"vcex-toggle__heading\"><a href=\"#welche-einrichtungen-sind-inbegriffen\" class=\"vcex-toggle__trigger wpex-transition-colors wpex-flex wpex-items-center wpex-gap-10\" aria-expanded=\"false\" aria-controls=\"welche-einrichtungen-sind-inbegriffen\"><div class=\"vcex-toggle__icon wpex-flex wpex-items-center wpex-justify-center\" aria-hidden=\"true\"><div class=\"vcex-toggle__icon-open wpex-flex wpex-flex-col wpex-items-center\"><svg xmlns=\"http:\/\/www.w3.org\/2000\/svg\" height=\"1.5em\" viewBox=\"0 0 24 24\" width=\"1.5em\" fill=\"currentColor\" class=\"vcex-toggle__icon-open\"><path d=\"M0 0h24v24H0V0z\" fill=\"none\"\/><path d=\"M19 13h-6v6h-2v-6H5v-2h6V5h2v6h6v2z\"\/><\/svg><\/div><div class=\"vcex-toggle__icon-close wpex-flex wpex-flex-col wpex-items-center\"><svg xmlns=\"http:\/\/www.w3.org\/2000\/svg\" height=\"1.5em\" viewBox=\"0 0 24 24\" width=\"1.5em\" fill=\"currentColor\" class=\"vcex-toggle__icon-close\"><path d=\"M0 0h24v24H0V0z\" fill=\"none\"\/><path d=\"M19 13H5v-2h14v2z\"\/><\/svg><\/div><\/div><div class=\"vcex-toggle__title\" itemprop=\"name\">Welche Einrichtungen sind inbegriffen?<\/div><\/a><\/div><div id=\"welche-einrichtungen-sind-inbegriffen\" class=\"vcex-toggle__content wpex-clr wpex-last-mb-0 wpex-my-10\" itemscope itemprop=\"acceptedAnswer\" itemtype=\"https:\/\/schema.org\/Answer\"><div itemprop=\"text\"><p>Moderne K\u00fcchen, Wifi, TV, Garten, Grill, Spielm\u00f6glichkeiten und kostenlose Parkpl\u00e4tze.<\/p>\n<\/div><\/div><\/div> <div class=\"vcex-toggle vcex-module\" data-animate=\"true\" data-duration=\"300\" itemscope=\"itemscope\" itemprop=\"mainEntity\" itemtype=\"https:\/\/schema.org\/Question\"><div class=\"vcex-toggle__heading\"><a href=\"#sind-haustiere-erlaubt\" class=\"vcex-toggle__trigger wpex-transition-colors wpex-flex wpex-items-center wpex-gap-10\" aria-expanded=\"false\" aria-controls=\"sind-haustiere-erlaubt\"><div class=\"vcex-toggle__icon wpex-flex wpex-items-center wpex-justify-center\" aria-hidden=\"true\"><div class=\"vcex-toggle__icon-open wpex-flex wpex-flex-col wpex-items-center\"><svg xmlns=\"http:\/\/www.w3.org\/2000\/svg\" height=\"1.5em\" viewBox=\"0 0 24 24\" width=\"1.5em\" fill=\"currentColor\" class=\"vcex-toggle__icon-open\"><path d=\"M0 0h24v24H0V0z\" fill=\"none\"\/><path d=\"M19 13h-6v6h-2v-6H5v-2h6V5h2v6h6v2z\"\/><\/svg><\/div><div class=\"vcex-toggle__icon-close wpex-flex wpex-flex-col wpex-items-center\"><svg xmlns=\"http:\/\/www.w3.org\/2000\/svg\" height=\"1.5em\" viewBox=\"0 0 24 24\" width=\"1.5em\" fill=\"currentColor\" class=\"vcex-toggle__icon-close\"><path d=\"M0 0h24v24H0V0z\" fill=\"none\"\/><path d=\"M19 13H5v-2h14v2z\"\/><\/svg><\/div><\/div><div class=\"vcex-toggle__title\" itemprop=\"name\">Sind Haustiere erlaubt?<\/div><\/a><\/div><div id=\"sind-haustiere-erlaubt\" class=\"vcex-toggle__content wpex-clr wpex-last-mb-0 wpex-my-10\" itemscope itemprop=\"acceptedAnswer\" itemtype=\"https:\/\/schema.org\/Answer\"><div itemprop=\"text\"><p>Erkundigen Sie sich bei der Buchung nach den Optionen f\u00fcr jede Unterkunft.<\/p>\n<\/div><\/div><\/div> <div class=\"vcex-toggle vcex-module\" data-animate=\"true\" data-duration=\"300\" itemscope=\"itemscope\" itemprop=\"mainEntity\" itemtype=\"https:\/\/schema.org\/Question\"><div class=\"vcex-toggle__heading\"><a href=\"#kann-ich-in-letzter-minute-buchen\" class=\"vcex-toggle__trigger wpex-transition-colors wpex-flex wpex-items-center wpex-gap-10\" aria-expanded=\"false\" aria-controls=\"kann-ich-in-letzter-minute-buchen\"><div class=\"vcex-toggle__icon wpex-flex wpex-items-center wpex-justify-center\" aria-hidden=\"true\"><div class=\"vcex-toggle__icon-open wpex-flex wpex-flex-col wpex-items-center\"><svg xmlns=\"http:\/\/www.w3.org\/2000\/svg\" height=\"1.5em\" viewBox=\"0 0 24 24\" width=\"1.5em\" fill=\"currentColor\" class=\"vcex-toggle__icon-open\"><path d=\"M0 0h24v24H0V0z\" fill=\"none\"\/><path d=\"M19 13h-6v6h-2v-6H5v-2h6V5h2v6h6v2z\"\/><\/svg><\/div><div class=\"vcex-toggle__icon-close wpex-flex wpex-flex-col wpex-items-center\"><svg xmlns=\"http:\/\/www.w3.org\/2000\/svg\" height=\"1.5em\" viewBox=\"0 0 24 24\" width=\"1.5em\" fill=\"currentColor\" class=\"vcex-toggle__icon-close\"><path d=\"M0 0h24v24H0V0z\" fill=\"none\"\/><path d=\"M19 13H5v-2h14v2z\"\/><\/svg><\/div><\/div><div class=\"vcex-toggle__title\" itemprop=\"name\">Kann ich in letzter Minute buchen?<\/div><\/a><\/div><div id=\"kann-ich-in-letzter-minute-buchen\" class=\"vcex-toggle__content wpex-clr wpex-last-mb-0 wpex-my-10\" itemscope itemprop=\"acceptedAnswer\" itemtype=\"https:\/\/schema.org\/Answer\"><div itemprop=\"text\"><p>Ja, wenn verf\u00fcgbar &#8211; kontaktieren Sie uns f\u00fcr aktuelle Last-Minute-Angebote.<\/p>\n<\/div><\/div><\/div> <div class=\"vcex-toggle vcex-module\" data-animate=\"true\" data-duration=\"300\" itemscope=\"itemscope\" itemprop=\"mainEntity\" itemtype=\"https:\/\/schema.org\/Question\"><div class=\"vcex-toggle__heading\"><a href=\"#ist-wifi-in-de-swaenhoeck-verfgbar\" class=\"vcex-toggle__trigger wpex-transition-colors wpex-flex wpex-items-center wpex-gap-10\" aria-expanded=\"false\" aria-controls=\"ist-wifi-in-de-swaenhoeck-verfgbar\"><div class=\"vcex-toggle__icon wpex-flex wpex-items-center wpex-justify-center\" aria-hidden=\"true\"><div class=\"vcex-toggle__icon-open wpex-flex wpex-flex-col wpex-items-center\"><svg xmlns=\"http:\/\/www.w3.org\/2000\/svg\" height=\"1.5em\" viewBox=\"0 0 24 24\" width=\"1.5em\" fill=\"currentColor\" class=\"vcex-toggle__icon-open\"><path d=\"M0 0h24v24H0V0z\" fill=\"none\"\/><path d=\"M19 13h-6v6h-2v-6H5v-2h6V5h2v6h6v2z\"\/><\/svg><\/div><div class=\"vcex-toggle__icon-close wpex-flex wpex-flex-col wpex-items-center\"><svg xmlns=\"http:\/\/www.w3.org\/2000\/svg\" height=\"1.5em\" viewBox=\"0 0 24 24\" width=\"1.5em\" fill=\"currentColor\" class=\"vcex-toggle__icon-close\"><path d=\"M0 0h24v24H0V0z\" fill=\"none\"\/><path d=\"M19 13H5v-2h14v2z\"\/><\/svg><\/div><\/div><div class=\"vcex-toggle__title\" itemprop=\"name\">Ist Wifi in De Swaenhoeck verf\u00fcgbar?<\/div><\/a><\/div><div id=\"ist-wifi-in-de-swaenhoeck-verfgbar\" class=\"vcex-toggle__content wpex-clr wpex-last-mb-0 wpex-my-10\" itemscope itemprop=\"acceptedAnswer\" itemtype=\"https:\/\/schema.org\/Answer\"><div itemprop=\"text\"><p>Ja, die G\u00e4ste haben kostenlosen drahtlosen Internetzugang.<\/p>\n<\/div><\/div><\/div> <div class=\"vcex-toggle vcex-module\" data-animate=\"true\" data-duration=\"300\" itemscope=\"itemscope\" itemprop=\"mainEntity\" itemtype=\"https:\/\/schema.org\/Question\"><div class=\"vcex-toggle__heading\"><a href=\"#ist-de-swaenhoeck-ein-ruhiger-urlaubsort\" class=\"vcex-toggle__trigger wpex-transition-colors wpex-flex wpex-items-center wpex-gap-10\" aria-expanded=\"false\" aria-controls=\"ist-de-swaenhoeck-ein-ruhiger-urlaubsort\"><div class=\"vcex-toggle__icon wpex-flex wpex-items-center wpex-justify-center\" aria-hidden=\"true\"><div class=\"vcex-toggle__icon-open wpex-flex wpex-flex-col wpex-items-center\"><svg xmlns=\"http:\/\/www.w3.org\/2000\/svg\" height=\"1.5em\" viewBox=\"0 0 24 24\" width=\"1.5em\" fill=\"currentColor\" class=\"vcex-toggle__icon-open\"><path d=\"M0 0h24v24H0V0z\" fill=\"none\"\/><path d=\"M19 13h-6v6h-2v-6H5v-2h6V5h2v6h6v2z\"\/><\/svg><\/div><div class=\"vcex-toggle__icon-close wpex-flex wpex-flex-col wpex-items-center\"><svg xmlns=\"http:\/\/www.w3.org\/2000\/svg\" height=\"1.5em\" viewBox=\"0 0 24 24\" width=\"1.5em\" fill=\"currentColor\" class=\"vcex-toggle__icon-close\"><path d=\"M0 0h24v24H0V0z\" fill=\"none\"\/><path d=\"M19 13H5v-2h14v2z\"\/><\/svg><\/div><\/div><div class=\"vcex-toggle__title\" itemprop=\"name\">Ist De Swaenhoeck ein ruhiger Urlaubsort?<\/div><\/a><\/div><div id=\"ist-de-swaenhoeck-ein-ruhiger-urlaubsort\" class=\"vcex-toggle__content wpex-clr wpex-last-mb-0 wpex-my-10\" itemscope itemprop=\"acceptedAnswer\" itemtype=\"https:\/\/schema.org\/Answer\"><div itemprop=\"text\"><p>Das Anwesen befindet sich in einer ruhigen, l\u00e4ndlichen Umgebung &#8211; ideal f\u00fcr Ruhesuchende und Naturliebhaber.<\/p>\n<\/div><\/div><\/div><\/div>[\/vc_column][vc_column width=&#8220;1\/2&#8243;]<figure class=\"vcex-image vcex-module\"><div class=\"vcex-image-inner wpex-relative wpex-inline-block\"><img width=\"2560\" height=\"1708\" src=\"https:\/\/www.deswaenhoeck.be\/wp-content\/uploads\/2022\/09\/DSC_0110-scaled.jpg\" class=\"vcex-image-img wpex-align-middle\" alt=\"\" loading=\"lazy\" decoding=\"async\" srcset=\"https:\/\/www.deswaenhoeck.be\/wp-content\/uploads\/2022\/09\/DSC_0110-scaled.jpg 2560w, https:\/\/www.deswaenhoeck.be\/wp-content\/uploads\/2022\/09\/DSC_0110-300x200.jpg 300w, https:\/\/www.deswaenhoeck.be\/wp-content\/uploads\/2022\/09\/DSC_0110-1024x683.jpg 1024w, https:\/\/www.deswaenhoeck.be\/wp-content\/uploads\/2022\/09\/DSC_0110-768x512.jpg 768w, https:\/\/www.deswaenhoeck.be\/wp-content\/uploads\/2022\/09\/DSC_0110-1536x1025.jpg 1536w, https:\/\/www.deswaenhoeck.be\/wp-content\/uploads\/2022\/09\/DSC_0110-2048x1367.jpg 2048w\" sizes=\"auto, (max-width: 2560px) 100vw, 2560px\" \/><\/div><\/figure>[\/vc_column][\/vc_row]\n<\/div>","protected":false},"excerpt":{"rendered":"<p>[vc_row offset_overlay_header=&#8220;yes&#8220;][vc_column width=&#8220;1\/2&#8243;][\/vc_column][vc_column width=&#8220;1\/2&#8243;][\/vc_column][\/vc_row]<\/p>\n","protected":false},"author":1,"featured_media":851,"parent":0,"menu_order":10,"comment_status":"closed","ping_status":"closed","template":"","meta":{"footnotes":""},"class_list":["post-29013","page","type-page","status-publish","has-post-thumbnail","hentry","entry","has-media"],"_links":{"self":[{"href":"https:\/\/www.deswaenhoeck.be\/de\/wp-json\/wp\/v2\/pages\/29013","targetHints":{"allow":["GET"]}}],"collection":[{"href":"https:\/\/www.deswaenhoeck.be\/de\/wp-json\/wp\/v2\/pages"}],"about":[{"href":"https:\/\/www.deswaenhoeck.be\/de\/wp-json\/wp\/v2\/types\/page"}],"author":[{"embeddable":true,"href":"https:\/\/www.deswaenhoeck.be\/de\/wp-json\/wp\/v2\/users\/1"}],"replies":[{"embeddable":true,"href":"https:\/\/www.deswaenhoeck.be\/de\/wp-json\/wp\/v2\/comments?post=29013"}],"version-history":[{"count":5,"href":"https:\/\/www.deswaenhoeck.be\/de\/wp-json\/wp\/v2\/pages\/29013\/revisions"}],"predecessor-version":[{"id":29129,"href":"https:\/\/www.deswaenhoeck.be\/de\/wp-json\/wp\/v2\/pages\/29013\/revisions\/29129"}],"wp:featuredmedia":[{"embeddable":true,"href":"https:\/\/www.deswaenhoeck.be\/de\/wp-json\/wp\/v2\/media\/851"}],"wp:attachment":[{"href":"https:\/\/www.deswaenhoeck.be\/de\/wp-json\/wp\/v2\/media?parent=29013"}],"curies":[{"name":"wp","href":"https:\/\/api.w.org\/{rel}","templated":true}]}}