{"id":29026,"date":"2025-12-01T09:37:11","date_gmt":"2025-12-01T08:37:11","guid":{"rendered":"https:\/\/www.deswaenhoeck.be\/?page_id=29026"},"modified":"2025-12-01T10:43:54","modified_gmt":"2025-12-01T09:43:54","slug":"aktivitaten-umgebung","status":"publish","type":"page","link":"https:\/\/www.deswaenhoeck.be\/de\/haufig-gestellte-fragen\/aktivitaten-umgebung\/","title":{"rendered":"Aktivit\u00e4ten &amp; Umgebung"},"content":{"rendered":"<div class=\"wpb-content-wrapper\">[vc_row offset_overlay_header=&#8220;yes&#8220;][vc_column width=&#8220;1\/2&#8243;]<style>.vcex-toggle-group.vcex_69f1e35f56615 .vcex-toggle__heading{font-weight:700;}<\/style><div class=\"vcex-toggle-group vcex-toggle-group--w-borders vcex-module wpex-mx-auto vcex_69f1e35f56615\" data-vcex-accordion=\"1\"><div class=\"vcex-toggle vcex-module\" data-animate=\"true\" data-duration=\"300\" itemscope=\"itemscope\" itemprop=\"mainEntity\" itemtype=\"https:\/\/schema.org\/Question\"><div class=\"vcex-toggle__heading\"><a href=\"#was-gibt-es-in-der-nhe-von-de-swaenhoeck-zu-tun\" class=\"vcex-toggle__trigger wpex-transition-colors wpex-flex wpex-items-center wpex-gap-10\" aria-expanded=\"false\" aria-controls=\"was-gibt-es-in-der-nhe-von-de-swaenhoeck-zu-tun\"><div class=\"vcex-toggle__icon wpex-flex wpex-items-center wpex-justify-center\" aria-hidden=\"true\"><div class=\"vcex-toggle__icon-open wpex-flex wpex-flex-col wpex-items-center\"><svg xmlns=\"http:\/\/www.w3.org\/2000\/svg\" height=\"1.5em\" viewBox=\"0 0 24 24\" width=\"1.5em\" fill=\"currentColor\" class=\"vcex-toggle__icon-open\"><path d=\"M0 0h24v24H0V0z\" fill=\"none\"\/><path d=\"M19 13h-6v6h-2v-6H5v-2h6V5h2v6h6v2z\"\/><\/svg><\/div><div class=\"vcex-toggle__icon-close wpex-flex wpex-flex-col wpex-items-center\"><svg xmlns=\"http:\/\/www.w3.org\/2000\/svg\" height=\"1.5em\" viewBox=\"0 0 24 24\" width=\"1.5em\" fill=\"currentColor\" class=\"vcex-toggle__icon-close\"><path d=\"M0 0h24v24H0V0z\" fill=\"none\"\/><path d=\"M19 13H5v-2h14v2z\"\/><\/svg><\/div><\/div><div class=\"vcex-toggle__title\" itemprop=\"name\">Was gibt es in der N\u00e4he von De Swaenhoeck zu tun?<\/div><\/a><\/div><div id=\"was-gibt-es-in-der-nhe-von-de-swaenhoeck-zu-tun\" class=\"vcex-toggle__content wpex-clr wpex-last-mb-0 wpex-my-10\" itemscope itemprop=\"acceptedAnswer\" itemtype=\"https:\/\/schema.org\/Answer\"><div itemprop=\"text\"><p>Wandern, Radfahren, Golf, Br\u00fcgge besuchen, Bootsfahrt Damse Vaart, Strandausflug, Gastronomie.<\/p>\n<\/div><\/div><\/div> <div class=\"vcex-toggle vcex-module\" data-animate=\"true\" data-duration=\"300\" itemscope=\"itemscope\" itemprop=\"mainEntity\" itemtype=\"https:\/\/schema.org\/Question\"><div class=\"vcex-toggle__heading\"><a href=\"#knnen-sie-bei-de-swaenhoeck-fahrrder-mieten\" class=\"vcex-toggle__trigger wpex-transition-colors wpex-flex wpex-items-center wpex-gap-10\" aria-expanded=\"false\" aria-controls=\"knnen-sie-bei-de-swaenhoeck-fahrrder-mieten\"><div class=\"vcex-toggle__icon wpex-flex wpex-items-center wpex-justify-center\" aria-hidden=\"true\"><div class=\"vcex-toggle__icon-open wpex-flex wpex-flex-col wpex-items-center\"><svg xmlns=\"http:\/\/www.w3.org\/2000\/svg\" height=\"1.5em\" viewBox=\"0 0 24 24\" width=\"1.5em\" fill=\"currentColor\" class=\"vcex-toggle__icon-open\"><path d=\"M0 0h24v24H0V0z\" fill=\"none\"\/><path d=\"M19 13h-6v6h-2v-6H5v-2h6V5h2v6h6v2z\"\/><\/svg><\/div><div class=\"vcex-toggle__icon-close wpex-flex wpex-flex-col wpex-items-center\"><svg xmlns=\"http:\/\/www.w3.org\/2000\/svg\" height=\"1.5em\" viewBox=\"0 0 24 24\" width=\"1.5em\" fill=\"currentColor\" class=\"vcex-toggle__icon-close\"><path d=\"M0 0h24v24H0V0z\" fill=\"none\"\/><path d=\"M19 13H5v-2h14v2z\"\/><\/svg><\/div><\/div><div class=\"vcex-toggle__title\" itemprop=\"name\">K\u00f6nnen Sie bei De Swaenhoeck Fahrr\u00e4der mieten?<\/div><\/a><\/div><div id=\"knnen-sie-bei-de-swaenhoeck-fahrrder-mieten\" class=\"vcex-toggle__content wpex-clr wpex-last-mb-0 wpex-my-10\" itemscope itemprop=\"acceptedAnswer\" itemtype=\"https:\/\/schema.org\/Answer\"><div itemprop=\"text\"><p>Ja, die G\u00e4ste k\u00f6nnen Fahrr\u00e4der mieten, um die Gegend zu erkunden.<\/p>\n<\/div><\/div><\/div> <div class=\"vcex-toggle vcex-module\" data-animate=\"true\" data-duration=\"300\" itemscope=\"itemscope\" itemprop=\"mainEntity\" itemtype=\"https:\/\/schema.org\/Question\"><div class=\"vcex-toggle__heading\"><a href=\"#wie-weit-ist-de-swaenhoeck-von-brgge-entfernt\" class=\"vcex-toggle__trigger wpex-transition-colors wpex-flex wpex-items-center wpex-gap-10\" aria-expanded=\"false\" aria-controls=\"wie-weit-ist-de-swaenhoeck-von-brgge-entfernt\"><div class=\"vcex-toggle__icon wpex-flex wpex-items-center wpex-justify-center\" aria-hidden=\"true\"><div class=\"vcex-toggle__icon-open wpex-flex wpex-flex-col wpex-items-center\"><svg xmlns=\"http:\/\/www.w3.org\/2000\/svg\" height=\"1.5em\" viewBox=\"0 0 24 24\" width=\"1.5em\" fill=\"currentColor\" class=\"vcex-toggle__icon-open\"><path d=\"M0 0h24v24H0V0z\" fill=\"none\"\/><path d=\"M19 13h-6v6h-2v-6H5v-2h6V5h2v6h6v2z\"\/><\/svg><\/div><div class=\"vcex-toggle__icon-close wpex-flex wpex-flex-col wpex-items-center\"><svg xmlns=\"http:\/\/www.w3.org\/2000\/svg\" height=\"1.5em\" viewBox=\"0 0 24 24\" width=\"1.5em\" fill=\"currentColor\" class=\"vcex-toggle__icon-close\"><path d=\"M0 0h24v24H0V0z\" fill=\"none\"\/><path d=\"M19 13H5v-2h14v2z\"\/><\/svg><\/div><\/div><div class=\"vcex-toggle__title\" itemprop=\"name\">Wie weit ist De Swaenhoeck von Br\u00fcgge entfernt?<\/div><\/a><\/div><div id=\"wie-weit-ist-de-swaenhoeck-von-brgge-entfernt\" class=\"vcex-toggle__content wpex-clr wpex-last-mb-0 wpex-my-10\" itemscope itemprop=\"acceptedAnswer\" itemtype=\"https:\/\/schema.org\/Answer\"><div itemprop=\"text\"><p>Nur wenige Kilometer &#8211; ideal f\u00fcr Stadtbesuche mit dem Fahrrad oder Auto.<\/p>\n<\/div><\/div><\/div> <div class=\"vcex-toggle vcex-module\" data-animate=\"true\" data-duration=\"300\" itemscope=\"itemscope\" itemprop=\"mainEntity\" itemtype=\"https:\/\/schema.org\/Question\"><div class=\"vcex-toggle__heading\"><a href=\"#wie-weit-ist-die-kste-von-de-swaenhoeck-entfernt\" class=\"vcex-toggle__trigger wpex-transition-colors wpex-flex wpex-items-center wpex-gap-10\" aria-expanded=\"false\" aria-controls=\"wie-weit-ist-die-kste-von-de-swaenhoeck-entfernt\"><div class=\"vcex-toggle__icon wpex-flex wpex-items-center wpex-justify-center\" aria-hidden=\"true\"><div class=\"vcex-toggle__icon-open wpex-flex wpex-flex-col wpex-items-center\"><svg xmlns=\"http:\/\/www.w3.org\/2000\/svg\" height=\"1.5em\" viewBox=\"0 0 24 24\" width=\"1.5em\" fill=\"currentColor\" class=\"vcex-toggle__icon-open\"><path d=\"M0 0h24v24H0V0z\" fill=\"none\"\/><path d=\"M19 13h-6v6h-2v-6H5v-2h6V5h2v6h6v2z\"\/><\/svg><\/div><div class=\"vcex-toggle__icon-close wpex-flex wpex-flex-col wpex-items-center\"><svg xmlns=\"http:\/\/www.w3.org\/2000\/svg\" height=\"1.5em\" viewBox=\"0 0 24 24\" width=\"1.5em\" fill=\"currentColor\" class=\"vcex-toggle__icon-close\"><path d=\"M0 0h24v24H0V0z\" fill=\"none\"\/><path d=\"M19 13H5v-2h14v2z\"\/><\/svg><\/div><\/div><div class=\"vcex-toggle__title\" itemprop=\"name\">Wie weit ist die K\u00fcste von De Swaenhoeck entfernt?<\/div><\/a><\/div><div id=\"wie-weit-ist-die-kste-von-de-swaenhoeck-entfernt\" class=\"vcex-toggle__content wpex-clr wpex-last-mb-0 wpex-my-10\" itemscope itemprop=\"acceptedAnswer\" itemtype=\"https:\/\/schema.org\/Answer\"><div itemprop=\"text\"><p>Die K\u00fcste ist nur eine kurze Autofahrt entfernt &#8211; perfekt f\u00fcr einen Tagesausflug.<\/p>\n<\/div><\/div><\/div> <div class=\"vcex-toggle vcex-module\" data-animate=\"true\" data-duration=\"300\" itemscope=\"itemscope\" itemprop=\"mainEntity\" itemtype=\"https:\/\/schema.org\/Question\"><div class=\"vcex-toggle__heading\"><a href=\"#knnen-sie-um-de-swaenhoeck-herumgehen\" class=\"vcex-toggle__trigger wpex-transition-colors wpex-flex wpex-items-center wpex-gap-10\" aria-expanded=\"false\" aria-controls=\"knnen-sie-um-de-swaenhoeck-herumgehen\"><div class=\"vcex-toggle__icon wpex-flex wpex-items-center wpex-justify-center\" aria-hidden=\"true\"><div class=\"vcex-toggle__icon-open wpex-flex wpex-flex-col wpex-items-center\"><svg xmlns=\"http:\/\/www.w3.org\/2000\/svg\" height=\"1.5em\" viewBox=\"0 0 24 24\" width=\"1.5em\" fill=\"currentColor\" class=\"vcex-toggle__icon-open\"><path d=\"M0 0h24v24H0V0z\" fill=\"none\"\/><path d=\"M19 13h-6v6h-2v-6H5v-2h6V5h2v6h6v2z\"\/><\/svg><\/div><div class=\"vcex-toggle__icon-close wpex-flex wpex-flex-col wpex-items-center\"><svg xmlns=\"http:\/\/www.w3.org\/2000\/svg\" height=\"1.5em\" viewBox=\"0 0 24 24\" width=\"1.5em\" fill=\"currentColor\" class=\"vcex-toggle__icon-close\"><path d=\"M0 0h24v24H0V0z\" fill=\"none\"\/><path d=\"M19 13H5v-2h14v2z\"\/><\/svg><\/div><\/div><div class=\"vcex-toggle__title\" itemprop=\"name\">K\u00f6nnen Sie um De Swaenhoeck herumgehen?<\/div><\/a><\/div><div id=\"knnen-sie-um-de-swaenhoeck-herumgehen\" class=\"vcex-toggle__content wpex-clr wpex-last-mb-0 wpex-my-10\" itemscope itemprop=\"acceptedAnswer\" itemtype=\"https:\/\/schema.org\/Answer\"><div itemprop=\"text\"><p>Ja, die Poldernatur rund um Damme bietet sch\u00f6ne Wanderrouten.<\/p>\n<\/div><\/div><\/div> <div class=\"vcex-toggle vcex-module\" data-animate=\"true\" data-duration=\"300\" itemscope=\"itemscope\" itemprop=\"mainEntity\" itemtype=\"https:\/\/schema.org\/Question\"><div class=\"vcex-toggle__heading\"><a href=\"#gibt-es-in-der-nhe-einen-golfplatz\" class=\"vcex-toggle__trigger wpex-transition-colors wpex-flex wpex-items-center wpex-gap-10\" aria-expanded=\"false\" aria-controls=\"gibt-es-in-der-nhe-einen-golfplatz\"><div class=\"vcex-toggle__icon wpex-flex wpex-items-center wpex-justify-center\" aria-hidden=\"true\"><div class=\"vcex-toggle__icon-open wpex-flex wpex-flex-col wpex-items-center\"><svg xmlns=\"http:\/\/www.w3.org\/2000\/svg\" height=\"1.5em\" viewBox=\"0 0 24 24\" width=\"1.5em\" fill=\"currentColor\" class=\"vcex-toggle__icon-open\"><path d=\"M0 0h24v24H0V0z\" fill=\"none\"\/><path d=\"M19 13h-6v6h-2v-6H5v-2h6V5h2v6h6v2z\"\/><\/svg><\/div><div class=\"vcex-toggle__icon-close wpex-flex wpex-flex-col wpex-items-center\"><svg xmlns=\"http:\/\/www.w3.org\/2000\/svg\" height=\"1.5em\" viewBox=\"0 0 24 24\" width=\"1.5em\" fill=\"currentColor\" class=\"vcex-toggle__icon-close\"><path d=\"M0 0h24v24H0V0z\" fill=\"none\"\/><path d=\"M19 13H5v-2h14v2z\"\/><\/svg><\/div><\/div><div class=\"vcex-toggle__title\" itemprop=\"name\">Gibt es in der N\u00e4he einen Golfplatz?<\/div><\/a><\/div><div id=\"gibt-es-in-der-nhe-einen-golfplatz\" class=\"vcex-toggle__content wpex-clr wpex-last-mb-0 wpex-my-10\" itemscope itemprop=\"acceptedAnswer\" itemtype=\"https:\/\/schema.org\/Answer\"><div itemprop=\"text\"><p>Ja, es gibt einen Golfclub in der N\u00e4he, der nur 5 Minuten zu Fu\u00df entfernt ist.<\/p>\n<\/div><\/div><\/div> <div class=\"vcex-toggle vcex-module\" data-animate=\"true\" data-duration=\"300\" itemscope=\"itemscope\" itemprop=\"mainEntity\" itemtype=\"https:\/\/schema.org\/Question\"><div class=\"vcex-toggle__heading\"><a href=\"#kann-ich-tiere-auf-der-domain-sehen\" class=\"vcex-toggle__trigger wpex-transition-colors wpex-flex wpex-items-center wpex-gap-10\" aria-expanded=\"false\" aria-controls=\"kann-ich-tiere-auf-der-domain-sehen\"><div class=\"vcex-toggle__icon wpex-flex wpex-items-center wpex-justify-center\" aria-hidden=\"true\"><div class=\"vcex-toggle__icon-open wpex-flex wpex-flex-col wpex-items-center\"><svg xmlns=\"http:\/\/www.w3.org\/2000\/svg\" height=\"1.5em\" viewBox=\"0 0 24 24\" width=\"1.5em\" fill=\"currentColor\" class=\"vcex-toggle__icon-open\"><path d=\"M0 0h24v24H0V0z\" fill=\"none\"\/><path d=\"M19 13h-6v6h-2v-6H5v-2h6V5h2v6h6v2z\"\/><\/svg><\/div><div class=\"vcex-toggle__icon-close wpex-flex wpex-flex-col wpex-items-center\"><svg xmlns=\"http:\/\/www.w3.org\/2000\/svg\" height=\"1.5em\" viewBox=\"0 0 24 24\" width=\"1.5em\" fill=\"currentColor\" class=\"vcex-toggle__icon-close\"><path d=\"M0 0h24v24H0V0z\" fill=\"none\"\/><path d=\"M19 13H5v-2h14v2z\"\/><\/svg><\/div><\/div><div class=\"vcex-toggle__title\" itemprop=\"name\">Kann ich Tiere auf der Domain sehen?<\/div><\/a><\/div><div id=\"kann-ich-tiere-auf-der-domain-sehen\" class=\"vcex-toggle__content wpex-clr wpex-last-mb-0 wpex-my-10\" itemscope itemprop=\"acceptedAnswer\" itemtype=\"https:\/\/schema.org\/Answer\"><div itemprop=\"text\"><p>Ja, es gibt Neerhof-Tiere.<\/p>\n<\/div><\/div><\/div> <div class=\"vcex-toggle vcex-module\" data-animate=\"true\" data-duration=\"300\" itemscope=\"itemscope\" itemprop=\"mainEntity\" itemtype=\"https:\/\/schema.org\/Question\"><div class=\"vcex-toggle__heading\"><a href=\"#gibt-es-restaurants-in-der-nhe\" class=\"vcex-toggle__trigger wpex-transition-colors wpex-flex wpex-items-center wpex-gap-10\" aria-expanded=\"false\" aria-controls=\"gibt-es-restaurants-in-der-nhe\"><div class=\"vcex-toggle__icon wpex-flex wpex-items-center wpex-justify-center\" aria-hidden=\"true\"><div class=\"vcex-toggle__icon-open wpex-flex wpex-flex-col wpex-items-center\"><svg xmlns=\"http:\/\/www.w3.org\/2000\/svg\" height=\"1.5em\" viewBox=\"0 0 24 24\" width=\"1.5em\" fill=\"currentColor\" class=\"vcex-toggle__icon-open\"><path d=\"M0 0h24v24H0V0z\" fill=\"none\"\/><path d=\"M19 13h-6v6h-2v-6H5v-2h6V5h2v6h6v2z\"\/><\/svg><\/div><div class=\"vcex-toggle__icon-close wpex-flex wpex-flex-col wpex-items-center\"><svg xmlns=\"http:\/\/www.w3.org\/2000\/svg\" height=\"1.5em\" viewBox=\"0 0 24 24\" width=\"1.5em\" fill=\"currentColor\" class=\"vcex-toggle__icon-close\"><path d=\"M0 0h24v24H0V0z\" fill=\"none\"\/><path d=\"M19 13H5v-2h14v2z\"\/><\/svg><\/div><\/div><div class=\"vcex-toggle__title\" itemprop=\"name\">Gibt es Restaurants in der N\u00e4he?<\/div><\/a><\/div><div id=\"gibt-es-restaurants-in-der-nhe\" class=\"vcex-toggle__content wpex-clr wpex-last-mb-0 wpex-my-10\" itemscope itemprop=\"acceptedAnswer\" itemtype=\"https:\/\/schema.org\/Answer\"><div itemprop=\"text\"><p>Ja, Damme und Br\u00fcgge haben zahlreiche kulinarische Adressen.<\/p>\n<\/div><\/div><\/div> <div class=\"vcex-toggle vcex-module\" data-animate=\"true\" data-duration=\"300\" itemscope=\"itemscope\" itemprop=\"mainEntity\" itemtype=\"https:\/\/schema.org\/Question\"><div class=\"vcex-toggle__heading\"><a href=\"#was-macht-diesen-ort-einzigartig\" class=\"vcex-toggle__trigger wpex-transition-colors wpex-flex wpex-items-center wpex-gap-10\" aria-expanded=\"false\" aria-controls=\"was-macht-diesen-ort-einzigartig\"><div class=\"vcex-toggle__icon wpex-flex wpex-items-center wpex-justify-center\" aria-hidden=\"true\"><div class=\"vcex-toggle__icon-open wpex-flex wpex-flex-col wpex-items-center\"><svg xmlns=\"http:\/\/www.w3.org\/2000\/svg\" height=\"1.5em\" viewBox=\"0 0 24 24\" width=\"1.5em\" fill=\"currentColor\" class=\"vcex-toggle__icon-open\"><path d=\"M0 0h24v24H0V0z\" fill=\"none\"\/><path d=\"M19 13h-6v6h-2v-6H5v-2h6V5h2v6h6v2z\"\/><\/svg><\/div><div class=\"vcex-toggle__icon-close wpex-flex wpex-flex-col wpex-items-center\"><svg xmlns=\"http:\/\/www.w3.org\/2000\/svg\" height=\"1.5em\" viewBox=\"0 0 24 24\" width=\"1.5em\" fill=\"currentColor\" class=\"vcex-toggle__icon-close\"><path d=\"M0 0h24v24H0V0z\" fill=\"none\"\/><path d=\"M19 13H5v-2h14v2z\"\/><\/svg><\/div><\/div><div class=\"vcex-toggle__title\" itemprop=\"name\">Was macht diesen Ort einzigartig?<\/div><\/a><\/div><div id=\"was-macht-diesen-ort-einzigartig\" class=\"vcex-toggle__content wpex-clr wpex-last-mb-0 wpex-my-10\" itemscope itemprop=\"acceptedAnswer\" itemtype=\"https:\/\/schema.org\/Answer\"><div itemprop=\"text\"><p>Historischer Charme, Ruhe, Natur und eine zentrale Lage zwischen der K\u00fcste und Br\u00fcgge.<\/p>\n<\/div><\/div><\/div> <div class=\"vcex-toggle vcex-module\" data-animate=\"true\" data-duration=\"300\" itemscope=\"itemscope\" itemprop=\"mainEntity\" itemtype=\"https:\/\/schema.org\/Question\"><div class=\"vcex-toggle__heading\"><a href=\"#ist-de-swaenhoeck-fr-radfahrer-geeignet\" class=\"vcex-toggle__trigger wpex-transition-colors wpex-flex wpex-items-center wpex-gap-10\" aria-expanded=\"false\" aria-controls=\"ist-de-swaenhoeck-fr-radfahrer-geeignet\"><div class=\"vcex-toggle__icon wpex-flex wpex-items-center wpex-justify-center\" aria-hidden=\"true\"><div class=\"vcex-toggle__icon-open wpex-flex wpex-flex-col wpex-items-center\"><svg xmlns=\"http:\/\/www.w3.org\/2000\/svg\" height=\"1.5em\" viewBox=\"0 0 24 24\" width=\"1.5em\" fill=\"currentColor\" class=\"vcex-toggle__icon-open\"><path d=\"M0 0h24v24H0V0z\" fill=\"none\"\/><path d=\"M19 13h-6v6h-2v-6H5v-2h6V5h2v6h6v2z\"\/><\/svg><\/div><div class=\"vcex-toggle__icon-close wpex-flex wpex-flex-col wpex-items-center\"><svg xmlns=\"http:\/\/www.w3.org\/2000\/svg\" height=\"1.5em\" viewBox=\"0 0 24 24\" width=\"1.5em\" fill=\"currentColor\" class=\"vcex-toggle__icon-close\"><path d=\"M0 0h24v24H0V0z\" fill=\"none\"\/><path d=\"M19 13H5v-2h14v2z\"\/><\/svg><\/div><\/div><div class=\"vcex-toggle__title\" itemprop=\"name\">Ist De Swaenhoeck f\u00fcr Radfahrer geeignet?<\/div><\/a><\/div><div id=\"ist-de-swaenhoeck-fr-radfahrer-geeignet\" class=\"vcex-toggle__content wpex-clr wpex-last-mb-0 wpex-my-10\" itemscope itemprop=\"acceptedAnswer\" itemtype=\"https:\/\/schema.org\/Answer\"><div itemprop=\"text\"><p>Ja, mit Radwegen, Fahrradabstellpl\u00e4tzen und Fahrradverleih.<\/p>\n<\/div><\/div><\/div><\/div>[\/vc_column][vc_column width=&#8220;1\/2&#8243;]<figure class=\"vcex-image vcex-module\"><div class=\"vcex-image-inner wpex-relative wpex-inline-block\"><img width=\"2560\" height=\"1440\" src=\"https:\/\/www.deswaenhoeck.be\/wp-content\/uploads\/2022\/09\/P1360772-scaled.jpg\" class=\"vcex-image-img wpex-align-middle\" alt=\"\" loading=\"lazy\" decoding=\"async\" srcset=\"https:\/\/www.deswaenhoeck.be\/wp-content\/uploads\/2022\/09\/P1360772-scaled.jpg 2560w, https:\/\/www.deswaenhoeck.be\/wp-content\/uploads\/2022\/09\/P1360772-300x169.jpg 300w, https:\/\/www.deswaenhoeck.be\/wp-content\/uploads\/2022\/09\/P1360772-1024x576.jpg 1024w, https:\/\/www.deswaenhoeck.be\/wp-content\/uploads\/2022\/09\/P1360772-768x432.jpg 768w, https:\/\/www.deswaenhoeck.be\/wp-content\/uploads\/2022\/09\/P1360772-1536x864.jpg 1536w, https:\/\/www.deswaenhoeck.be\/wp-content\/uploads\/2022\/09\/P1360772-2048x1152.jpg 2048w\" sizes=\"auto, (max-width: 2560px) 100vw, 2560px\" \/><\/div><\/figure>[\/vc_column][\/vc_row]\n<\/div>","protected":false},"excerpt":{"rendered":"<p>[vc_row offset_overlay_header=&#8220;yes&#8220;][vc_column width=&#8220;1\/2&#8243;][\/vc_column][vc_column width=&#8220;1\/2&#8243;][\/vc_column][\/vc_row]<\/p>\n","protected":false},"author":1,"featured_media":0,"parent":29013,"menu_order":2,"comment_status":"closed","ping_status":"closed","template":"","meta":{"footnotes":""},"class_list":["post-29026","page","type-page","status-publish","hentry","entry","no-media"],"_links":{"self":[{"href":"https:\/\/www.deswaenhoeck.be\/de\/wp-json\/wp\/v2\/pages\/29026","targetHints":{"allow":["GET"]}}],"collection":[{"href":"https:\/\/www.deswaenhoeck.be\/de\/wp-json\/wp\/v2\/pages"}],"about":[{"href":"https:\/\/www.deswaenhoeck.be\/de\/wp-json\/wp\/v2\/types\/page"}],"author":[{"embeddable":true,"href":"https:\/\/www.deswaenhoeck.be\/de\/wp-json\/wp\/v2\/users\/1"}],"replies":[{"embeddable":true,"href":"https:\/\/www.deswaenhoeck.be\/de\/wp-json\/wp\/v2\/comments?post=29026"}],"version-history":[{"count":3,"href":"https:\/\/www.deswaenhoeck.be\/de\/wp-json\/wp\/v2\/pages\/29026\/revisions"}],"predecessor-version":[{"id":29074,"href":"https:\/\/www.deswaenhoeck.be\/de\/wp-json\/wp\/v2\/pages\/29026\/revisions\/29074"}],"up":[{"embeddable":true,"href":"https:\/\/www.deswaenhoeck.be\/de\/wp-json\/wp\/v2\/pages\/29013"}],"wp:attachment":[{"href":"https:\/\/www.deswaenhoeck.be\/de\/wp-json\/wp\/v2\/media?parent=29026"}],"curies":[{"name":"wp","href":"https:\/\/api.w.org\/{rel}","templated":true}]}}