{"id":29036,"date":"2025-12-01T09:43:32","date_gmt":"2025-12-01T08:43:32","guid":{"rendered":"https:\/\/www.deswaenhoeck.be\/?page_id=29036"},"modified":"2025-12-01T10:43:55","modified_gmt":"2025-12-01T09:43:55","slug":"uber-die-unterkunft","status":"publish","type":"page","link":"https:\/\/www.deswaenhoeck.be\/de\/haufig-gestellte-fragen\/uber-die-unterkunft\/","title":{"rendered":"\u00dcber die Unterkunft"},"content":{"rendered":"<div class=\"wpb-content-wrapper\">[vc_row offset_overlay_header=&#8220;yes&#8220;][vc_column width=&#8220;1\/2&#8243;]<style>.vcex-toggle-group.vcex_69f1e3711e10d .vcex-toggle__heading{font-weight:700;}<\/style><div class=\"vcex-toggle-group vcex-toggle-group--w-borders vcex-module wpex-mx-auto vcex_69f1e3711e10d\" data-vcex-accordion=\"1\"><div class=\"vcex-toggle vcex-module\" data-animate=\"true\" data-duration=\"300\" itemscope=\"itemscope\" itemprop=\"mainEntity\" itemtype=\"https:\/\/schema.org\/Question\"><div class=\"vcex-toggle__heading\"><a href=\"#gibt-es-einen-grill\" class=\"vcex-toggle__trigger wpex-transition-colors wpex-flex wpex-items-center wpex-gap-10\" aria-expanded=\"false\" aria-controls=\"gibt-es-einen-grill\"><div class=\"vcex-toggle__icon wpex-flex wpex-items-center wpex-justify-center\" aria-hidden=\"true\"><div class=\"vcex-toggle__icon-open wpex-flex wpex-flex-col wpex-items-center\"><svg xmlns=\"http:\/\/www.w3.org\/2000\/svg\" height=\"1.5em\" viewBox=\"0 0 24 24\" width=\"1.5em\" fill=\"currentColor\" class=\"vcex-toggle__icon-open\"><path d=\"M0 0h24v24H0V0z\" fill=\"none\"\/><path d=\"M19 13h-6v6h-2v-6H5v-2h6V5h2v6h6v2z\"\/><\/svg><\/div><div class=\"vcex-toggle__icon-close wpex-flex wpex-flex-col wpex-items-center\"><svg xmlns=\"http:\/\/www.w3.org\/2000\/svg\" height=\"1.5em\" viewBox=\"0 0 24 24\" width=\"1.5em\" fill=\"currentColor\" class=\"vcex-toggle__icon-close\"><path d=\"M0 0h24v24H0V0z\" fill=\"none\"\/><path d=\"M19 13H5v-2h14v2z\"\/><\/svg><\/div><\/div><div class=\"vcex-toggle__title\" itemprop=\"name\">Gibt es einen Grill?<\/div><\/a><\/div><div id=\"gibt-es-einen-grill\" class=\"vcex-toggle__content wpex-clr wpex-last-mb-0 wpex-my-10\" itemscope itemprop=\"acceptedAnswer\" itemtype=\"https:\/\/schema.org\/Answer\"><div itemprop=\"text\"><p>Ja, jedes Anwesen hat seinen eigenen Grill.<\/p>\n<\/div><\/div><\/div> <div class=\"vcex-toggle vcex-module\" data-animate=\"true\" data-duration=\"300\" itemscope=\"itemscope\" itemprop=\"mainEntity\" itemtype=\"https:\/\/schema.org\/Question\"><div class=\"vcex-toggle__heading\"><a href=\"#verfgt-de-swaenhoeck-ber-eine-waschmaschine\" class=\"vcex-toggle__trigger wpex-transition-colors wpex-flex wpex-items-center wpex-gap-10\" aria-expanded=\"false\" aria-controls=\"verfgt-de-swaenhoeck-ber-eine-waschmaschine\"><div class=\"vcex-toggle__icon wpex-flex wpex-items-center wpex-justify-center\" aria-hidden=\"true\"><div class=\"vcex-toggle__icon-open wpex-flex wpex-flex-col wpex-items-center\"><svg xmlns=\"http:\/\/www.w3.org\/2000\/svg\" height=\"1.5em\" viewBox=\"0 0 24 24\" width=\"1.5em\" fill=\"currentColor\" class=\"vcex-toggle__icon-open\"><path d=\"M0 0h24v24H0V0z\" fill=\"none\"\/><path d=\"M19 13h-6v6h-2v-6H5v-2h6V5h2v6h6v2z\"\/><\/svg><\/div><div class=\"vcex-toggle__icon-close wpex-flex wpex-flex-col wpex-items-center\"><svg xmlns=\"http:\/\/www.w3.org\/2000\/svg\" height=\"1.5em\" viewBox=\"0 0 24 24\" width=\"1.5em\" fill=\"currentColor\" class=\"vcex-toggle__icon-close\"><path d=\"M0 0h24v24H0V0z\" fill=\"none\"\/><path d=\"M19 13H5v-2h14v2z\"\/><\/svg><\/div><\/div><div class=\"vcex-toggle__title\" itemprop=\"name\">Verf\u00fcgt De Swaenhoeck \u00fcber eine Waschmaschine?<\/div><\/a><\/div><div id=\"verfgt-de-swaenhoeck-ber-eine-waschmaschine\" class=\"vcex-toggle__content wpex-clr wpex-last-mb-0 wpex-my-10\" itemscope itemprop=\"acceptedAnswer\" itemtype=\"https:\/\/schema.org\/Answer\"><div itemprop=\"text\"><p>In einigen Unterk\u00fcnften sind Waschm\u00f6glichkeiten vorhanden.<\/p>\n<\/div><\/div><\/div> <div class=\"vcex-toggle vcex-module\" data-animate=\"true\" data-duration=\"300\" itemscope=\"itemscope\" itemprop=\"mainEntity\" itemtype=\"https:\/\/schema.org\/Question\"><div class=\"vcex-toggle__heading\"><a href=\"#gibt-es-einen-privaten-platz-im-freien\" class=\"vcex-toggle__trigger wpex-transition-colors wpex-flex wpex-items-center wpex-gap-10\" aria-expanded=\"false\" aria-controls=\"gibt-es-einen-privaten-platz-im-freien\"><div class=\"vcex-toggle__icon wpex-flex wpex-items-center wpex-justify-center\" aria-hidden=\"true\"><div class=\"vcex-toggle__icon-open wpex-flex wpex-flex-col wpex-items-center\"><svg xmlns=\"http:\/\/www.w3.org\/2000\/svg\" height=\"1.5em\" viewBox=\"0 0 24 24\" width=\"1.5em\" fill=\"currentColor\" class=\"vcex-toggle__icon-open\"><path d=\"M0 0h24v24H0V0z\" fill=\"none\"\/><path d=\"M19 13h-6v6h-2v-6H5v-2h6V5h2v6h6v2z\"\/><\/svg><\/div><div class=\"vcex-toggle__icon-close wpex-flex wpex-flex-col wpex-items-center\"><svg xmlns=\"http:\/\/www.w3.org\/2000\/svg\" height=\"1.5em\" viewBox=\"0 0 24 24\" width=\"1.5em\" fill=\"currentColor\" class=\"vcex-toggle__icon-close\"><path d=\"M0 0h24v24H0V0z\" fill=\"none\"\/><path d=\"M19 13H5v-2h14v2z\"\/><\/svg><\/div><\/div><div class=\"vcex-toggle__title\" itemprop=\"name\">Gibt es einen privaten Platz im Freien?<\/div><\/a><\/div><div id=\"gibt-es-einen-privaten-platz-im-freien\" class=\"vcex-toggle__content wpex-clr wpex-last-mb-0 wpex-my-10\" itemscope itemprop=\"acceptedAnswer\" itemtype=\"https:\/\/schema.org\/Answer\"><div itemprop=\"text\"><p>Ja, jedes Haus hat einen privaten Garten oder eine Terrasse.<\/p>\n<\/div><\/div><\/div> <div class=\"vcex-toggle vcex-module\" data-animate=\"true\" data-duration=\"300\" itemscope=\"itemscope\" itemprop=\"mainEntity\" itemtype=\"https:\/\/schema.org\/Question\"><div class=\"vcex-toggle__heading\"><a href=\"#sind-kinderbetten-verfgbar\" class=\"vcex-toggle__trigger wpex-transition-colors wpex-flex wpex-items-center wpex-gap-10\" aria-expanded=\"false\" aria-controls=\"sind-kinderbetten-verfgbar\"><div class=\"vcex-toggle__icon wpex-flex wpex-items-center wpex-justify-center\" aria-hidden=\"true\"><div class=\"vcex-toggle__icon-open wpex-flex wpex-flex-col wpex-items-center\"><svg xmlns=\"http:\/\/www.w3.org\/2000\/svg\" height=\"1.5em\" viewBox=\"0 0 24 24\" width=\"1.5em\" fill=\"currentColor\" class=\"vcex-toggle__icon-open\"><path d=\"M0 0h24v24H0V0z\" fill=\"none\"\/><path d=\"M19 13h-6v6h-2v-6H5v-2h6V5h2v6h6v2z\"\/><\/svg><\/div><div class=\"vcex-toggle__icon-close wpex-flex wpex-flex-col wpex-items-center\"><svg xmlns=\"http:\/\/www.w3.org\/2000\/svg\" height=\"1.5em\" viewBox=\"0 0 24 24\" width=\"1.5em\" fill=\"currentColor\" class=\"vcex-toggle__icon-close\"><path d=\"M0 0h24v24H0V0z\" fill=\"none\"\/><path d=\"M19 13H5v-2h14v2z\"\/><\/svg><\/div><\/div><div class=\"vcex-toggle__title\" itemprop=\"name\">Sind Kinderbetten verf\u00fcgbar?<\/div><\/a><\/div><div id=\"sind-kinderbetten-verfgbar\" class=\"vcex-toggle__content wpex-clr wpex-last-mb-0 wpex-my-10\" itemscope itemprop=\"acceptedAnswer\" itemtype=\"https:\/\/schema.org\/Answer\"><div itemprop=\"text\"><p>Ja, Kinderbetten k\u00f6nnen zur Verf\u00fcgung gestellt werden.<\/p>\n<\/div><\/div><\/div> <div class=\"vcex-toggle vcex-module\" data-animate=\"true\" data-duration=\"300\" itemscope=\"itemscope\" itemprop=\"mainEntity\" itemtype=\"https:\/\/schema.org\/Question\"><div class=\"vcex-toggle__heading\"><a href=\"#sind-bett--und-badwsche-inbegriffen\" class=\"vcex-toggle__trigger wpex-transition-colors wpex-flex wpex-items-center wpex-gap-10\" aria-expanded=\"false\" aria-controls=\"sind-bett--und-badwsche-inbegriffen\"><div class=\"vcex-toggle__icon wpex-flex wpex-items-center wpex-justify-center\" aria-hidden=\"true\"><div class=\"vcex-toggle__icon-open wpex-flex wpex-flex-col wpex-items-center\"><svg xmlns=\"http:\/\/www.w3.org\/2000\/svg\" height=\"1.5em\" viewBox=\"0 0 24 24\" width=\"1.5em\" fill=\"currentColor\" class=\"vcex-toggle__icon-open\"><path d=\"M0 0h24v24H0V0z\" fill=\"none\"\/><path d=\"M19 13h-6v6h-2v-6H5v-2h6V5h2v6h6v2z\"\/><\/svg><\/div><div class=\"vcex-toggle__icon-close wpex-flex wpex-flex-col wpex-items-center\"><svg xmlns=\"http:\/\/www.w3.org\/2000\/svg\" height=\"1.5em\" viewBox=\"0 0 24 24\" width=\"1.5em\" fill=\"currentColor\" class=\"vcex-toggle__icon-close\"><path d=\"M0 0h24v24H0V0z\" fill=\"none\"\/><path d=\"M19 13H5v-2h14v2z\"\/><\/svg><\/div><\/div><div class=\"vcex-toggle__title\" itemprop=\"name\">Sind Bett- und Badw\u00e4sche inbegriffen?<\/div><\/a><\/div><div id=\"sind-bett--und-badwsche-inbegriffen\" class=\"vcex-toggle__content wpex-clr wpex-last-mb-0 wpex-my-10\" itemscope itemprop=\"acceptedAnswer\" itemtype=\"https:\/\/schema.org\/Answer\"><div itemprop=\"text\"><p>Dies kann von Haus zu Haus unterschiedlich sein &#8211; bitte geben Sie dies bei der Buchung an.<\/p>\n<\/div><\/div><\/div> <div class=\"vcex-toggle vcex-module\" data-animate=\"true\" data-duration=\"300\" itemscope=\"itemscope\" itemprop=\"mainEntity\" itemtype=\"https:\/\/schema.org\/Question\"><div class=\"vcex-toggle__heading\"><a href=\"#gibt-es-ferienunterknfte-auf-einer-ebene\" class=\"vcex-toggle__trigger wpex-transition-colors wpex-flex wpex-items-center wpex-gap-10\" aria-expanded=\"false\" aria-controls=\"gibt-es-ferienunterknfte-auf-einer-ebene\"><div class=\"vcex-toggle__icon wpex-flex wpex-items-center wpex-justify-center\" aria-hidden=\"true\"><div class=\"vcex-toggle__icon-open wpex-flex wpex-flex-col wpex-items-center\"><svg xmlns=\"http:\/\/www.w3.org\/2000\/svg\" height=\"1.5em\" viewBox=\"0 0 24 24\" width=\"1.5em\" fill=\"currentColor\" class=\"vcex-toggle__icon-open\"><path d=\"M0 0h24v24H0V0z\" fill=\"none\"\/><path d=\"M19 13h-6v6h-2v-6H5v-2h6V5h2v6h6v2z\"\/><\/svg><\/div><div class=\"vcex-toggle__icon-close wpex-flex wpex-flex-col wpex-items-center\"><svg xmlns=\"http:\/\/www.w3.org\/2000\/svg\" height=\"1.5em\" viewBox=\"0 0 24 24\" width=\"1.5em\" fill=\"currentColor\" class=\"vcex-toggle__icon-close\"><path d=\"M0 0h24v24H0V0z\" fill=\"none\"\/><path d=\"M19 13H5v-2h14v2z\"\/><\/svg><\/div><\/div><div class=\"vcex-toggle__title\" itemprop=\"name\">Gibt es Ferienunterk\u00fcnfte auf einer Ebene?<\/div><\/a><\/div><div id=\"gibt-es-ferienunterknfte-auf-einer-ebene\" class=\"vcex-toggle__content wpex-clr wpex-last-mb-0 wpex-my-10\" itemscope itemprop=\"acceptedAnswer\" itemtype=\"https:\/\/schema.org\/Answer\"><div itemprop=\"text\"><p>Ja, einige Zimmer liegen im Erdgeschoss.<\/p>\n<\/div><\/div><\/div> <div class=\"vcex-toggle vcex-module\" data-animate=\"true\" data-duration=\"300\" itemscope=\"itemscope\" itemprop=\"mainEntity\" itemtype=\"https:\/\/schema.org\/Question\"><div class=\"vcex-toggle__heading\"><a href=\"#gibt-es-einen-kamin-oder-holzofen\" class=\"vcex-toggle__trigger wpex-transition-colors wpex-flex wpex-items-center wpex-gap-10\" aria-expanded=\"false\" aria-controls=\"gibt-es-einen-kamin-oder-holzofen\"><div class=\"vcex-toggle__icon wpex-flex wpex-items-center wpex-justify-center\" aria-hidden=\"true\"><div class=\"vcex-toggle__icon-open wpex-flex wpex-flex-col wpex-items-center\"><svg xmlns=\"http:\/\/www.w3.org\/2000\/svg\" height=\"1.5em\" viewBox=\"0 0 24 24\" width=\"1.5em\" fill=\"currentColor\" class=\"vcex-toggle__icon-open\"><path d=\"M0 0h24v24H0V0z\" fill=\"none\"\/><path d=\"M19 13h-6v6h-2v-6H5v-2h6V5h2v6h6v2z\"\/><\/svg><\/div><div class=\"vcex-toggle__icon-close wpex-flex wpex-flex-col wpex-items-center\"><svg xmlns=\"http:\/\/www.w3.org\/2000\/svg\" height=\"1.5em\" viewBox=\"0 0 24 24\" width=\"1.5em\" fill=\"currentColor\" class=\"vcex-toggle__icon-close\"><path d=\"M0 0h24v24H0V0z\" fill=\"none\"\/><path d=\"M19 13H5v-2h14v2z\"\/><\/svg><\/div><\/div><div class=\"vcex-toggle__title\" itemprop=\"name\">Gibt es einen Kamin oder Holzofen?<\/div><\/a><\/div><div id=\"gibt-es-einen-kamin-oder-holzofen\" class=\"vcex-toggle__content wpex-clr wpex-last-mb-0 wpex-my-10\" itemscope itemprop=\"acceptedAnswer\" itemtype=\"https:\/\/schema.org\/Answer\"><div itemprop=\"text\"><p>Historischer Charme und Komfort werden kombiniert &#8211; fragen Sie pro Objekt an.<\/p>\n<\/div><\/div><\/div> <div class=\"vcex-toggle vcex-module\" data-animate=\"true\" data-duration=\"300\" itemscope=\"itemscope\" itemprop=\"mainEntity\" itemtype=\"https:\/\/schema.org\/Question\"><div class=\"vcex-toggle__heading\"><a href=\"#gibt-es-einen-parkplatz-auf-dem-grundstck\" class=\"vcex-toggle__trigger wpex-transition-colors wpex-flex wpex-items-center wpex-gap-10\" aria-expanded=\"false\" aria-controls=\"gibt-es-einen-parkplatz-auf-dem-grundstck\"><div class=\"vcex-toggle__icon wpex-flex wpex-items-center wpex-justify-center\" aria-hidden=\"true\"><div class=\"vcex-toggle__icon-open wpex-flex wpex-flex-col wpex-items-center\"><svg xmlns=\"http:\/\/www.w3.org\/2000\/svg\" height=\"1.5em\" viewBox=\"0 0 24 24\" width=\"1.5em\" fill=\"currentColor\" class=\"vcex-toggle__icon-open\"><path d=\"M0 0h24v24H0V0z\" fill=\"none\"\/><path d=\"M19 13h-6v6h-2v-6H5v-2h6V5h2v6h6v2z\"\/><\/svg><\/div><div class=\"vcex-toggle__icon-close wpex-flex wpex-flex-col wpex-items-center\"><svg xmlns=\"http:\/\/www.w3.org\/2000\/svg\" height=\"1.5em\" viewBox=\"0 0 24 24\" width=\"1.5em\" fill=\"currentColor\" class=\"vcex-toggle__icon-close\"><path d=\"M0 0h24v24H0V0z\" fill=\"none\"\/><path d=\"M19 13H5v-2h14v2z\"\/><\/svg><\/div><\/div><div class=\"vcex-toggle__title\" itemprop=\"name\">Gibt es einen Parkplatz auf dem Grundst\u00fcck?<\/div><\/a><\/div><div id=\"gibt-es-einen-parkplatz-auf-dem-grundstck\" class=\"vcex-toggle__content wpex-clr wpex-last-mb-0 wpex-my-10\" itemscope itemprop=\"acceptedAnswer\" itemtype=\"https:\/\/schema.org\/Answer\"><div itemprop=\"text\"><p>Ja, es gibt einen kostenlosen Privatparkplatz f\u00fcr G\u00e4ste.<\/p>\n<\/div><\/div><\/div> <div class=\"vcex-toggle vcex-module\" data-animate=\"true\" data-duration=\"300\" itemscope=\"itemscope\" itemprop=\"mainEntity\" itemtype=\"https:\/\/schema.org\/Question\"><div class=\"vcex-toggle__heading\"><a href=\"#gibt-es-eine-groe-kche\" class=\"vcex-toggle__trigger wpex-transition-colors wpex-flex wpex-items-center wpex-gap-10\" aria-expanded=\"false\" aria-controls=\"gibt-es-eine-groe-kche\"><div class=\"vcex-toggle__icon wpex-flex wpex-items-center wpex-justify-center\" aria-hidden=\"true\"><div class=\"vcex-toggle__icon-open wpex-flex wpex-flex-col wpex-items-center\"><svg xmlns=\"http:\/\/www.w3.org\/2000\/svg\" height=\"1.5em\" viewBox=\"0 0 24 24\" width=\"1.5em\" fill=\"currentColor\" class=\"vcex-toggle__icon-open\"><path d=\"M0 0h24v24H0V0z\" fill=\"none\"\/><path d=\"M19 13h-6v6h-2v-6H5v-2h6V5h2v6h6v2z\"\/><\/svg><\/div><div class=\"vcex-toggle__icon-close wpex-flex wpex-flex-col wpex-items-center\"><svg xmlns=\"http:\/\/www.w3.org\/2000\/svg\" height=\"1.5em\" viewBox=\"0 0 24 24\" width=\"1.5em\" fill=\"currentColor\" class=\"vcex-toggle__icon-close\"><path d=\"M0 0h24v24H0V0z\" fill=\"none\"\/><path d=\"M19 13H5v-2h14v2z\"\/><\/svg><\/div><\/div><div class=\"vcex-toggle__title\" itemprop=\"name\">Gibt es eine gro\u00dfe K\u00fcche?<\/div><\/a><\/div><div id=\"gibt-es-eine-groe-kche\" class=\"vcex-toggle__content wpex-clr wpex-last-mb-0 wpex-my-10\" itemscope itemprop=\"acceptedAnswer\" itemtype=\"https:\/\/schema.org\/Answer\"><div itemprop=\"text\"><p>Jede Wohnung verf\u00fcgt \u00fcber eine voll ausgestattete K\u00fcche.<\/p>\n<\/div><\/div><\/div> <div class=\"vcex-toggle vcex-module\" data-animate=\"true\" data-duration=\"300\" itemscope=\"itemscope\" itemprop=\"mainEntity\" itemtype=\"https:\/\/schema.org\/Question\"><div class=\"vcex-toggle__heading\"><a href=\"#knnen-sie-mit-mehreren-familien-mieten\" class=\"vcex-toggle__trigger wpex-transition-colors wpex-flex wpex-items-center wpex-gap-10\" aria-expanded=\"false\" aria-controls=\"knnen-sie-mit-mehreren-familien-mieten\"><div class=\"vcex-toggle__icon wpex-flex wpex-items-center wpex-justify-center\" aria-hidden=\"true\"><div class=\"vcex-toggle__icon-open wpex-flex wpex-flex-col wpex-items-center\"><svg xmlns=\"http:\/\/www.w3.org\/2000\/svg\" height=\"1.5em\" viewBox=\"0 0 24 24\" width=\"1.5em\" fill=\"currentColor\" class=\"vcex-toggle__icon-open\"><path d=\"M0 0h24v24H0V0z\" fill=\"none\"\/><path d=\"M19 13h-6v6h-2v-6H5v-2h6V5h2v6h6v2z\"\/><\/svg><\/div><div class=\"vcex-toggle__icon-close wpex-flex wpex-flex-col wpex-items-center\"><svg xmlns=\"http:\/\/www.w3.org\/2000\/svg\" height=\"1.5em\" viewBox=\"0 0 24 24\" width=\"1.5em\" fill=\"currentColor\" class=\"vcex-toggle__icon-close\"><path d=\"M0 0h24v24H0V0z\" fill=\"none\"\/><path d=\"M19 13H5v-2h14v2z\"\/><\/svg><\/div><\/div><div class=\"vcex-toggle__title\" itemprop=\"name\">K\u00f6nnen Sie mit mehreren Familien mieten?<\/div><\/a><\/div><div id=\"knnen-sie-mit-mehreren-familien-mieten\" class=\"vcex-toggle__content wpex-clr wpex-last-mb-0 wpex-my-10\" itemscope itemprop=\"acceptedAnswer\" itemtype=\"https:\/\/schema.org\/Answer\"><div itemprop=\"text\"><p>Ja, ideal f\u00fcr gemeinsam reisende Familien.<\/p>\n<\/div><\/div><\/div><\/div>[\/vc_column][vc_column width=&#8220;1\/2&#8243;]<figure class=\"vcex-image vcex-module\"><div class=\"vcex-image-inner wpex-relative wpex-inline-block\"><img width=\"2560\" height=\"1920\" src=\"https:\/\/www.deswaenhoeck.be\/wp-content\/uploads\/2022\/09\/P1000465-scaled.jpg\" class=\"vcex-image-img wpex-align-middle\" alt=\"\" loading=\"lazy\" decoding=\"async\" srcset=\"https:\/\/www.deswaenhoeck.be\/wp-content\/uploads\/2022\/09\/P1000465-scaled.jpg 2560w, https:\/\/www.deswaenhoeck.be\/wp-content\/uploads\/2022\/09\/P1000465-300x225.jpg 300w, https:\/\/www.deswaenhoeck.be\/wp-content\/uploads\/2022\/09\/P1000465-1024x768.jpg 1024w, https:\/\/www.deswaenhoeck.be\/wp-content\/uploads\/2022\/09\/P1000465-768x576.jpg 768w, https:\/\/www.deswaenhoeck.be\/wp-content\/uploads\/2022\/09\/P1000465-1536x1152.jpg 1536w, https:\/\/www.deswaenhoeck.be\/wp-content\/uploads\/2022\/09\/P1000465-2048x1536.jpg 2048w\" sizes=\"auto, (max-width: 2560px) 100vw, 2560px\" \/><\/div><\/figure>[\/vc_column][\/vc_row]\n<\/div>","protected":false},"excerpt":{"rendered":"<p>[vc_row offset_overlay_header=&#8220;yes&#8220;][vc_column width=&#8220;1\/2&#8243;][\/vc_column][vc_column width=&#8220;1\/2&#8243;][\/vc_column][\/vc_row]<\/p>\n","protected":false},"author":1,"featured_media":0,"parent":29013,"menu_order":3,"comment_status":"closed","ping_status":"closed","template":"","meta":{"footnotes":""},"class_list":["post-29036","page","type-page","status-publish","hentry","entry","no-media"],"_links":{"self":[{"href":"https:\/\/www.deswaenhoeck.be\/de\/wp-json\/wp\/v2\/pages\/29036","targetHints":{"allow":["GET"]}}],"collection":[{"href":"https:\/\/www.deswaenhoeck.be\/de\/wp-json\/wp\/v2\/pages"}],"about":[{"href":"https:\/\/www.deswaenhoeck.be\/de\/wp-json\/wp\/v2\/types\/page"}],"author":[{"embeddable":true,"href":"https:\/\/www.deswaenhoeck.be\/de\/wp-json\/wp\/v2\/users\/1"}],"replies":[{"embeddable":true,"href":"https:\/\/www.deswaenhoeck.be\/de\/wp-json\/wp\/v2\/comments?post=29036"}],"version-history":[{"count":3,"href":"https:\/\/www.deswaenhoeck.be\/de\/wp-json\/wp\/v2\/pages\/29036\/revisions"}],"predecessor-version":[{"id":29064,"href":"https:\/\/www.deswaenhoeck.be\/de\/wp-json\/wp\/v2\/pages\/29036\/revisions\/29064"}],"up":[{"embeddable":true,"href":"https:\/\/www.deswaenhoeck.be\/de\/wp-json\/wp\/v2\/pages\/29013"}],"wp:attachment":[{"href":"https:\/\/www.deswaenhoeck.be\/de\/wp-json\/wp\/v2\/media?parent=29036"}],"curies":[{"name":"wp","href":"https:\/\/api.w.org\/{rel}","templated":true}]}}