{"id":29042,"date":"2025-11-29T09:46:49","date_gmt":"2025-11-29T08:46:49","guid":{"rendered":"https:\/\/www.deswaenhoeck.be\/?page_id=29042"},"modified":"2025-12-01T10:43:53","modified_gmt":"2025-12-01T09:43:53","slug":"uber-die-buchung","status":"publish","type":"page","link":"https:\/\/www.deswaenhoeck.be\/de\/haufig-gestellte-fragen\/uber-die-buchung\/","title":{"rendered":"\u00dcber die Buchung"},"content":{"rendered":"<div class=\"wpb-content-wrapper\">[vc_row offset_overlay_header=&#8220;yes&#8220;][vc_column width=&#8220;1\/2&#8243;]<style>.vcex-toggle-group.vcex_69f1e37198dca .vcex-toggle__heading{font-weight:700;}<\/style><div class=\"vcex-toggle-group vcex-toggle-group--w-borders vcex-module wpex-mx-auto vcex_69f1e37198dca\" data-vcex-accordion=\"1\"><div class=\"vcex-toggle vcex-module\" data-animate=\"true\" data-duration=\"300\" itemscope=\"itemscope\" itemprop=\"mainEntity\" itemtype=\"https:\/\/schema.org\/Question\"><div class=\"vcex-toggle__heading\"><a href=\"#wie-kann-ich-buchen\" class=\"vcex-toggle__trigger wpex-transition-colors wpex-flex wpex-items-center wpex-gap-10\" aria-expanded=\"false\" aria-controls=\"wie-kann-ich-buchen\"><div class=\"vcex-toggle__icon wpex-flex wpex-items-center wpex-justify-center\" aria-hidden=\"true\"><div class=\"vcex-toggle__icon-open wpex-flex wpex-flex-col wpex-items-center\"><svg xmlns=\"http:\/\/www.w3.org\/2000\/svg\" height=\"1.5em\" viewBox=\"0 0 24 24\" width=\"1.5em\" fill=\"currentColor\" class=\"vcex-toggle__icon-open\"><path d=\"M0 0h24v24H0V0z\" fill=\"none\"\/><path d=\"M19 13h-6v6h-2v-6H5v-2h6V5h2v6h6v2z\"\/><\/svg><\/div><div class=\"vcex-toggle__icon-close wpex-flex wpex-flex-col wpex-items-center\"><svg xmlns=\"http:\/\/www.w3.org\/2000\/svg\" height=\"1.5em\" viewBox=\"0 0 24 24\" width=\"1.5em\" fill=\"currentColor\" class=\"vcex-toggle__icon-close\"><path d=\"M0 0h24v24H0V0z\" fill=\"none\"\/><path d=\"M19 13H5v-2h14v2z\"\/><\/svg><\/div><\/div><div class=\"vcex-toggle__title\" itemprop=\"name\">Wie kann ich buchen?<\/div><\/a><\/div><div id=\"wie-kann-ich-buchen\" class=\"vcex-toggle__content wpex-clr wpex-last-mb-0 wpex-my-10\" itemscope itemprop=\"acceptedAnswer\" itemtype=\"https:\/\/schema.org\/Answer\"><div itemprop=\"text\"><p>\u00dcber die Website oder kontaktieren Sie uns direkt.<\/p>\n<\/div><\/div><\/div> <div class=\"vcex-toggle vcex-module\" data-animate=\"true\" data-duration=\"300\" itemscope=\"itemscope\" itemprop=\"mainEntity\" itemtype=\"https:\/\/schema.org\/Question\"><div class=\"vcex-toggle__heading\"><a href=\"#wie-sind-die-check-in-und-check-out-zeiten\" class=\"vcex-toggle__trigger wpex-transition-colors wpex-flex wpex-items-center wpex-gap-10\" aria-expanded=\"false\" aria-controls=\"wie-sind-die-check-in-und-check-out-zeiten\"><div class=\"vcex-toggle__icon wpex-flex wpex-items-center wpex-justify-center\" aria-hidden=\"true\"><div class=\"vcex-toggle__icon-open wpex-flex wpex-flex-col wpex-items-center\"><svg xmlns=\"http:\/\/www.w3.org\/2000\/svg\" height=\"1.5em\" viewBox=\"0 0 24 24\" width=\"1.5em\" fill=\"currentColor\" class=\"vcex-toggle__icon-open\"><path d=\"M0 0h24v24H0V0z\" fill=\"none\"\/><path d=\"M19 13h-6v6h-2v-6H5v-2h6V5h2v6h6v2z\"\/><\/svg><\/div><div class=\"vcex-toggle__icon-close wpex-flex wpex-flex-col wpex-items-center\"><svg xmlns=\"http:\/\/www.w3.org\/2000\/svg\" height=\"1.5em\" viewBox=\"0 0 24 24\" width=\"1.5em\" fill=\"currentColor\" class=\"vcex-toggle__icon-close\"><path d=\"M0 0h24v24H0V0z\" fill=\"none\"\/><path d=\"M19 13H5v-2h14v2z\"\/><\/svg><\/div><\/div><div class=\"vcex-toggle__title\" itemprop=\"name\">Wie sind die Check-in und Check-out Zeiten?<\/div><\/a><\/div><div id=\"wie-sind-die-check-in-und-check-out-zeiten\" class=\"vcex-toggle__content wpex-clr wpex-last-mb-0 wpex-my-10\" itemscope itemprop=\"acceptedAnswer\" itemtype=\"https:\/\/schema.org\/Answer\"><div itemprop=\"text\"><p>Standard Check-in am Nachmittag und Check-out am Morgen (Details bei der Buchung), bei Wochenendbuchungen k\u00f6nnen Sie bis 20 Uhr bleiben.<\/p>\n<\/div><\/div><\/div> <div class=\"vcex-toggle vcex-module\" data-animate=\"true\" data-duration=\"300\" itemscope=\"itemscope\" itemprop=\"mainEntity\" itemtype=\"https:\/\/schema.org\/Question\"><div class=\"vcex-toggle__heading\"><a href=\"#kann-ich-eine-rechnung-erhalten\" class=\"vcex-toggle__trigger wpex-transition-colors wpex-flex wpex-items-center wpex-gap-10\" aria-expanded=\"false\" aria-controls=\"kann-ich-eine-rechnung-erhalten\"><div class=\"vcex-toggle__icon wpex-flex wpex-items-center wpex-justify-center\" aria-hidden=\"true\"><div class=\"vcex-toggle__icon-open wpex-flex wpex-flex-col wpex-items-center\"><svg xmlns=\"http:\/\/www.w3.org\/2000\/svg\" height=\"1.5em\" viewBox=\"0 0 24 24\" width=\"1.5em\" fill=\"currentColor\" class=\"vcex-toggle__icon-open\"><path d=\"M0 0h24v24H0V0z\" fill=\"none\"\/><path d=\"M19 13h-6v6h-2v-6H5v-2h6V5h2v6h6v2z\"\/><\/svg><\/div><div class=\"vcex-toggle__icon-close wpex-flex wpex-flex-col wpex-items-center\"><svg xmlns=\"http:\/\/www.w3.org\/2000\/svg\" height=\"1.5em\" viewBox=\"0 0 24 24\" width=\"1.5em\" fill=\"currentColor\" class=\"vcex-toggle__icon-close\"><path d=\"M0 0h24v24H0V0z\" fill=\"none\"\/><path d=\"M19 13H5v-2h14v2z\"\/><\/svg><\/div><\/div><div class=\"vcex-toggle__title\" itemprop=\"name\">Kann ich eine Rechnung erhalten?<\/div><\/a><\/div><div id=\"kann-ich-eine-rechnung-erhalten\" class=\"vcex-toggle__content wpex-clr wpex-last-mb-0 wpex-my-10\" itemscope itemprop=\"acceptedAnswer\" itemtype=\"https:\/\/schema.org\/Answer\"><div itemprop=\"text\"><p>Ja, f\u00fcr gesch\u00e4ftliche und private Aufenthalte.<\/p>\n<\/div><\/div><\/div> <div class=\"vcex-toggle vcex-module\" data-animate=\"true\" data-duration=\"300\" itemscope=\"itemscope\" itemprop=\"mainEntity\" itemtype=\"https:\/\/schema.org\/Question\"><div class=\"vcex-toggle__heading\"><a href=\"#ist-eine-kaution-erforderlich\" class=\"vcex-toggle__trigger wpex-transition-colors wpex-flex wpex-items-center wpex-gap-10\" aria-expanded=\"false\" aria-controls=\"ist-eine-kaution-erforderlich\"><div class=\"vcex-toggle__icon wpex-flex wpex-items-center wpex-justify-center\" aria-hidden=\"true\"><div class=\"vcex-toggle__icon-open wpex-flex wpex-flex-col wpex-items-center\"><svg xmlns=\"http:\/\/www.w3.org\/2000\/svg\" height=\"1.5em\" viewBox=\"0 0 24 24\" width=\"1.5em\" fill=\"currentColor\" class=\"vcex-toggle__icon-open\"><path d=\"M0 0h24v24H0V0z\" fill=\"none\"\/><path d=\"M19 13h-6v6h-2v-6H5v-2h6V5h2v6h6v2z\"\/><\/svg><\/div><div class=\"vcex-toggle__icon-close wpex-flex wpex-flex-col wpex-items-center\"><svg xmlns=\"http:\/\/www.w3.org\/2000\/svg\" height=\"1.5em\" viewBox=\"0 0 24 24\" width=\"1.5em\" fill=\"currentColor\" class=\"vcex-toggle__icon-close\"><path d=\"M0 0h24v24H0V0z\" fill=\"none\"\/><path d=\"M19 13H5v-2h14v2z\"\/><\/svg><\/div><\/div><div class=\"vcex-toggle__title\" itemprop=\"name\">Ist eine Kaution erforderlich?<\/div><\/a><\/div><div id=\"ist-eine-kaution-erforderlich\" class=\"vcex-toggle__content wpex-clr wpex-last-mb-0 wpex-my-10\" itemscope itemprop=\"acceptedAnswer\" itemtype=\"https:\/\/schema.org\/Answer\"><div itemprop=\"text\"><p>Ja, je nach Aufenthalt.<\/p>\n<\/div><\/div><\/div> <div class=\"vcex-toggle vcex-module\" data-animate=\"true\" data-duration=\"300\" itemscope=\"itemscope\" itemprop=\"mainEntity\" itemtype=\"https:\/\/schema.org\/Question\"><div class=\"vcex-toggle__heading\"><a href=\"#wie-kann-ich-bezahlen\" class=\"vcex-toggle__trigger wpex-transition-colors wpex-flex wpex-items-center wpex-gap-10\" aria-expanded=\"false\" aria-controls=\"wie-kann-ich-bezahlen\"><div class=\"vcex-toggle__icon wpex-flex wpex-items-center wpex-justify-center\" aria-hidden=\"true\"><div class=\"vcex-toggle__icon-open wpex-flex wpex-flex-col wpex-items-center\"><svg xmlns=\"http:\/\/www.w3.org\/2000\/svg\" height=\"1.5em\" viewBox=\"0 0 24 24\" width=\"1.5em\" fill=\"currentColor\" class=\"vcex-toggle__icon-open\"><path d=\"M0 0h24v24H0V0z\" fill=\"none\"\/><path d=\"M19 13h-6v6h-2v-6H5v-2h6V5h2v6h6v2z\"\/><\/svg><\/div><div class=\"vcex-toggle__icon-close wpex-flex wpex-flex-col wpex-items-center\"><svg xmlns=\"http:\/\/www.w3.org\/2000\/svg\" height=\"1.5em\" viewBox=\"0 0 24 24\" width=\"1.5em\" fill=\"currentColor\" class=\"vcex-toggle__icon-close\"><path d=\"M0 0h24v24H0V0z\" fill=\"none\"\/><path d=\"M19 13H5v-2h14v2z\"\/><\/svg><\/div><\/div><div class=\"vcex-toggle__title\" itemprop=\"name\">Wie kann ich bezahlen?<\/div><\/a><\/div><div id=\"wie-kann-ich-bezahlen\" class=\"vcex-toggle__content wpex-clr wpex-last-mb-0 wpex-my-10\" itemscope itemprop=\"acceptedAnswer\" itemtype=\"https:\/\/schema.org\/Answer\"><div itemprop=\"text\"><p>Per Bank\u00fcberweisung oder gem\u00e4\u00df den Bedingungen bei der Buchung.<\/p>\n<\/div><\/div><\/div> <div class=\"vcex-toggle vcex-module\" data-animate=\"true\" data-duration=\"300\" itemscope=\"itemscope\" itemprop=\"mainEntity\" itemtype=\"https:\/\/schema.org\/Question\"><div class=\"vcex-toggle__heading\"><a href=\"#sind-gruppenbuchungen-erlaubt\" class=\"vcex-toggle__trigger wpex-transition-colors wpex-flex wpex-items-center wpex-gap-10\" aria-expanded=\"false\" aria-controls=\"sind-gruppenbuchungen-erlaubt\"><div class=\"vcex-toggle__icon wpex-flex wpex-items-center wpex-justify-center\" aria-hidden=\"true\"><div class=\"vcex-toggle__icon-open wpex-flex wpex-flex-col wpex-items-center\"><svg xmlns=\"http:\/\/www.w3.org\/2000\/svg\" height=\"1.5em\" viewBox=\"0 0 24 24\" width=\"1.5em\" fill=\"currentColor\" class=\"vcex-toggle__icon-open\"><path d=\"M0 0h24v24H0V0z\" fill=\"none\"\/><path d=\"M19 13h-6v6h-2v-6H5v-2h6V5h2v6h6v2z\"\/><\/svg><\/div><div class=\"vcex-toggle__icon-close wpex-flex wpex-flex-col wpex-items-center\"><svg xmlns=\"http:\/\/www.w3.org\/2000\/svg\" height=\"1.5em\" viewBox=\"0 0 24 24\" width=\"1.5em\" fill=\"currentColor\" class=\"vcex-toggle__icon-close\"><path d=\"M0 0h24v24H0V0z\" fill=\"none\"\/><path d=\"M19 13H5v-2h14v2z\"\/><\/svg><\/div><\/div><div class=\"vcex-toggle__title\" itemprop=\"name\">Sind Gruppenbuchungen erlaubt?<\/div><\/a><\/div><div id=\"sind-gruppenbuchungen-erlaubt\" class=\"vcex-toggle__content wpex-clr wpex-last-mb-0 wpex-my-10\" itemscope itemprop=\"acceptedAnswer\" itemtype=\"https:\/\/schema.org\/Answer\"><div itemprop=\"text\"><p>Ja, ideal f\u00fcr ein Familienfest, einen Fahrradclub oder ein Wochenende mit Freunden.<\/p>\n<\/div><\/div><\/div> <div class=\"vcex-toggle vcex-module\" data-animate=\"true\" data-duration=\"300\" itemscope=\"itemscope\" itemprop=\"mainEntity\" itemtype=\"https:\/\/schema.org\/Question\"><div class=\"vcex-toggle__heading\"><a href=\"#knnen-sie-ihr-eigenes-catering-mitbringen\" class=\"vcex-toggle__trigger wpex-transition-colors wpex-flex wpex-items-center wpex-gap-10\" aria-expanded=\"false\" aria-controls=\"knnen-sie-ihr-eigenes-catering-mitbringen\"><div class=\"vcex-toggle__icon wpex-flex wpex-items-center wpex-justify-center\" aria-hidden=\"true\"><div class=\"vcex-toggle__icon-open wpex-flex wpex-flex-col wpex-items-center\"><svg xmlns=\"http:\/\/www.w3.org\/2000\/svg\" height=\"1.5em\" viewBox=\"0 0 24 24\" width=\"1.5em\" fill=\"currentColor\" class=\"vcex-toggle__icon-open\"><path d=\"M0 0h24v24H0V0z\" fill=\"none\"\/><path d=\"M19 13h-6v6h-2v-6H5v-2h6V5h2v6h6v2z\"\/><\/svg><\/div><div class=\"vcex-toggle__icon-close wpex-flex wpex-flex-col wpex-items-center\"><svg xmlns=\"http:\/\/www.w3.org\/2000\/svg\" height=\"1.5em\" viewBox=\"0 0 24 24\" width=\"1.5em\" fill=\"currentColor\" class=\"vcex-toggle__icon-close\"><path d=\"M0 0h24v24H0V0z\" fill=\"none\"\/><path d=\"M19 13H5v-2h14v2z\"\/><\/svg><\/div><\/div><div class=\"vcex-toggle__title\" itemprop=\"name\">K\u00f6nnen Sie Ihr eigenes Catering mitbringen?<\/div><\/a><\/div><div id=\"knnen-sie-ihr-eigenes-catering-mitbringen\" class=\"vcex-toggle__content wpex-clr wpex-last-mb-0 wpex-my-10\" itemscope itemprop=\"acceptedAnswer\" itemtype=\"https:\/\/schema.org\/Answer\"><div itemprop=\"text\"><p>Ja, die K\u00fcchen sind voll ausgestattet.<\/p>\n<\/div><\/div><\/div> <div class=\"vcex-toggle vcex-module\" data-animate=\"true\" data-duration=\"300\" itemscope=\"itemscope\" itemprop=\"mainEntity\" itemtype=\"https:\/\/schema.org\/Question\"><div class=\"vcex-toggle__heading\"><a href=\"#ist-das-rauchen-erlaubt\" class=\"vcex-toggle__trigger wpex-transition-colors wpex-flex wpex-items-center wpex-gap-10\" aria-expanded=\"false\" aria-controls=\"ist-das-rauchen-erlaubt\"><div class=\"vcex-toggle__icon wpex-flex wpex-items-center wpex-justify-center\" aria-hidden=\"true\"><div class=\"vcex-toggle__icon-open wpex-flex wpex-flex-col wpex-items-center\"><svg xmlns=\"http:\/\/www.w3.org\/2000\/svg\" height=\"1.5em\" viewBox=\"0 0 24 24\" width=\"1.5em\" fill=\"currentColor\" class=\"vcex-toggle__icon-open\"><path d=\"M0 0h24v24H0V0z\" fill=\"none\"\/><path d=\"M19 13h-6v6h-2v-6H5v-2h6V5h2v6h6v2z\"\/><\/svg><\/div><div class=\"vcex-toggle__icon-close wpex-flex wpex-flex-col wpex-items-center\"><svg xmlns=\"http:\/\/www.w3.org\/2000\/svg\" height=\"1.5em\" viewBox=\"0 0 24 24\" width=\"1.5em\" fill=\"currentColor\" class=\"vcex-toggle__icon-close\"><path d=\"M0 0h24v24H0V0z\" fill=\"none\"\/><path d=\"M19 13H5v-2h14v2z\"\/><\/svg><\/div><\/div><div class=\"vcex-toggle__title\" itemprop=\"name\">Ist das Rauchen erlaubt?<\/div><\/a><\/div><div id=\"ist-das-rauchen-erlaubt\" class=\"vcex-toggle__content wpex-clr wpex-last-mb-0 wpex-my-10\" itemscope itemprop=\"acceptedAnswer\" itemtype=\"https:\/\/schema.org\/Answer\"><div itemprop=\"text\"><p>Innen nicht &#8211; Au\u00dfenbereiche verf\u00fcgbar.<\/p>\n<\/div><\/div><\/div> <div class=\"vcex-toggle vcex-module\" data-animate=\"true\" data-duration=\"300\" itemscope=\"itemscope\" itemprop=\"mainEntity\" itemtype=\"https:\/\/schema.org\/Question\"><div class=\"vcex-toggle__heading\"><a href=\"#was-geschieht-im-falle-einer-stornierung\" class=\"vcex-toggle__trigger wpex-transition-colors wpex-flex wpex-items-center wpex-gap-10\" aria-expanded=\"false\" aria-controls=\"was-geschieht-im-falle-einer-stornierung\"><div class=\"vcex-toggle__icon wpex-flex wpex-items-center wpex-justify-center\" aria-hidden=\"true\"><div class=\"vcex-toggle__icon-open wpex-flex wpex-flex-col wpex-items-center\"><svg xmlns=\"http:\/\/www.w3.org\/2000\/svg\" height=\"1.5em\" viewBox=\"0 0 24 24\" width=\"1.5em\" fill=\"currentColor\" class=\"vcex-toggle__icon-open\"><path d=\"M0 0h24v24H0V0z\" fill=\"none\"\/><path d=\"M19 13h-6v6h-2v-6H5v-2h6V5h2v6h6v2z\"\/><\/svg><\/div><div class=\"vcex-toggle__icon-close wpex-flex wpex-flex-col wpex-items-center\"><svg xmlns=\"http:\/\/www.w3.org\/2000\/svg\" height=\"1.5em\" viewBox=\"0 0 24 24\" width=\"1.5em\" fill=\"currentColor\" class=\"vcex-toggle__icon-close\"><path d=\"M0 0h24v24H0V0z\" fill=\"none\"\/><path d=\"M19 13H5v-2h14v2z\"\/><\/svg><\/div><\/div><div class=\"vcex-toggle__title\" itemprop=\"name\">Was geschieht im Falle einer Stornierung?<\/div><\/a><\/div><div id=\"was-geschieht-im-falle-einer-stornierung\" class=\"vcex-toggle__content wpex-clr wpex-last-mb-0 wpex-my-10\" itemscope itemprop=\"acceptedAnswer\" itemtype=\"https:\/\/schema.org\/Answer\"><div itemprop=\"text\"><p>Die Stornierungsbedingungen werden bei der Buchung angegeben.<\/p>\n<\/div><\/div><\/div> <div class=\"vcex-toggle vcex-module\" data-animate=\"true\" data-duration=\"300\" itemscope=\"itemscope\" itemprop=\"mainEntity\" itemtype=\"https:\/\/schema.org\/Question\"><div class=\"vcex-toggle__heading\"><a href=\"#ist-ein-langfristiger-aufenthalt-mglich\" class=\"vcex-toggle__trigger wpex-transition-colors wpex-flex wpex-items-center wpex-gap-10\" aria-expanded=\"false\" aria-controls=\"ist-ein-langfristiger-aufenthalt-mglich\"><div class=\"vcex-toggle__icon wpex-flex wpex-items-center wpex-justify-center\" aria-hidden=\"true\"><div class=\"vcex-toggle__icon-open wpex-flex wpex-flex-col wpex-items-center\"><svg xmlns=\"http:\/\/www.w3.org\/2000\/svg\" height=\"1.5em\" viewBox=\"0 0 24 24\" width=\"1.5em\" fill=\"currentColor\" class=\"vcex-toggle__icon-open\"><path d=\"M0 0h24v24H0V0z\" fill=\"none\"\/><path d=\"M19 13h-6v6h-2v-6H5v-2h6V5h2v6h6v2z\"\/><\/svg><\/div><div class=\"vcex-toggle__icon-close wpex-flex wpex-flex-col wpex-items-center\"><svg xmlns=\"http:\/\/www.w3.org\/2000\/svg\" height=\"1.5em\" viewBox=\"0 0 24 24\" width=\"1.5em\" fill=\"currentColor\" class=\"vcex-toggle__icon-close\"><path d=\"M0 0h24v24H0V0z\" fill=\"none\"\/><path d=\"M19 13H5v-2h14v2z\"\/><\/svg><\/div><\/div><div class=\"vcex-toggle__title\" itemprop=\"name\">Ist ein langfristiger Aufenthalt m\u00f6glich?<\/div><\/a><\/div><div id=\"ist-ein-langfristiger-aufenthalt-mglich\" class=\"vcex-toggle__content wpex-clr wpex-last-mb-0 wpex-my-10\" itemscope itemprop=\"acceptedAnswer\" itemtype=\"https:\/\/schema.org\/Answer\"><div itemprop=\"text\"><p>Ja, auf Anfrage und je nach Verf\u00fcgbarkeit.<\/p>\n<\/div><\/div><\/div><\/div>[\/vc_column][vc_column width=&#8220;1\/2&#8243;]<figure class=\"vcex-image vcex-module\"><div class=\"vcex-image-inner wpex-relative wpex-inline-block\"><img width=\"734\" height=\"551\" src=\"https:\/\/www.deswaenhoeck.be\/wp-content\/uploads\/2022\/09\/omgeving4.jpg\" class=\"vcex-image-img wpex-align-middle\" alt=\"\" loading=\"lazy\" decoding=\"async\" srcset=\"https:\/\/www.deswaenhoeck.be\/wp-content\/uploads\/2022\/09\/omgeving4.jpg 734w, https:\/\/www.deswaenhoeck.be\/wp-content\/uploads\/2022\/09\/omgeving4-300x225.jpg 300w\" sizes=\"auto, (max-width: 734px) 100vw, 734px\" \/><\/div><\/figure>[\/vc_column][\/vc_row]\n<\/div>","protected":false},"excerpt":{"rendered":"<p>[vc_row offset_overlay_header=&#8220;yes&#8220;][vc_column width=&#8220;1\/2&#8243;][\/vc_column][vc_column width=&#8220;1\/2&#8243;][\/vc_column][\/vc_row]<\/p>\n","protected":false},"author":1,"featured_media":0,"parent":29013,"menu_order":3,"comment_status":"closed","ping_status":"closed","template":"","meta":{"footnotes":""},"class_list":["post-29042","page","type-page","status-publish","hentry","entry","no-media"],"_links":{"self":[{"href":"https:\/\/www.deswaenhoeck.be\/de\/wp-json\/wp\/v2\/pages\/29042","targetHints":{"allow":["GET"]}}],"collection":[{"href":"https:\/\/www.deswaenhoeck.be\/de\/wp-json\/wp\/v2\/pages"}],"about":[{"href":"https:\/\/www.deswaenhoeck.be\/de\/wp-json\/wp\/v2\/types\/page"}],"author":[{"embeddable":true,"href":"https:\/\/www.deswaenhoeck.be\/de\/wp-json\/wp\/v2\/users\/1"}],"replies":[{"embeddable":true,"href":"https:\/\/www.deswaenhoeck.be\/de\/wp-json\/wp\/v2\/comments?post=29042"}],"version-history":[{"count":5,"href":"https:\/\/www.deswaenhoeck.be\/de\/wp-json\/wp\/v2\/pages\/29042\/revisions"}],"predecessor-version":[{"id":29095,"href":"https:\/\/www.deswaenhoeck.be\/de\/wp-json\/wp\/v2\/pages\/29042\/revisions\/29095"}],"up":[{"embeddable":true,"href":"https:\/\/www.deswaenhoeck.be\/de\/wp-json\/wp\/v2\/pages\/29013"}],"wp:attachment":[{"href":"https:\/\/www.deswaenhoeck.be\/de\/wp-json\/wp\/v2\/media?parent=29042"}],"curies":[{"name":"wp","href":"https:\/\/api.w.org\/{rel}","templated":true}]}}