{"id":1229,"date":"2021-10-19T04:28:58","date_gmt":"2021-10-19T04:28:58","guid":{"rendered":"https:\/\/www.deswaenhoeck.be\/page-404\/"},"modified":"2022-09-27T06:07:27","modified_gmt":"2022-09-27T06:07:27","slug":"page-404","status":"publish","type":"page","link":"https:\/\/www.deswaenhoeck.be\/fr\/page-404\/","title":{"rendered":"Page 404"},"content":{"rendered":"<div class=\"wpb-content-wrapper\">[vc_row full_width=\u00a0\u00bbstretch_row\u00a0\u00bb full_height=\u00a0\u00bbyes\u00a0\u00bb remove_bottom_col_margin=\u00a0\u00bbtrue\u00a0\u00bb el_class=\u00a0\u00bbwpex-bg-accent\u00a0\u00bb css=\u00a0\u00bb.vc_custom_1634621000845{padding-top: 140px !important;padding-bottom: 140px !important;}\u00a0\u00bb][vc_column]<style>.vcex-heading.vcex_69f548f2d3303{color:#ffffff;}<\/style><h1 class=\"vcex-heading vcex-heading-plain vcex-module wpex-heading wpex-text-2xl wpex-h1 wpex-text-center vcex_69f548f2d3303\"><span class=\"vcex-heading-inner wpex-block\"><span class=\"wpex-responsive-txt\" data-max-font-size=\"50\" data-data-min-font-size=\"20\">Page non trouv\u00e9e<\/span><\/span><\/h1><div class=\"vcex-spacing wpex-w-100 wpex-clear\" style=\"height:20px;\"><\/div>[vc_column_text color=\u00a0\u00bb#ffffff\u00a0\u00bb text_align=\u00a0\u00bbcenter\u00a0\u00bb align=\u00a0\u00bbcenter\u00a0\u00bb width=\u00a0\u00bb550px\u00a0\u00bb]D\u00e9sol\u00e9, la page que vous recherchez n&rsquo;existe pas ou a \u00e9t\u00e9 d\u00e9plac\u00e9e. Voici quelques liens utiles :[\/vc_column_text]<div class=\"vcex-spacing wpex-w-100 wpex-clear\"><\/div><style>.vcex-flex-container_69f548f2d3ea2{gap:15px;}.vcex-button.vcex_69f548f2d466f{border-radius:9999px;border:1px solid rgba(255,255,255,0.2);}.vcex-button.vcex_69f548f2d466f:hover{background:#4230dd!important;color:#ffffff!important;}<\/style><div class=\"vcex-flex-container vcex-module wpex-flex wpex-gap-20 wpex-flex-wrap wpex-items-center wpex-justify-center vcex-flex-container_69f548f2d3ea2\"><a href=\"#\" class=\"vcex-button theme-button minimal-border white inline wpex-go-back vcex_69f548f2d466f\"><span class=\"vcex-button-inner theme-button-inner wpex-flex wpex-flex-wrap wpex-items-center wpex-justify-center\"><span class=\"vcex-button-icon vcex-icon-wrap theme-button-icon-left\"><span class=\"wpex-icon wpex-icon--bidi\" aria-hidden=\"true\"><svg xmlns=\"http:\/\/www.w3.org\/2000\/svg\" viewBox=\"0 0 320 512\"><path d=\"M41.4 233.4c-12.5 12.5-12.5 32.8 0 45.3l160 160c12.5 12.5 32.8 12.5 45.3 0s12.5-32.8 0-45.3L109.3 256 246.6 118.6c12.5-12.5 12.5-32.8 0-45.3s-32.8-12.5-45.3 0l-160 160z\"\/><\/svg><\/span><\/span>Retourner<\/span><\/a> <a href=\"https:\/\/www.deswaenhoeck.be\/\" class=\"vcex-button theme-button white inline\"><span class=\"vcex-button-inner theme-button-inner wpex-flex wpex-flex-wrap wpex-items-center wpex-justify-center\">Ram\u00e8ne-moi \u00e0 la maison<\/span><\/a> <\/div>[\/vc_column][\/vc_row]\n<\/div>","protected":false},"excerpt":{"rendered":"<p>[vc_row full_width=\u00a0\u00bbstretch_row\u00a0\u00bb full_height=\u00a0\u00bbyes\u00a0\u00bb remove_bottom_col_margin=\u00a0\u00bbtrue\u00a0\u00bb el_class=\u00a0\u00bbwpex-bg-accent\u00a0\u00bb css=\u00a0\u00bb.vc_custom_1634621000845{padding-top: 140px !important;padding-bottom: 140px !important;}\u00a0\u00bb][vc_column][vc_column_text color=\u00a0\u00bb#ffffff\u00a0\u00bb text_align=\u00a0\u00bbcenter\u00a0\u00bb align=\u00a0\u00bbcenter\u00a0\u00bb width=\u00a0\u00bb550px\u00a0\u00bb]D\u00e9sol\u00e9, la page que vous recherchez n&rsquo;existe pas ou a \u00e9t\u00e9 d\u00e9plac\u00e9e. Voici quelques liens utiles :[\/vc_column_text][\/vc_column][\/vc_row]<\/p>\n","protected":false},"author":1,"featured_media":0,"parent":0,"menu_order":0,"comment_status":"closed","ping_status":"closed","template":"","meta":{"footnotes":""},"class_list":["post-1229","page","type-page","status-publish","hentry","entry","no-media"],"_links":{"self":[{"href":"https:\/\/www.deswaenhoeck.be\/fr\/wp-json\/wp\/v2\/pages\/1229","targetHints":{"allow":["GET"]}}],"collection":[{"href":"https:\/\/www.deswaenhoeck.be\/fr\/wp-json\/wp\/v2\/pages"}],"about":[{"href":"https:\/\/www.deswaenhoeck.be\/fr\/wp-json\/wp\/v2\/types\/page"}],"author":[{"embeddable":true,"href":"https:\/\/www.deswaenhoeck.be\/fr\/wp-json\/wp\/v2\/users\/1"}],"replies":[{"embeddable":true,"href":"https:\/\/www.deswaenhoeck.be\/fr\/wp-json\/wp\/v2\/comments?post=1229"}],"version-history":[{"count":1,"href":"https:\/\/www.deswaenhoeck.be\/fr\/wp-json\/wp\/v2\/pages\/1229\/revisions"}],"predecessor-version":[{"id":1233,"href":"https:\/\/www.deswaenhoeck.be\/fr\/wp-json\/wp\/v2\/pages\/1229\/revisions\/1233"}],"wp:attachment":[{"href":"https:\/\/www.deswaenhoeck.be\/fr\/wp-json\/wp\/v2\/media?parent=1229"}],"curies":[{"name":"wp","href":"https:\/\/api.w.org\/{rel}","templated":true}]}}