{"id":1254,"date":"2021-08-10T04:11:40","date_gmt":"2021-08-10T04:11:40","guid":{"rendered":"https:\/\/www.deswaenhoeck.be\/page-daccueil\/"},"modified":"2022-10-07T12:41:09","modified_gmt":"2022-10-07T12:41:09","slug":"page-daccueil","status":"publish","type":"page","link":"https:\/\/www.deswaenhoeck.be\/fr\/","title":{"rendered":"Page d&rsquo;accueil"},"content":{"rendered":"<div class=\"wpb-content-wrapper\">[vc_row][vc_column width=\u00a0\u00bb1\/2&Prime;]<h2 class=\"vcex-heading vcex-heading-plain vcex-module wpex-heading wpex-text-2xl wpex-h2\"><span class=\"vcex-heading-inner wpex-inline-block\">Bienvenue \u00e0 la maison de vacances De Swaenhoeck<\/span><\/h2>[vc_column_text]Notre maison de vacances, situ\u00e9e au milieu du paysage de polders de l&rsquo;Ommeland brugeois, est le lieu de s\u00e9jour id\u00e9al pour les randonneurs, les cyclistes, les golfeurs ou tout simplement ceux qui aiment la vie. \u00c0 deux pas de Damme, c&rsquo;est le point de d\u00e9part id\u00e9al pour une balade \u00e0 v\u00e9lo vers la c\u00f4te, Bruges ou pour une promenade relaxante sur l&rsquo;un des sentiers de randonn\u00e9es \u00e0 couper le souffle. Les fermes authentiques surplombent le golf de Damme dans une oasis de verdure et de tranquillit\u00e9.<\/p>\n<p>De Swaenhoeck&rsquo; peut accueillir de 4 \u00e0 20 personnes -divis\u00e9 en 3 unit\u00e9s de logement- et est \u00e9quip\u00e9 de tout le confort possible avec les principaux avantages suivants : chemin\u00e9e, cuisine ouverte enti\u00e8rement \u00e9quip\u00e9e avec four et micro-ondes. Lave-vaisselle et lave-linge (uniquement dans le manoir), t\u00e9l\u00e9vision avec DVD, syst\u00e8me de musique, 3 lits d&rsquo;enfants, barbecue, internet sans fil, jeux de soci\u00e9t\u00e9, table de ping-pong, balan\u00e7oire, v\u00e9los \u00e0 louer, animaux de la ferme, informations r\u00e9gionales&#8230; Situ\u00e9e \u00e0 c\u00f4t\u00e9 de la maison principale, il y a une autre chambre luxueuse au rez-de-chauss\u00e9e avec sa propre entr\u00e9e, des toilettes et une salle de bain s\u00e9par\u00e9e qui peut \u00eatre lou\u00e9e \u00e9galement.<\/p>\n<p>Notre infrastructure convient parfaitement aux longs s\u00e9jours et aux familles nombreuses ou aux groupes. Le d\u00e9cor est rustique, discret et confortablement sophistiqu\u00e9, avec une attention port\u00e9e au moindre d\u00e9tail ! Venez vous amuser avec nous&#8230;[\/vc_column_text][\/vc_column][vc_column width=\u00a0\u00bb1\/2&Prime;]<style>.vcex-image.vcex_69f1f4099dec2 .vcex-image-inner{max-width:60%;}<\/style><figure class=\"vcex-image vcex-module wpex-text-center vcex_69f1f4099dec2\"><div class=\"vcex-image-inner wpex-relative wpex-inline-block\"><img width=\"1708\" height=\"2560\" src=\"https:\/\/www.deswaenhoeck.be\/wp-content\/uploads\/2022\/09\/DSC_0122-scaled.jpg\" class=\"vcex-image-img wpex-align-middle\" alt=\"\" loading=\"lazy\" decoding=\"async\" srcset=\"https:\/\/www.deswaenhoeck.be\/wp-content\/uploads\/2022\/09\/DSC_0122-scaled.jpg 1708w, https:\/\/www.deswaenhoeck.be\/wp-content\/uploads\/2022\/09\/DSC_0122-200x300.jpg 200w, https:\/\/www.deswaenhoeck.be\/wp-content\/uploads\/2022\/09\/DSC_0122-683x1024.jpg 683w, https:\/\/www.deswaenhoeck.be\/wp-content\/uploads\/2022\/09\/DSC_0122-768x1151.jpg 768w, https:\/\/www.deswaenhoeck.be\/wp-content\/uploads\/2022\/09\/DSC_0122-1025x1536.jpg 1025w, https:\/\/www.deswaenhoeck.be\/wp-content\/uploads\/2022\/09\/DSC_0122-1367x2048.jpg 1367w\" sizes=\"auto, (max-width: 1708px) 100vw, 1708px\" \/><\/div><\/figure>[\/vc_column][\/vc_row][vc_row][vc_column]<div class=\"theme-heading border-bottom vcex-module-heading vcex_image_carousel-heading\"><span class=\"text\">Pourquoi s\u00e9journer \u00e0 De Swaenhoeck ?<\/span><\/div><div class=\"vcex-image-carousel wpex-carousel wpex-carousel-images wpex-clr vcex-module owl-carousel arrwstyle-min arrwpos-right\" data-wpex-carousel=\"{&quot;autoplay&quot;:&quot;true&quot;,&quot;center&quot;:&quot;true&quot;,&quot;slideBy&quot;:1,&quot;items&quot;:1,&quot;responsive&quot;:{&quot;0&quot;:{&quot;items&quot;:&quot;1&quot;},&quot;480&quot;:{&quot;items&quot;:1},&quot;768&quot;:{&quot;items&quot;:1},&quot;960&quot;:{&quot;items&quot;:1}}}\"><div class=\"wpex-carousel-slide\"><figure class=\"wpex-carousel-entry-media entry-media wpex-relative\"><img data-no-lazy=\"1\" class=\"wpex-align-middle skip-lazy\" src=\"https:\/\/www.deswaenhoeck.be\/wp-content\/uploads\/2022\/09\/DSC_0002-scaled-1400x750.jpg\" alt=\"\" width=\"1400\" height=\"750\"><\/figure><div class=\"wpex-carousel-entry-details entry-details wpex-boxed wpex-first-mt-0 wpex-last-mb-0 wpex-clr\"><div class=\"wpex-carousel-entry-title entry-title wpex-mb-5\">Maison de vacances pour enfants<\/div><\/div><\/div><div class=\"wpex-carousel-slide\"><figure class=\"wpex-carousel-entry-media entry-media wpex-relative\"><img data-no-lazy=\"1\" class=\"wpex-align-middle skip-lazy\" src=\"https:\/\/www.deswaenhoeck.be\/wp-content\/uploads\/2022\/09\/Swaenh-2012-07-1_55-1400x750.jpg\" alt=\"\" width=\"1400\" height=\"750\"><\/figure><div class=\"wpex-carousel-entry-details entry-details wpex-boxed wpex-first-mt-0 wpex-last-mb-0 wpex-clr\"><div class=\"wpex-carousel-entry-title entry-title wpex-mb-5\">Ferme magnifiquement restaur\u00e9e<\/div><\/div><\/div><div class=\"wpex-carousel-slide\"><figure class=\"wpex-carousel-entry-media entry-media wpex-relative\"><img data-no-lazy=\"1\" class=\"wpex-align-middle skip-lazy\" src=\"https:\/\/www.deswaenhoeck.be\/wp-content\/uploads\/2022\/09\/Swaenh-2012-07-1_136-1400x750.jpg\" alt=\"\" width=\"1400\" height=\"750\"><\/figure><div class=\"wpex-carousel-entry-details entry-details wpex-boxed wpex-first-mt-0 wpex-last-mb-0 wpex-clr\"><div class=\"wpex-carousel-entry-title entry-title wpex-mb-5\">De Swaenhoeck<\/div><\/div><\/div><div class=\"wpex-carousel-slide\"><figure class=\"wpex-carousel-entry-media entry-media wpex-relative\"><img data-no-lazy=\"1\" class=\"wpex-align-middle skip-lazy\" src=\"https:\/\/www.deswaenhoeck.be\/wp-content\/uploads\/2022\/09\/DSC_0025-scaled-1400x750.jpg\" alt=\"\" width=\"1400\" height=\"750\"><\/figure><div class=\"wpex-carousel-entry-details entry-details wpex-boxed wpex-first-mt-0 wpex-last-mb-0 wpex-clr\"><div class=\"wpex-carousel-entry-title entry-title wpex-mb-5\">Quatre d&rsquo;affil\u00e9e !<\/div><\/div><\/div><div class=\"wpex-carousel-slide\"><figure class=\"wpex-carousel-entry-media entry-media wpex-relative\"><img data-no-lazy=\"1\" class=\"wpex-align-middle skip-lazy\" src=\"https:\/\/www.deswaenhoeck.be\/wp-content\/uploads\/2022\/09\/DSC_0118-scaled-1400x750.jpg\" alt=\"\" width=\"1400\" height=\"750\"><\/figure><div class=\"wpex-carousel-entry-details entry-details wpex-boxed wpex-first-mt-0 wpex-last-mb-0 wpex-clr\"><div class=\"wpex-carousel-entry-title entry-title wpex-mb-5\">Magnifiquement r\u00e9nov\u00e9<\/div><\/div><\/div><div class=\"wpex-carousel-slide\"><figure class=\"wpex-carousel-entry-media entry-media wpex-relative\"><img data-no-lazy=\"1\" class=\"wpex-align-middle skip-lazy\" src=\"https:\/\/www.deswaenhoeck.be\/wp-content\/uploads\/2022\/09\/P1200779-1-scaled-1400x750.jpg\" alt=\"\" width=\"1400\" height=\"750\"><\/figure><div class=\"wpex-carousel-entry-details entry-details wpex-boxed wpex-first-mt-0 wpex-last-mb-0 wpex-clr\"><div class=\"wpex-carousel-entry-title entry-title wpex-mb-5\">Dans le respect du pass\u00e9<\/div><\/div><\/div><div class=\"wpex-carousel-slide\"><figure class=\"wpex-carousel-entry-media entry-media wpex-relative\"><img data-no-lazy=\"1\" class=\"wpex-align-middle skip-lazy\" src=\"https:\/\/www.deswaenhoeck.be\/wp-content\/uploads\/2022\/09\/P1360772-scaled-1400x750.jpg\" alt=\"\" width=\"1400\" height=\"750\"><\/figure><div class=\"wpex-carousel-entry-details entry-details wpex-boxed wpex-first-mt-0 wpex-last-mb-0 wpex-clr\"><div class=\"wpex-carousel-entry-title entry-title wpex-mb-5\">Marche et v\u00e9lo le long du canal de Damme<\/div><\/div><\/div><div class=\"wpex-carousel-slide\"><figure class=\"wpex-carousel-entry-media entry-media wpex-relative\"><img data-no-lazy=\"1\" class=\"wpex-align-middle skip-lazy\" src=\"https:\/\/www.deswaenhoeck.be\/wp-content\/uploads\/2022\/09\/Luchtfoto_1-1400x750.jpg\" alt=\"\" width=\"1400\" height=\"750\"><\/figure><div class=\"wpex-carousel-entry-details entry-details wpex-boxed wpex-first-mt-0 wpex-last-mb-0 wpex-clr\"><div class=\"wpex-carousel-entry-title entry-title wpex-mb-5\">\u00c0 un pas du Damme golf and country club<\/div><\/div><\/div><div class=\"wpex-carousel-slide\"><figure class=\"wpex-carousel-entry-media entry-media wpex-relative\"><img data-no-lazy=\"1\" class=\"wpex-align-middle skip-lazy\" src=\"https:\/\/www.deswaenhoeck.be\/wp-content\/uploads\/2022\/09\/P1000465-scaled-1400x750.jpg\" alt=\"\" width=\"1400\" height=\"750\"><\/figure><div class=\"wpex-carousel-entry-details entry-details wpex-boxed wpex-first-mt-0 wpex-last-mb-0 wpex-clr\"><div class=\"wpex-carousel-entry-title entry-title wpex-mb-5\">Propri\u00e9t\u00e9 de caract\u00e8re authentique<\/div><\/div><\/div><div class=\"wpex-carousel-slide\"><figure class=\"wpex-carousel-entry-media entry-media wpex-relative\"><img data-no-lazy=\"1\" class=\"wpex-align-middle skip-lazy\" src=\"https:\/\/www.deswaenhoeck.be\/wp-content\/uploads\/2022\/09\/P1200780-1-scaled-1400x750.jpg\" alt=\"\" width=\"1400\" height=\"750\"><\/figure><div class=\"wpex-carousel-entry-details entry-details wpex-boxed wpex-first-mt-0 wpex-last-mb-0 wpex-clr\"><div class=\"wpex-carousel-entry-title entry-title wpex-mb-5\">Mat\u00e9riaux naturels<\/div><\/div><\/div><div class=\"wpex-carousel-slide\"><figure class=\"wpex-carousel-entry-media entry-media wpex-relative\"><img data-no-lazy=\"1\" class=\"wpex-align-middle skip-lazy\" src=\"https:\/\/www.deswaenhoeck.be\/wp-content\/uploads\/2022\/09\/DSC_0099-scaled-1400x750.jpg\" alt=\"\" width=\"1400\" height=\"750\"><\/figure><div class=\"wpex-carousel-entry-details entry-details wpex-boxed wpex-first-mt-0 wpex-last-mb-0 wpex-clr\"><div class=\"wpex-carousel-entry-title entry-title wpex-mb-5\">Avec l&rsquo;amour de la nature<\/div><\/div><\/div><div class=\"wpex-carousel-slide\"><figure class=\"wpex-carousel-entry-media entry-media wpex-relative\"><img data-no-lazy=\"1\" class=\"wpex-align-middle skip-lazy\" src=\"https:\/\/www.deswaenhoeck.be\/wp-content\/uploads\/2022\/09\/DSC_0059-scaled-1400x750.jpg\" alt=\"\" width=\"1400\" height=\"750\"><\/figure><div class=\"wpex-carousel-entry-details entry-details wpex-boxed wpex-first-mt-0 wpex-last-mb-0 wpex-clr\"><div class=\"wpex-carousel-entry-title entry-title wpex-mb-5\">Jouer dans un environnement vert<\/div><\/div><\/div><div class=\"wpex-carousel-slide\"><figure class=\"wpex-carousel-entry-media entry-media wpex-relative\"><img data-no-lazy=\"1\" class=\"wpex-align-middle skip-lazy\" src=\"https:\/\/www.deswaenhoeck.be\/wp-content\/uploads\/2022\/09\/DSC_0156-scaled-1400x750.jpg\" alt=\"\" width=\"1400\" height=\"750\"><\/figure><div class=\"wpex-carousel-entry-details entry-details wpex-boxed wpex-first-mt-0 wpex-last-mb-0 wpex-clr\"><div class=\"wpex-carousel-entry-title entry-title wpex-mb-5\">Caract\u00e8re authentique<\/div><\/div><\/div><div class=\"wpex-carousel-slide\"><figure class=\"wpex-carousel-entry-media entry-media wpex-relative\"><img data-no-lazy=\"1\" class=\"wpex-align-middle skip-lazy\" src=\"https:\/\/www.deswaenhoeck.be\/wp-content\/uploads\/2022\/09\/d58038cc-51d6-46c5-90e8-11ed1f91ed3e-1400x750.jpg\" alt=\"\" width=\"1400\" height=\"750\"><\/figure><div class=\"wpex-carousel-entry-details entry-details wpex-boxed wpex-first-mt-0 wpex-last-mb-0 wpex-clr\"><div class=\"wpex-carousel-entry-title entry-title wpex-mb-5\">Envie d&rsquo;une partie de tennis de table ?<\/div><\/div><\/div><div class=\"wpex-carousel-slide\"><figure class=\"wpex-carousel-entry-media entry-media wpex-relative\"><img data-no-lazy=\"1\" class=\"wpex-align-middle skip-lazy\" src=\"https:\/\/www.deswaenhoeck.be\/wp-content\/uploads\/2022\/09\/DSC_0144-scaled-1400x750.jpg\" alt=\"\" width=\"1400\" height=\"750\"><\/figure><div class=\"wpex-carousel-entry-details entry-details wpex-boxed wpex-first-mt-0 wpex-last-mb-0 wpex-clr\"><div class=\"wpex-carousel-entry-title entry-title wpex-mb-5\">Bon golf dans un environnement vert<\/div><\/div><\/div><div class=\"wpex-carousel-slide\"><figure class=\"wpex-carousel-entry-media entry-media wpex-relative\"><img data-no-lazy=\"1\" class=\"wpex-align-middle skip-lazy\" src=\"https:\/\/www.deswaenhoeck.be\/wp-content\/uploads\/2022\/09\/DSC_0110-scaled-1400x750.jpg\" alt=\"\" width=\"1400\" height=\"750\"><\/figure><div class=\"wpex-carousel-entry-details entry-details wpex-boxed wpex-first-mt-0 wpex-last-mb-0 wpex-clr\"><div class=\"wpex-carousel-entry-title entry-title wpex-mb-5\">Nos moutons dans le pr\u00e9<\/div><\/div><\/div><\/div>[\/vc_column][\/vc_row][vc_row][vc_column width=\u00a0\u00bb1\/2&Prime;]<style>.vcex-image.vcex_69f1f409a366a .vcex-image-inner{max-width:90%;}<\/style><figure class=\"vcex-image vcex-module wpex-text-center vcex_69f1f409a366a\"><div class=\"vcex-image-inner wpex-relative wpex-inline-block\"><img width=\"2560\" height=\"1600\" src=\"https:\/\/www.deswaenhoeck.be\/wp-content\/uploads\/2022\/09\/DJI_0005-scaled.jpg\" class=\"vcex-image-img wpex-align-middle\" alt=\"\" loading=\"lazy\" decoding=\"async\" srcset=\"https:\/\/www.deswaenhoeck.be\/wp-content\/uploads\/2022\/09\/DJI_0005-scaled.jpg 2560w, https:\/\/www.deswaenhoeck.be\/wp-content\/uploads\/2022\/09\/DJI_0005-300x188.jpg 300w, https:\/\/www.deswaenhoeck.be\/wp-content\/uploads\/2022\/09\/DJI_0005-1024x640.jpg 1024w, https:\/\/www.deswaenhoeck.be\/wp-content\/uploads\/2022\/09\/DJI_0005-768x480.jpg 768w, https:\/\/www.deswaenhoeck.be\/wp-content\/uploads\/2022\/09\/DJI_0005-1536x960.jpg 1536w, https:\/\/www.deswaenhoeck.be\/wp-content\/uploads\/2022\/09\/DJI_0005-2048x1280.jpg 2048w\" sizes=\"auto, (max-width: 2560px) 100vw, 2560px\" \/><\/div><\/figure>[\/vc_column][vc_column width=\u00a0\u00bb1\/2&Prime;]<h2 class=\"vcex-heading vcex-heading-plain vcex-module wpex-heading wpex-text-2xl wpex-h2\"><span class=\"vcex-heading-inner wpex-inline-block\">Une longue histoire, en un mot...<\/span><\/h2>[vc_column_text]De Swaenhoeck\u00a0\u00bb est un authentique complexe agricole historique, entour\u00e9 de murs, dont l&rsquo;histoire et le noyau le plus ancien remontent aux 16e et 17e si\u00e8cles, avec une \u00e9curie d&rsquo;habitation du 18e si\u00e8cle (voir la date \u00ab\u00a01788\u00a0\u00bb dans le pignon nord) et des d\u00e9pendances du 19e si\u00e8cle.[\/vc_column_text][\/vc_column][\/vc_row]\n<\/div>","protected":false},"excerpt":{"rendered":"<p>[vc_row][vc_column width=\u00a0\u00bb1\/2&Prime;][vc_column_text]Notre maison de vacances, situ\u00e9e au milieu du paysage de polders de l&rsquo;Ommeland brugeois, est le lieu de s\u00e9jour id\u00e9al pour les randonneurs, les cyclistes, les golfeurs ou tout simplement ceux qui aiment la vie. \u00c0 deux pas de Damme, c&rsquo;est le point de d\u00e9part id\u00e9al pour une balade \u00e0 v\u00e9lo vers la c\u00f4te,&hellip;<\/p>\n","protected":false},"author":1,"featured_media":0,"parent":0,"menu_order":0,"comment_status":"closed","ping_status":"closed","template":"","meta":{"footnotes":""},"class_list":["post-1254","page","type-page","status-publish","hentry","entry","no-media"],"_links":{"self":[{"href":"https:\/\/www.deswaenhoeck.be\/fr\/wp-json\/wp\/v2\/pages\/1254","targetHints":{"allow":["GET"]}}],"collection":[{"href":"https:\/\/www.deswaenhoeck.be\/fr\/wp-json\/wp\/v2\/pages"}],"about":[{"href":"https:\/\/www.deswaenhoeck.be\/fr\/wp-json\/wp\/v2\/types\/page"}],"author":[{"embeddable":true,"href":"https:\/\/www.deswaenhoeck.be\/fr\/wp-json\/wp\/v2\/users\/1"}],"replies":[{"embeddable":true,"href":"https:\/\/www.deswaenhoeck.be\/fr\/wp-json\/wp\/v2\/comments?post=1254"}],"version-history":[{"count":5,"href":"https:\/\/www.deswaenhoeck.be\/fr\/wp-json\/wp\/v2\/pages\/1254\/revisions"}],"predecessor-version":[{"id":1506,"href":"https:\/\/www.deswaenhoeck.be\/fr\/wp-json\/wp\/v2\/pages\/1254\/revisions\/1506"}],"wp:attachment":[{"href":"https:\/\/www.deswaenhoeck.be\/fr\/wp-json\/wp\/v2\/media?parent=1254"}],"curies":[{"name":"wp","href":"https:\/\/api.w.org\/{rel}","templated":true}]}}