{"id":1278,"date":"2022-09-16T12:53:37","date_gmt":"2022-09-16T12:53:37","guid":{"rendered":"https:\/\/www.deswaenhoeck.be\/la-propriete\/bakkershuys\/"},"modified":"2022-10-07T13:26:00","modified_gmt":"2022-10-07T13:26:00","slug":"bakkershuys","status":"publish","type":"page","link":"https:\/\/www.deswaenhoeck.be\/fr\/la-propriete\/bakkershuys\/","title":{"rendered":"Bakkershuys"},"content":{"rendered":"<div class=\"wpb-content-wrapper\">[vc_row][vc_column width=\u00a0\u00bb1\/3&Prime;]<h2 class=\"vcex-heading vcex-heading-plain vcex-module wpex-heading wpex-text-2xl wpex-h2\"><span class=\"vcex-heading-inner wpex-inline-block\">Installations<\/span><\/h2><div class=\"vcex-module vcex-bullets vcex-bullets--vertical custom-icon\">\n<ul role=\"list\">\n<li><div class=\"vcex-bullets-ci-wrap wpex-inline-flex\"><span class=\"vcex-bullets-icon-wrap vcex-icon-wrap wpex-mr-10\"><span class=\"vcex-bullets-icon vcex-icon wpex-icon\" aria-hidden=\"true\"><svg xmlns=\"http:\/\/www.w3.org\/2000\/svg\" viewBox=\"0 0 448 512\"><path d=\"M64 80c-8.8 0-16 7.2-16 16V416c0 8.8 7.2 16 16 16H384c8.8 0 16-7.2 16-16V96c0-8.8-7.2-16-16-16H64zM0 96C0 60.7 28.7 32 64 32H384c35.3 0 64 28.7 64 64V416c0 35.3-28.7 64-64 64H64c-35.3 0-64-28.7-64-64V96zM337 209L209 337c-9.4 9.4-24.6 9.4-33.9 0l-64-64c-9.4-9.4-9.4-24.6 0-33.9s24.6-9.4 33.9 0l47 47L303 175c9.4-9.4 24.6-9.4 33.9 0s9.4 24.6 0 33.9z\"\/><\/svg><\/span><\/span><div class=\"vcex-content wpex-flex-grow\">4 adultes + 2 enfants<\/div><\/div><\/li>\n<li><div class=\"vcex-bullets-ci-wrap wpex-inline-flex\"><span class=\"vcex-bullets-icon-wrap vcex-icon-wrap wpex-mr-10\"><span class=\"vcex-bullets-icon vcex-icon wpex-icon\" aria-hidden=\"true\"><svg xmlns=\"http:\/\/www.w3.org\/2000\/svg\" viewBox=\"0 0 448 512\"><path d=\"M64 80c-8.8 0-16 7.2-16 16V416c0 8.8 7.2 16 16 16H384c8.8 0 16-7.2 16-16V96c0-8.8-7.2-16-16-16H64zM0 96C0 60.7 28.7 32 64 32H384c35.3 0 64 28.7 64 64V416c0 35.3-28.7 64-64 64H64c-35.3 0-64-28.7-64-64V96zM337 209L209 337c-9.4 9.4-24.6 9.4-33.9 0l-64-64c-9.4-9.4-9.4-24.6 0-33.9s24.6-9.4 33.9 0l47 47L303 175c9.4-9.4 24.6-9.4 33.9 0s9.4 24.6 0 33.9z\"\/><\/svg><\/span><\/span><div class=\"vcex-content wpex-flex-grow\">Salle de s\u00e9jour<\/div><\/div><\/li>\n<li><div class=\"vcex-bullets-ci-wrap wpex-inline-flex\"><span class=\"vcex-bullets-icon-wrap vcex-icon-wrap wpex-mr-10\"><span class=\"vcex-bullets-icon vcex-icon wpex-icon\" aria-hidden=\"true\"><svg xmlns=\"http:\/\/www.w3.org\/2000\/svg\" viewBox=\"0 0 448 512\"><path d=\"M64 80c-8.8 0-16 7.2-16 16V416c0 8.8 7.2 16 16 16H384c8.8 0 16-7.2 16-16V96c0-8.8-7.2-16-16-16H64zM0 96C0 60.7 28.7 32 64 32H384c35.3 0 64 28.7 64 64V416c0 35.3-28.7 64-64 64H64c-35.3 0-64-28.7-64-64V96zM337 209L209 337c-9.4 9.4-24.6 9.4-33.9 0l-64-64c-9.4-9.4-9.4-24.6 0-33.9s24.6-9.4 33.9 0l47 47L303 175c9.4-9.4 24.6-9.4 33.9 0s9.4 24.6 0 33.9z\"\/><\/svg><\/span><\/span><div class=\"vcex-content wpex-flex-grow\">2 chambres spacieuses avec un lit double<\/div><\/div><\/li>\n<li><div class=\"vcex-bullets-ci-wrap wpex-inline-flex\"><span class=\"vcex-bullets-icon-wrap vcex-icon-wrap wpex-mr-10\"><span class=\"vcex-bullets-icon vcex-icon wpex-icon\" aria-hidden=\"true\"><svg xmlns=\"http:\/\/www.w3.org\/2000\/svg\" viewBox=\"0 0 448 512\"><path d=\"M64 80c-8.8 0-16 7.2-16 16V416c0 8.8 7.2 16 16 16H384c8.8 0 16-7.2 16-16V96c0-8.8-7.2-16-16-16H64zM0 96C0 60.7 28.7 32 64 32H384c35.3 0 64 28.7 64 64V416c0 35.3-28.7 64-64 64H64c-35.3 0-64-28.7-64-64V96zM337 209L209 337c-9.4 9.4-24.6 9.4-33.9 0l-64-64c-9.4-9.4-9.4-24.6 0-33.9s24.6-9.4 33.9 0l47 47L303 175c9.4-9.4 24.6-9.4 33.9 0s9.4 24.6 0 33.9z\"\/><\/svg><\/span><\/span><div class=\"vcex-content wpex-flex-grow\">1 authentique alcove pour dormir pour 2 enfants<\/div><\/div><\/li>\n<li><div class=\"vcex-bullets-ci-wrap wpex-inline-flex\"><span class=\"vcex-bullets-icon-wrap vcex-icon-wrap wpex-mr-10\"><span class=\"vcex-bullets-icon vcex-icon wpex-icon\" aria-hidden=\"true\"><svg xmlns=\"http:\/\/www.w3.org\/2000\/svg\" viewBox=\"0 0 448 512\"><path d=\"M64 80c-8.8 0-16 7.2-16 16V416c0 8.8 7.2 16 16 16H384c8.8 0 16-7.2 16-16V96c0-8.8-7.2-16-16-16H64zM0 96C0 60.7 28.7 32 64 32H384c35.3 0 64 28.7 64 64V416c0 35.3-28.7 64-64 64H64c-35.3 0-64-28.7-64-64V96zM337 209L209 337c-9.4 9.4-24.6 9.4-33.9 0l-64-64c-9.4-9.4-9.4-24.6 0-33.9s24.6-9.4 33.9 0l47 47L303 175c9.4-9.4 24.6-9.4 33.9 0s9.4 24.6 0 33.9z\"\/><\/svg><\/span><\/span><div class=\"vcex-content wpex-flex-grow\">1 salle de bain<\/div><\/div><\/li>\n<li><div class=\"vcex-bullets-ci-wrap wpex-inline-flex\"><span class=\"vcex-bullets-icon-wrap vcex-icon-wrap wpex-mr-10\"><span class=\"vcex-bullets-icon vcex-icon wpex-icon\" aria-hidden=\"true\"><svg xmlns=\"http:\/\/www.w3.org\/2000\/svg\" viewBox=\"0 0 448 512\"><path d=\"M64 80c-8.8 0-16 7.2-16 16V416c0 8.8 7.2 16 16 16H384c8.8 0 16-7.2 16-16V96c0-8.8-7.2-16-16-16H64zM0 96C0 60.7 28.7 32 64 32H384c35.3 0 64 28.7 64 64V416c0 35.3-28.7 64-64 64H64c-35.3 0-64-28.7-64-64V96zM337 209L209 337c-9.4 9.4-24.6 9.4-33.9 0l-64-64c-9.4-9.4-9.4-24.6 0-33.9s24.6-9.4 33.9 0l47 47L303 175c9.4-9.4 24.6-9.4 33.9 0s9.4 24.6 0 33.9z\"\/><\/svg><\/span><\/span><div class=\"vcex-content wpex-flex-grow\">toilettes s\u00e9par\u00e9es<\/div><\/div><\/li>\n<li><div class=\"vcex-bullets-ci-wrap wpex-inline-flex\"><span class=\"vcex-bullets-icon-wrap vcex-icon-wrap wpex-mr-10\"><span class=\"vcex-bullets-icon vcex-icon wpex-icon\" aria-hidden=\"true\"><svg xmlns=\"http:\/\/www.w3.org\/2000\/svg\" viewBox=\"0 0 448 512\"><path d=\"M64 80c-8.8 0-16 7.2-16 16V416c0 8.8 7.2 16 16 16H384c8.8 0 16-7.2 16-16V96c0-8.8-7.2-16-16-16H64zM0 96C0 60.7 28.7 32 64 32H384c35.3 0 64 28.7 64 64V416c0 35.3-28.7 64-64 64H64c-35.3 0-64-28.7-64-64V96zM337 209L209 337c-9.4 9.4-24.6 9.4-33.9 0l-64-64c-9.4-9.4-9.4-24.6 0-33.9s24.6-9.4 33.9 0l47 47L303 175c9.4-9.4 24.6-9.4 33.9 0s9.4 24.6 0 33.9z\"\/><\/svg><\/span><\/span><div class=\"vcex-content wpex-flex-grow\">cuisine enti\u00e8rement \u00e9quip\u00e9e<\/div><\/div><\/li>\n<\/ul>\n<\/div><div class=\"vcex-spacing wpex-w-100 wpex-clear\"><\/div><a href=\"https:\/\/reservations.cubilis.eu\/be\/de-swaenhoeck-damme\" class=\"vcex-button theme-button inline\" target=\"_blank\" rel=\"noopener noreferrer\"><span class=\"vcex-button-inner theme-button-inner wpex-flex wpex-flex-wrap wpex-items-center wpex-justify-center\">R\u00e9server het Bakkershuys maintenant<\/span><\/a> [\/vc_column][vc_column width=\u00a0\u00bb2\/3&Prime;]<div class=\"vcex-image-grid-wrap\"><div class=\"vcex-module vcex-image-grid grid-style-masonry wpex-row wpex-clr vcex-isotope-grid no-transition wpex-overflow-hidden wpex-lightbox-group\" data-transition-duration=\"0.0\"><div class=\"id-907 vcex-image-grid-entry vcex-grid-item vcex-isotope-entry wpex-text-center span_1_of_3 col col-1\"><figure class=\"vcex-image-grid-entry-figure wpex-last-mb-0 wpex-clr\"><div class=\"vcex-image-grid-entry-img entry-media wpex-relative wpex-mb-20\"><a href=\"https:\/\/www.deswaenhoeck.be\/wp-content\/uploads\/2022\/09\/001-1.jpg\" class=\"vcex-image-grid-entry-link wpex-lightbox-group-item\" data-title=\"001\"><img width=\"735\" height=\"551\" src=\"https:\/\/www.deswaenhoeck.be\/wp-content\/uploads\/2022\/09\/001-1.jpg\" class=\"wpex-align-middle skip-lazy\" alt=\"\" data-no-lazy=\"1\" srcset=\"https:\/\/www.deswaenhoeck.be\/wp-content\/uploads\/2022\/09\/001-1.jpg 735w, https:\/\/www.deswaenhoeck.be\/wp-content\/uploads\/2022\/09\/001-1-300x225.jpg 300w\" sizes=\"(max-width: 735px) 100vw, 735px\" \/><\/a><\/div><\/figure><\/div><div class=\"id-910 vcex-image-grid-entry vcex-grid-item vcex-isotope-entry wpex-text-center span_1_of_3 col col-2\"><figure class=\"vcex-image-grid-entry-figure wpex-last-mb-0 wpex-clr\"><div class=\"vcex-image-grid-entry-img entry-media wpex-relative wpex-mb-20\"><a href=\"https:\/\/www.deswaenhoeck.be\/wp-content\/uploads\/2022\/09\/002-1.jpg\" class=\"vcex-image-grid-entry-link wpex-lightbox-group-item\" data-title=\"002\"><img width=\"413\" height=\"551\" src=\"https:\/\/www.deswaenhoeck.be\/wp-content\/uploads\/2022\/09\/002-1.jpg\" class=\"wpex-align-middle skip-lazy\" alt=\"\" data-no-lazy=\"1\" srcset=\"https:\/\/www.deswaenhoeck.be\/wp-content\/uploads\/2022\/09\/002-1.jpg 413w, https:\/\/www.deswaenhoeck.be\/wp-content\/uploads\/2022\/09\/002-1-225x300.jpg 225w\" sizes=\"(max-width: 413px) 100vw, 413px\" \/><\/a><\/div><\/figure><\/div><div class=\"id-913 vcex-image-grid-entry vcex-grid-item vcex-isotope-entry wpex-text-center span_1_of_3 col col-3\"><figure class=\"vcex-image-grid-entry-figure wpex-last-mb-0 wpex-clr\"><div class=\"vcex-image-grid-entry-img entry-media wpex-relative wpex-mb-20\"><a href=\"https:\/\/www.deswaenhoeck.be\/wp-content\/uploads\/2022\/09\/003-1.jpg\" class=\"vcex-image-grid-entry-link wpex-lightbox-group-item\" data-title=\"003\"><img width=\"735\" height=\"551\" src=\"https:\/\/www.deswaenhoeck.be\/wp-content\/uploads\/2022\/09\/003-1.jpg\" class=\"wpex-align-middle skip-lazy\" alt=\"\" data-no-lazy=\"1\" srcset=\"https:\/\/www.deswaenhoeck.be\/wp-content\/uploads\/2022\/09\/003-1.jpg 735w, https:\/\/www.deswaenhoeck.be\/wp-content\/uploads\/2022\/09\/003-1-300x225.jpg 300w\" sizes=\"(max-width: 735px) 100vw, 735px\" \/><\/a><\/div><\/figure><\/div><div class=\"id-916 vcex-image-grid-entry vcex-grid-item vcex-isotope-entry wpex-text-center span_1_of_3 col col-1\"><figure class=\"vcex-image-grid-entry-figure wpex-last-mb-0 wpex-clr\"><div class=\"vcex-image-grid-entry-img entry-media wpex-relative wpex-mb-20\"><a href=\"https:\/\/www.deswaenhoeck.be\/wp-content\/uploads\/2022\/09\/004-1.jpg\" class=\"vcex-image-grid-entry-link wpex-lightbox-group-item\" data-title=\"004\"><img width=\"980\" height=\"551\" src=\"https:\/\/www.deswaenhoeck.be\/wp-content\/uploads\/2022\/09\/004-1.jpg\" class=\"wpex-align-middle skip-lazy\" alt=\"\" data-no-lazy=\"1\" srcset=\"https:\/\/www.deswaenhoeck.be\/wp-content\/uploads\/2022\/09\/004-1.jpg 980w, https:\/\/www.deswaenhoeck.be\/wp-content\/uploads\/2022\/09\/004-1-300x169.jpg 300w, https:\/\/www.deswaenhoeck.be\/wp-content\/uploads\/2022\/09\/004-1-768x432.jpg 768w\" sizes=\"(max-width: 980px) 100vw, 980px\" \/><\/a><\/div><\/figure><\/div><div class=\"id-919 vcex-image-grid-entry vcex-grid-item vcex-isotope-entry wpex-text-center span_1_of_3 col col-2\"><figure class=\"vcex-image-grid-entry-figure wpex-last-mb-0 wpex-clr\"><div class=\"vcex-image-grid-entry-img entry-media wpex-relative wpex-mb-20\"><a href=\"https:\/\/www.deswaenhoeck.be\/wp-content\/uploads\/2022\/09\/005-1.jpg\" class=\"vcex-image-grid-entry-link wpex-lightbox-group-item\" data-title=\"005\"><img width=\"310\" height=\"551\" src=\"https:\/\/www.deswaenhoeck.be\/wp-content\/uploads\/2022\/09\/005-1.jpg\" class=\"wpex-align-middle skip-lazy\" alt=\"\" data-no-lazy=\"1\" srcset=\"https:\/\/www.deswaenhoeck.be\/wp-content\/uploads\/2022\/09\/005-1.jpg 310w, https:\/\/www.deswaenhoeck.be\/wp-content\/uploads\/2022\/09\/005-1-169x300.jpg 169w\" sizes=\"(max-width: 310px) 100vw, 310px\" \/><\/a><\/div><\/figure><\/div><div class=\"id-922 vcex-image-grid-entry vcex-grid-item vcex-isotope-entry wpex-text-center span_1_of_3 col col-3\"><figure class=\"vcex-image-grid-entry-figure wpex-last-mb-0 wpex-clr\"><div class=\"vcex-image-grid-entry-img entry-media wpex-relative wpex-mb-20\"><a href=\"https:\/\/www.deswaenhoeck.be\/wp-content\/uploads\/2022\/09\/006-1.jpg\" class=\"vcex-image-grid-entry-link wpex-lightbox-group-item\" data-title=\"006\"><img width=\"980\" height=\"551\" src=\"https:\/\/www.deswaenhoeck.be\/wp-content\/uploads\/2022\/09\/006-1.jpg\" class=\"wpex-align-middle skip-lazy\" alt=\"\" data-no-lazy=\"1\" srcset=\"https:\/\/www.deswaenhoeck.be\/wp-content\/uploads\/2022\/09\/006-1.jpg 980w, https:\/\/www.deswaenhoeck.be\/wp-content\/uploads\/2022\/09\/006-1-300x169.jpg 300w, https:\/\/www.deswaenhoeck.be\/wp-content\/uploads\/2022\/09\/006-1-768x432.jpg 768w\" sizes=\"(max-width: 980px) 100vw, 980px\" \/><\/a><\/div><\/figure><\/div><div class=\"id-925 vcex-image-grid-entry vcex-grid-item vcex-isotope-entry wpex-text-center span_1_of_3 col col-1\"><figure class=\"vcex-image-grid-entry-figure wpex-last-mb-0 wpex-clr\"><div class=\"vcex-image-grid-entry-img entry-media wpex-relative wpex-mb-20\"><a href=\"https:\/\/www.deswaenhoeck.be\/wp-content\/uploads\/2022\/09\/007-1.jpg\" class=\"vcex-image-grid-entry-link wpex-lightbox-group-item\" data-title=\"007\"><img width=\"310\" height=\"551\" src=\"https:\/\/www.deswaenhoeck.be\/wp-content\/uploads\/2022\/09\/007-1.jpg\" class=\"wpex-align-middle skip-lazy\" alt=\"\" data-no-lazy=\"1\" srcset=\"https:\/\/www.deswaenhoeck.be\/wp-content\/uploads\/2022\/09\/007-1.jpg 310w, https:\/\/www.deswaenhoeck.be\/wp-content\/uploads\/2022\/09\/007-1-169x300.jpg 169w\" sizes=\"(max-width: 310px) 100vw, 310px\" \/><\/a><\/div><\/figure><\/div><div class=\"id-928 vcex-image-grid-entry vcex-grid-item vcex-isotope-entry wpex-text-center span_1_of_3 col col-2\"><figure class=\"vcex-image-grid-entry-figure wpex-last-mb-0 wpex-clr\"><div class=\"vcex-image-grid-entry-img entry-media wpex-relative wpex-mb-20\"><a href=\"https:\/\/www.deswaenhoeck.be\/wp-content\/uploads\/2022\/09\/008-1.jpg\" class=\"vcex-image-grid-entry-link wpex-lightbox-group-item\" data-title=\"008\"><img width=\"980\" height=\"551\" src=\"https:\/\/www.deswaenhoeck.be\/wp-content\/uploads\/2022\/09\/008-1.jpg\" class=\"wpex-align-middle skip-lazy\" alt=\"\" data-no-lazy=\"1\" srcset=\"https:\/\/www.deswaenhoeck.be\/wp-content\/uploads\/2022\/09\/008-1.jpg 980w, https:\/\/www.deswaenhoeck.be\/wp-content\/uploads\/2022\/09\/008-1-300x169.jpg 300w, https:\/\/www.deswaenhoeck.be\/wp-content\/uploads\/2022\/09\/008-1-768x432.jpg 768w\" sizes=\"(max-width: 980px) 100vw, 980px\" \/><\/a><\/div><\/figure><\/div><div class=\"id-931 vcex-image-grid-entry vcex-grid-item vcex-isotope-entry wpex-text-center span_1_of_3 col col-3\"><figure class=\"vcex-image-grid-entry-figure wpex-last-mb-0 wpex-clr\"><div class=\"vcex-image-grid-entry-img entry-media wpex-relative wpex-mb-20\"><a href=\"https:\/\/www.deswaenhoeck.be\/wp-content\/uploads\/2022\/09\/009-1.jpg\" class=\"vcex-image-grid-entry-link wpex-lightbox-group-item\" data-title=\"009\"><img width=\"310\" height=\"551\" src=\"https:\/\/www.deswaenhoeck.be\/wp-content\/uploads\/2022\/09\/009-1.jpg\" class=\"wpex-align-middle skip-lazy\" alt=\"\" data-no-lazy=\"1\" srcset=\"https:\/\/www.deswaenhoeck.be\/wp-content\/uploads\/2022\/09\/009-1.jpg 310w, https:\/\/www.deswaenhoeck.be\/wp-content\/uploads\/2022\/09\/009-1-169x300.jpg 169w\" sizes=\"(max-width: 310px) 100vw, 310px\" \/><\/a><\/div><\/figure><\/div><div class=\"id-934 vcex-image-grid-entry vcex-grid-item vcex-isotope-entry wpex-text-center span_1_of_3 col col-1\"><figure class=\"vcex-image-grid-entry-figure wpex-last-mb-0 wpex-clr\"><div class=\"vcex-image-grid-entry-img entry-media wpex-relative wpex-mb-20\"><a href=\"https:\/\/www.deswaenhoeck.be\/wp-content\/uploads\/2022\/09\/010-1.jpg\" class=\"vcex-image-grid-entry-link wpex-lightbox-group-item\" data-title=\"010\"><img width=\"310\" height=\"551\" src=\"https:\/\/www.deswaenhoeck.be\/wp-content\/uploads\/2022\/09\/010-1.jpg\" class=\"wpex-align-middle skip-lazy\" alt=\"\" data-no-lazy=\"1\" srcset=\"https:\/\/www.deswaenhoeck.be\/wp-content\/uploads\/2022\/09\/010-1.jpg 310w, https:\/\/www.deswaenhoeck.be\/wp-content\/uploads\/2022\/09\/010-1-169x300.jpg 169w\" sizes=\"(max-width: 310px) 100vw, 310px\" \/><\/a><\/div><\/figure><\/div><div class=\"id-937 vcex-image-grid-entry vcex-grid-item vcex-isotope-entry wpex-text-center span_1_of_3 col col-2\"><figure class=\"vcex-image-grid-entry-figure wpex-last-mb-0 wpex-clr\"><div class=\"vcex-image-grid-entry-img entry-media wpex-relative wpex-mb-20\"><a href=\"https:\/\/www.deswaenhoeck.be\/wp-content\/uploads\/2022\/09\/011-1.jpg\" class=\"vcex-image-grid-entry-link wpex-lightbox-group-item\" data-title=\"011\"><img width=\"980\" height=\"551\" src=\"https:\/\/www.deswaenhoeck.be\/wp-content\/uploads\/2022\/09\/011-1.jpg\" class=\"wpex-align-middle skip-lazy\" alt=\"\" data-no-lazy=\"1\" srcset=\"https:\/\/www.deswaenhoeck.be\/wp-content\/uploads\/2022\/09\/011-1.jpg 980w, https:\/\/www.deswaenhoeck.be\/wp-content\/uploads\/2022\/09\/011-1-300x169.jpg 300w, https:\/\/www.deswaenhoeck.be\/wp-content\/uploads\/2022\/09\/011-1-768x432.jpg 768w\" sizes=\"(max-width: 980px) 100vw, 980px\" \/><\/a><\/div><\/figure><\/div><div class=\"id-940 vcex-image-grid-entry vcex-grid-item vcex-isotope-entry wpex-text-center span_1_of_3 col col-3\"><figure class=\"vcex-image-grid-entry-figure wpex-last-mb-0 wpex-clr\"><div class=\"vcex-image-grid-entry-img entry-media wpex-relative wpex-mb-20\"><a href=\"https:\/\/www.deswaenhoeck.be\/wp-content\/uploads\/2022\/09\/012-1.jpg\" class=\"vcex-image-grid-entry-link wpex-lightbox-group-item\" data-title=\"012\"><img width=\"310\" height=\"551\" src=\"https:\/\/www.deswaenhoeck.be\/wp-content\/uploads\/2022\/09\/012-1.jpg\" class=\"wpex-align-middle skip-lazy\" alt=\"\" data-no-lazy=\"1\" srcset=\"https:\/\/www.deswaenhoeck.be\/wp-content\/uploads\/2022\/09\/012-1.jpg 310w, https:\/\/www.deswaenhoeck.be\/wp-content\/uploads\/2022\/09\/012-1-169x300.jpg 169w\" sizes=\"(max-width: 310px) 100vw, 310px\" \/><\/a><\/div><\/figure><\/div><div class=\"id-943 vcex-image-grid-entry vcex-grid-item vcex-isotope-entry wpex-text-center span_1_of_3 col col-1\"><figure class=\"vcex-image-grid-entry-figure wpex-last-mb-0 wpex-clr\"><div class=\"vcex-image-grid-entry-img entry-media wpex-relative wpex-mb-20\"><a href=\"https:\/\/www.deswaenhoeck.be\/wp-content\/uploads\/2022\/09\/013-1.jpg\" class=\"vcex-image-grid-entry-link wpex-lightbox-group-item\" data-title=\"013\"><img width=\"310\" height=\"551\" src=\"https:\/\/www.deswaenhoeck.be\/wp-content\/uploads\/2022\/09\/013-1.jpg\" class=\"wpex-align-middle skip-lazy\" alt=\"\" data-no-lazy=\"1\" srcset=\"https:\/\/www.deswaenhoeck.be\/wp-content\/uploads\/2022\/09\/013-1.jpg 310w, https:\/\/www.deswaenhoeck.be\/wp-content\/uploads\/2022\/09\/013-1-169x300.jpg 169w\" sizes=\"(max-width: 310px) 100vw, 310px\" \/><\/a><\/div><\/figure><\/div><div class=\"id-946 vcex-image-grid-entry vcex-grid-item vcex-isotope-entry wpex-text-center span_1_of_3 col col-2\"><figure class=\"vcex-image-grid-entry-figure wpex-last-mb-0 wpex-clr\"><div class=\"vcex-image-grid-entry-img entry-media wpex-relative wpex-mb-20\"><a href=\"https:\/\/www.deswaenhoeck.be\/wp-content\/uploads\/2022\/09\/014-1.jpg\" class=\"vcex-image-grid-entry-link wpex-lightbox-group-item\" data-title=\"014\"><img width=\"310\" height=\"551\" src=\"https:\/\/www.deswaenhoeck.be\/wp-content\/uploads\/2022\/09\/014-1.jpg\" class=\"wpex-align-middle skip-lazy\" alt=\"\" data-no-lazy=\"1\" srcset=\"https:\/\/www.deswaenhoeck.be\/wp-content\/uploads\/2022\/09\/014-1.jpg 310w, https:\/\/www.deswaenhoeck.be\/wp-content\/uploads\/2022\/09\/014-1-169x300.jpg 169w\" sizes=\"(max-width: 310px) 100vw, 310px\" \/><\/a><\/div><\/figure><\/div><div class=\"id-949 vcex-image-grid-entry vcex-grid-item vcex-isotope-entry wpex-text-center span_1_of_3 col col-3\"><figure class=\"vcex-image-grid-entry-figure wpex-last-mb-0 wpex-clr\"><div class=\"vcex-image-grid-entry-img entry-media wpex-relative wpex-mb-20\"><a href=\"https:\/\/www.deswaenhoeck.be\/wp-content\/uploads\/2022\/09\/015-1.jpg\" class=\"vcex-image-grid-entry-link wpex-lightbox-group-item\" data-title=\"015\"><img width=\"310\" height=\"551\" src=\"https:\/\/www.deswaenhoeck.be\/wp-content\/uploads\/2022\/09\/015-1.jpg\" class=\"wpex-align-middle skip-lazy\" alt=\"\" data-no-lazy=\"1\" srcset=\"https:\/\/www.deswaenhoeck.be\/wp-content\/uploads\/2022\/09\/015-1.jpg 310w, https:\/\/www.deswaenhoeck.be\/wp-content\/uploads\/2022\/09\/015-1-169x300.jpg 169w\" sizes=\"(max-width: 310px) 100vw, 310px\" \/><\/a><\/div><\/figure><\/div><div class=\"id-1222 vcex-image-grid-entry vcex-grid-item vcex-isotope-entry wpex-text-center span_1_of_3 col col-1\"><figure class=\"vcex-image-grid-entry-figure wpex-last-mb-0 wpex-clr\"><div class=\"vcex-image-grid-entry-img entry-media wpex-relative wpex-mb-20\"><a href=\"https:\/\/www.deswaenhoeck.be\/wp-content\/uploads\/2022\/09\/Bakkershuys-0-scaled.jpg\" class=\"vcex-image-grid-entry-link wpex-lightbox-group-item\" data-title=\"Bakkershuys 0\"><img width=\"2560\" height=\"1795\" src=\"https:\/\/www.deswaenhoeck.be\/wp-content\/uploads\/2022\/09\/Bakkershuys-0-scaled.jpg\" class=\"wpex-align-middle skip-lazy\" alt=\"\" data-no-lazy=\"1\" srcset=\"https:\/\/www.deswaenhoeck.be\/wp-content\/uploads\/2022\/09\/Bakkershuys-0-scaled.jpg 2560w, https:\/\/www.deswaenhoeck.be\/wp-content\/uploads\/2022\/09\/Bakkershuys-0-300x210.jpg 300w, https:\/\/www.deswaenhoeck.be\/wp-content\/uploads\/2022\/09\/Bakkershuys-0-1024x718.jpg 1024w, https:\/\/www.deswaenhoeck.be\/wp-content\/uploads\/2022\/09\/Bakkershuys-0-768x538.jpg 768w, https:\/\/www.deswaenhoeck.be\/wp-content\/uploads\/2022\/09\/Bakkershuys-0-1536x1077.jpg 1536w, https:\/\/www.deswaenhoeck.be\/wp-content\/uploads\/2022\/09\/Bakkershuys-0-2048x1436.jpg 2048w\" sizes=\"(max-width: 2560px) 100vw, 2560px\" \/><\/a><\/div><\/figure><\/div><div class=\"id-1225 vcex-image-grid-entry vcex-grid-item vcex-isotope-entry wpex-text-center span_1_of_3 col col-2\"><figure class=\"vcex-image-grid-entry-figure wpex-last-mb-0 wpex-clr\"><div class=\"vcex-image-grid-entry-img entry-media wpex-relative wpex-mb-20\"><a href=\"https:\/\/www.deswaenhoeck.be\/wp-content\/uploads\/2022\/09\/Bakkershuys-1-scaled.jpg\" class=\"vcex-image-grid-entry-link wpex-lightbox-group-item\" data-title=\"Bakkershuys +1\"><img width=\"2560\" height=\"1805\" src=\"https:\/\/www.deswaenhoeck.be\/wp-content\/uploads\/2022\/09\/Bakkershuys-1-scaled.jpg\" class=\"wpex-align-middle skip-lazy\" alt=\"\" data-no-lazy=\"1\" srcset=\"https:\/\/www.deswaenhoeck.be\/wp-content\/uploads\/2022\/09\/Bakkershuys-1-scaled.jpg 2560w, https:\/\/www.deswaenhoeck.be\/wp-content\/uploads\/2022\/09\/Bakkershuys-1-300x211.jpg 300w, https:\/\/www.deswaenhoeck.be\/wp-content\/uploads\/2022\/09\/Bakkershuys-1-1024x722.jpg 1024w, https:\/\/www.deswaenhoeck.be\/wp-content\/uploads\/2022\/09\/Bakkershuys-1-768x541.jpg 768w, https:\/\/www.deswaenhoeck.be\/wp-content\/uploads\/2022\/09\/Bakkershuys-1-1536x1083.jpg 1536w, https:\/\/www.deswaenhoeck.be\/wp-content\/uploads\/2022\/09\/Bakkershuys-1-2048x1444.jpg 2048w\" sizes=\"(max-width: 2560px) 100vw, 2560px\" \/><\/a><\/div><\/figure><\/div><\/div><\/div>[\/vc_column][\/vc_row]\n<\/div>","protected":false},"excerpt":{"rendered":"<p>[vc_row][vc_column width=\u00a0\u00bb1\/3&Prime;][\/vc_column][vc_column width=\u00a0\u00bb2\/3&Prime;][\/vc_column][\/vc_row]<\/p>\n","protected":false},"author":1,"featured_media":928,"parent":1237,"menu_order":3,"comment_status":"closed","ping_status":"closed","template":"","meta":{"footnotes":""},"class_list":["post-1278","page","type-page","status-publish","has-post-thumbnail","hentry","entry","no-media"],"_links":{"self":[{"href":"https:\/\/www.deswaenhoeck.be\/fr\/wp-json\/wp\/v2\/pages\/1278","targetHints":{"allow":["GET"]}}],"collection":[{"href":"https:\/\/www.deswaenhoeck.be\/fr\/wp-json\/wp\/v2\/pages"}],"about":[{"href":"https:\/\/www.deswaenhoeck.be\/fr\/wp-json\/wp\/v2\/types\/page"}],"author":[{"embeddable":true,"href":"https:\/\/www.deswaenhoeck.be\/fr\/wp-json\/wp\/v2\/users\/1"}],"replies":[{"embeddable":true,"href":"https:\/\/www.deswaenhoeck.be\/fr\/wp-json\/wp\/v2\/comments?post=1278"}],"version-history":[{"count":4,"href":"https:\/\/www.deswaenhoeck.be\/fr\/wp-json\/wp\/v2\/pages\/1278\/revisions"}],"predecessor-version":[{"id":1475,"href":"https:\/\/www.deswaenhoeck.be\/fr\/wp-json\/wp\/v2\/pages\/1278\/revisions\/1475"}],"up":[{"embeddable":true,"href":"https:\/\/www.deswaenhoeck.be\/fr\/wp-json\/wp\/v2\/pages\/1237"}],"wp:featuredmedia":[{"embeddable":true,"href":"https:\/\/www.deswaenhoeck.be\/fr\/wp-json\/wp\/v2\/media\/928"}],"wp:attachment":[{"href":"https:\/\/www.deswaenhoeck.be\/fr\/wp-json\/wp\/v2\/media?parent=1278"}],"curies":[{"name":"wp","href":"https:\/\/api.w.org\/{rel}","templated":true}]}}