{"id":1288,"date":"2022-09-21T08:52:12","date_gmt":"2022-09-21T08:52:12","guid":{"rendered":"https:\/\/www.deswaenhoeck.be\/la-propriete\/land-et-delftshuys-12-personnes\/"},"modified":"2022-09-29T17:19:51","modified_gmt":"2022-09-29T17:19:51","slug":"land-et-delftshuys-12-personnes","status":"publish","type":"page","link":"https:\/\/www.deswaenhoeck.be\/fr\/la-propriete\/land-et-delftshuys-12-personnes\/","title":{"rendered":"Land et Delftshuys (12 personnes)"},"content":{"rendered":"<div class=\"wpb-content-wrapper\">[vc_row][vc_column width=\u00a0\u00bb1\/3&Prime;]<h2 class=\"vcex-heading vcex-heading-plain vcex-module wpex-heading wpex-text-2xl wpex-h2\"><span class=\"vcex-heading-inner wpex-inline-block\">Installations<\/span><\/h2><div class=\"vcex-module vcex-bullets vcex-bullets--vertical custom-icon\">\n<ul role=\"list\">\n<li><div class=\"vcex-bullets-ci-wrap wpex-inline-flex\"><span class=\"vcex-bullets-icon-wrap vcex-icon-wrap wpex-mr-10\"><span class=\"vcex-bullets-icon vcex-icon wpex-icon\" aria-hidden=\"true\"><svg xmlns=\"http:\/\/www.w3.org\/2000\/svg\" viewBox=\"0 0 448 512\"><path d=\"M64 80c-8.8 0-16 7.2-16 16V416c0 8.8 7.2 16 16 16H384c8.8 0 16-7.2 16-16V96c0-8.8-7.2-16-16-16H64zM0 96C0 60.7 28.7 32 64 32H384c35.3 0 64 28.7 64 64V416c0 35.3-28.7 64-64 64H64c-35.3 0-64-28.7-64-64V96zM337 209L209 337c-9.4 9.4-24.6 9.4-33.9 0l-64-64c-9.4-9.4-9.4-24.6 0-33.9s24.6-9.4 33.9 0l47 47L303 175c9.4-9.4 24.6-9.4 33.9 0s9.4 24.6 0 33.9z\"\/><\/svg><\/span><\/span><div class=\"vcex-content wpex-flex-grow\">Maison avec 6 chambres, les lits sont tous des lits simples \u00e0 sommier tapissier.<\/div><\/div><\/li>\n<li><div class=\"vcex-bullets-ci-wrap wpex-inline-flex\"><span class=\"vcex-bullets-icon-wrap vcex-icon-wrap wpex-mr-10\"><span class=\"vcex-bullets-icon vcex-icon wpex-icon\" aria-hidden=\"true\"><svg xmlns=\"http:\/\/www.w3.org\/2000\/svg\" viewBox=\"0 0 448 512\"><path d=\"M64 80c-8.8 0-16 7.2-16 16V416c0 8.8 7.2 16 16 16H384c8.8 0 16-7.2 16-16V96c0-8.8-7.2-16-16-16H64zM0 96C0 60.7 28.7 32 64 32H384c35.3 0 64 28.7 64 64V416c0 35.3-28.7 64-64 64H64c-35.3 0-64-28.7-64-64V96zM337 209L209 337c-9.4 9.4-24.6 9.4-33.9 0l-64-64c-9.4-9.4-9.4-24.6 0-33.9s24.6-9.4 33.9 0l47 47L303 175c9.4-9.4 24.6-9.4 33.9 0s9.4 24.6 0 33.9z\"\/><\/svg><\/span><\/span><div class=\"vcex-content wpex-flex-grow\">1 canap\u00e9-lit pour \u00e9ventuellement 2 enfants<\/div><\/div><\/li>\n<li><div class=\"vcex-bullets-ci-wrap wpex-inline-flex\"><span class=\"vcex-bullets-icon-wrap vcex-icon-wrap wpex-mr-10\"><span class=\"vcex-bullets-icon vcex-icon wpex-icon\" aria-hidden=\"true\"><svg xmlns=\"http:\/\/www.w3.org\/2000\/svg\" viewBox=\"0 0 448 512\"><path d=\"M64 80c-8.8 0-16 7.2-16 16V416c0 8.8 7.2 16 16 16H384c8.8 0 16-7.2 16-16V96c0-8.8-7.2-16-16-16H64zM0 96C0 60.7 28.7 32 64 32H384c35.3 0 64 28.7 64 64V416c0 35.3-28.7 64-64 64H64c-35.3 0-64-28.7-64-64V96zM337 209L209 337c-9.4 9.4-24.6 9.4-33.9 0l-64-64c-9.4-9.4-9.4-24.6 0-33.9s24.6-9.4 33.9 0l47 47L303 175c9.4-9.4 24.6-9.4 33.9 0s9.4 24.6 0 33.9z\"\/><\/svg><\/span><\/span><div class=\"vcex-content wpex-flex-grow\">3 salles de bain et 3 toilettes<\/div><\/div><\/li>\n<li><div class=\"vcex-bullets-ci-wrap wpex-inline-flex\"><span class=\"vcex-bullets-icon-wrap vcex-icon-wrap wpex-mr-10\"><span class=\"vcex-bullets-icon vcex-icon wpex-icon\" aria-hidden=\"true\"><svg xmlns=\"http:\/\/www.w3.org\/2000\/svg\" viewBox=\"0 0 448 512\"><path d=\"M64 80c-8.8 0-16 7.2-16 16V416c0 8.8 7.2 16 16 16H384c8.8 0 16-7.2 16-16V96c0-8.8-7.2-16-16-16H64zM0 96C0 60.7 28.7 32 64 32H384c35.3 0 64 28.7 64 64V416c0 35.3-28.7 64-64 64H64c-35.3 0-64-28.7-64-64V96zM337 209L209 337c-9.4 9.4-24.6 9.4-33.9 0l-64-64c-9.4-9.4-9.4-24.6 0-33.9s24.6-9.4 33.9 0l47 47L303 175c9.4-9.4 24.6-9.4 33.9 0s9.4 24.6 0 33.9z\"\/><\/svg><\/span><\/span><div class=\"vcex-content wpex-flex-grow\">Grande cuisini\u00e8re avec une grande table \u00e0 manger pour 12 personnes.<\/div><\/div><\/li>\n<li><div class=\"vcex-bullets-ci-wrap wpex-inline-flex\"><span class=\"vcex-bullets-icon-wrap vcex-icon-wrap wpex-mr-10\"><span class=\"vcex-bullets-icon vcex-icon wpex-icon\" aria-hidden=\"true\"><svg xmlns=\"http:\/\/www.w3.org\/2000\/svg\" viewBox=\"0 0 448 512\"><path d=\"M64 80c-8.8 0-16 7.2-16 16V416c0 8.8 7.2 16 16 16H384c8.8 0 16-7.2 16-16V96c0-8.8-7.2-16-16-16H64zM0 96C0 60.7 28.7 32 64 32H384c35.3 0 64 28.7 64 64V416c0 35.3-28.7 64-64 64H64c-35.3 0-64-28.7-64-64V96zM337 209L209 337c-9.4 9.4-24.6 9.4-33.9 0l-64-64c-9.4-9.4-9.4-24.6 0-33.9s24.6-9.4 33.9 0l47 47L303 175c9.4-9.4 24.6-9.4 33.9 0s9.4 24.6 0 33.9z\"\/><\/svg><\/span><\/span><div class=\"vcex-content wpex-flex-grow\">Un grand et un petit salon.<\/div><\/div><\/li>\n<li><div class=\"vcex-bullets-ci-wrap wpex-inline-flex\"><span class=\"vcex-bullets-icon-wrap vcex-icon-wrap wpex-mr-10\"><span class=\"vcex-bullets-icon vcex-icon wpex-icon\" aria-hidden=\"true\"><svg xmlns=\"http:\/\/www.w3.org\/2000\/svg\" viewBox=\"0 0 448 512\"><path d=\"M64 80c-8.8 0-16 7.2-16 16V416c0 8.8 7.2 16 16 16H384c8.8 0 16-7.2 16-16V96c0-8.8-7.2-16-16-16H64zM0 96C0 60.7 28.7 32 64 32H384c35.3 0 64 28.7 64 64V416c0 35.3-28.7 64-64 64H64c-35.3 0-64-28.7-64-64V96zM337 209L209 337c-9.4 9.4-24.6 9.4-33.9 0l-64-64c-9.4-9.4-9.4-24.6 0-33.9s24.6-9.4 33.9 0l47 47L303 175c9.4-9.4 24.6-9.4 33.9 0s9.4 24.6 0 33.9z\"\/><\/svg><\/span><\/span><div class=\"vcex-content wpex-flex-grow\">Grand jardin avec mobilier de jardin<\/div><\/div><\/li>\n<li><div class=\"vcex-bullets-ci-wrap wpex-inline-flex\"><span class=\"vcex-bullets-icon-wrap vcex-icon-wrap wpex-mr-10\"><span class=\"vcex-bullets-icon vcex-icon wpex-icon\" aria-hidden=\"true\"><svg xmlns=\"http:\/\/www.w3.org\/2000\/svg\" viewBox=\"0 0 448 512\"><path d=\"M64 80c-8.8 0-16 7.2-16 16V416c0 8.8 7.2 16 16 16H384c8.8 0 16-7.2 16-16V96c0-8.8-7.2-16-16-16H64zM0 96C0 60.7 28.7 32 64 32H384c35.3 0 64 28.7 64 64V416c0 35.3-28.7 64-64 64H64c-35.3 0-64-28.7-64-64V96zM337 209L209 337c-9.4 9.4-24.6 9.4-33.9 0l-64-64c-9.4-9.4-9.4-24.6 0-33.9s24.6-9.4 33.9 0l47 47L303 175c9.4-9.4 24.6-9.4 33.9 0s9.4 24.6 0 33.9z\"\/><\/svg><\/span><\/span><div class=\"vcex-content wpex-flex-grow\">Table de ping-pong<\/div><\/div><\/li>\n<\/ul>\n<\/div><div class=\"vcex-spacing wpex-w-100 wpex-clear\"><\/div><a href=\"https:\/\/reservations.cubilis.eu\/be\/de-swaenhoeck-damme\" class=\"vcex-button theme-button inline\" target=\"_blank\" rel=\"noopener noreferrer\"><span class=\"vcex-button-inner theme-button-inner wpex-flex wpex-flex-wrap wpex-items-center wpex-justify-center\">Louer le terrain et le Delftshuys ensemble<\/span><\/a> [\/vc_column][vc_column width=\u00a0\u00bb2\/3&Prime;]<div class=\"wpex-post-cards wpex-post-cards-template_441 wpex-relative\"><div class=\"wpex-post-cards-inner\"><div class=\"wpex-post-cards-loop wpex-post-cards-grid wpex-row wpex-clr\"><div class=\"wpex-post-cards-entry col col-1 span_1_of_2 post-1287 type-page\"><div class=\"wpex-card wpex-card-template_441\"><a href=\"https:\/\/www.deswaenhoeck.be\/fr\/la-propriete\/landhuys\/\" aria-label=\"Landhuys\" class=\"wpex-card-inner wpex-no-underline wpex-inherit-color\"><div class=\"vc_row wpb_row vc_row-fluid wpex-relative\"><div class=\"wpb_column vc_column_container vc_col-sm-12\"><div class=\"vc_column-inner\"><div class=\"wpb_wrapper\"><h3 class=\"vcex-heading vcex-heading-plain vcex-module wpex-heading wpex-text-2xl wpex-h3\"><span class=\"vcex-heading-inner wpex-inline-block\">Landhuys<\/span><\/h3><figure class=\"vcex-image vcex-module room\"><div class=\"vcex-image-inner wpex-relative wpex-inline-block\"><img loading=\"lazy\" class=\"vcex-image-img wpex-align-middle\" decoding=\"async\" src=\"https:\/\/www.deswaenhoeck.be\/wp-content\/uploads\/2022\/09\/001-2-600x400.jpg\" alt=\"\" width=\"600\" height=\"400\"><\/div><\/figure><div class=\"vcex-spacing wpex-w-100 wpex-clear\"><\/div><span href=\"https:\/\/www.deswaenhoeck.be\/fr\/la-propriete\/landhuys\/\" class=\"vcex-button theme-button inline\"><span class=\"vcex-button-inner theme-button-inner wpex-flex wpex-flex-wrap wpex-items-center wpex-justify-center\">D\u00e9couvrir maintenant<\/span><\/span> <\/div><\/div><\/div><\/div>\r\n<\/a><\/div><\/div><div class=\"wpex-post-cards-entry col col-2 span_1_of_2 post-1314 type-page\"><div class=\"wpex-card wpex-card-template_441\"><a href=\"https:\/\/www.deswaenhoeck.be\/fr\/la-propriete\/delftshuys\/\" aria-label=\"Delftshuys\" class=\"wpex-card-inner wpex-no-underline wpex-inherit-color\"><div class=\"vc_row wpb_row vc_row-fluid wpex-relative\"><div class=\"wpb_column vc_column_container vc_col-sm-12\"><div class=\"vc_column-inner\"><div class=\"wpb_wrapper\"><h3 class=\"vcex-heading vcex-heading-plain vcex-module wpex-heading wpex-text-2xl wpex-h3\"><span class=\"vcex-heading-inner wpex-inline-block\">Delftshuys<\/span><\/h3><figure class=\"vcex-image vcex-module room\"><div class=\"vcex-image-inner wpex-relative wpex-inline-block\"><img loading=\"lazy\" class=\"vcex-image-img wpex-align-middle\" decoding=\"async\" src=\"https:\/\/www.deswaenhoeck.be\/wp-content\/uploads\/2022\/09\/006-600x400.jpg\" alt=\"\" width=\"600\" height=\"400\"><\/div><\/figure><div class=\"vcex-spacing wpex-w-100 wpex-clear\"><\/div><span href=\"https:\/\/www.deswaenhoeck.be\/fr\/la-propriete\/delftshuys\/\" class=\"vcex-button theme-button inline\"><span class=\"vcex-button-inner theme-button-inner wpex-flex wpex-flex-wrap wpex-items-center wpex-justify-center\">D\u00e9couvrir maintenant<\/span><\/span> <\/div><\/div><\/div><\/div>\r\n<\/a><\/div><\/div><\/div><\/div><\/div>[\/vc_column][\/vc_row]\n<\/div>","protected":false},"excerpt":{"rendered":"Installations 4 adultes (\u00e9ventuellement + 2 enfants) 2 chambres spacieuses avec un lit double 1\u00a0 canap\u00e9-lit pour 2 enfants 1 salle de bain toilettes s\u00e9par\u00e9es cuisine enti\u00e8rement \u00e9quip\u00e9e R\u00e9servez la ferme de Delft maintenant","protected":false},"author":1,"featured_media":1180,"parent":1237,"menu_order":10,"comment_status":"closed","ping_status":"closed","template":"","meta":{"footnotes":""},"class_list":["post-1288","page","type-page","status-publish","has-post-thumbnail","hentry","entry","no-media"],"_links":{"self":[{"href":"https:\/\/www.deswaenhoeck.be\/fr\/wp-json\/wp\/v2\/pages\/1288","targetHints":{"allow":["GET"]}}],"collection":[{"href":"https:\/\/www.deswaenhoeck.be\/fr\/wp-json\/wp\/v2\/pages"}],"about":[{"href":"https:\/\/www.deswaenhoeck.be\/fr\/wp-json\/wp\/v2\/types\/page"}],"author":[{"embeddable":true,"href":"https:\/\/www.deswaenhoeck.be\/fr\/wp-json\/wp\/v2\/users\/1"}],"replies":[{"embeddable":true,"href":"https:\/\/www.deswaenhoeck.be\/fr\/wp-json\/wp\/v2\/comments?post=1288"}],"version-history":[{"count":5,"href":"https:\/\/www.deswaenhoeck.be\/fr\/wp-json\/wp\/v2\/pages\/1288\/revisions"}],"predecessor-version":[{"id":1476,"href":"https:\/\/www.deswaenhoeck.be\/fr\/wp-json\/wp\/v2\/pages\/1288\/revisions\/1476"}],"up":[{"embeddable":true,"href":"https:\/\/www.deswaenhoeck.be\/fr\/wp-json\/wp\/v2\/pages\/1237"}],"wp:featuredmedia":[{"embeddable":true,"href":"https:\/\/www.deswaenhoeck.be\/fr\/wp-json\/wp\/v2\/media\/1180"}],"wp:attachment":[{"href":"https:\/\/www.deswaenhoeck.be\/fr\/wp-json\/wp\/v2\/media?parent=1288"}],"curies":[{"name":"wp","href":"https:\/\/api.w.org\/{rel}","templated":true}]}}