{"id":1305,"date":"2022-09-16T13:20:49","date_gmt":"2022-09-16T13:20:49","guid":{"rendered":"https:\/\/www.deswaenhoeck.be\/environs\/"},"modified":"2022-10-07T12:34:15","modified_gmt":"2022-10-07T12:34:15","slug":"environs","status":"publish","type":"page","link":"https:\/\/www.deswaenhoeck.be\/fr\/environs\/","title":{"rendered":"Environs"},"content":{"rendered":"<div class=\"wpb-content-wrapper\">[vc_row remove_bottom_col_margin=\u00a0\u00bbtrue\u00a0\u00bb css=\u00a0\u00bb.vc_custom_1633039167311{margin-bottom: 100px !important;}\u00a0\u00bb][vc_column width=\u00a0\u00bb1\/2&Prime;]<h2 class=\"vcex-heading vcex-heading-plain vcex-module wpex-heading wpex-text-2xl wpex-h2\"><span class=\"vcex-heading-inner wpex-inline-block\">Venez d\u00e9couvrir la campagne brugeoise !<\/span><\/h2>[vc_column_text]Dans la r\u00e9gion de Bruges, l&rsquo;horloge tourne un peu plus lentement. La relaxation y est \u00e9lev\u00e9e au rang d&rsquo;art. C&rsquo;est donc le cadre id\u00e9al pour profiter pleinement de la paix et de la tranquillit\u00e9. Les polders, les for\u00eats et les canaux, les villages nostalgiques et les ch\u00e2teaux vous garantissent un cadre rural et idyllique. Et l&#8217;emplacement ne pourrait \u00eatre meilleur : au milieu de la verdure, avec Bruges, ville class\u00e9e au patrimoine mondial UNESCO, et la mer \u00e0 port\u00e9e de main. Vous serez \u00e9galement choy\u00e9s sur le plan culinaire. Vous ne trouverez nulle part ailleurs un tel \u00e9ventail de chefs c\u00e9l\u00e8bres, d&rsquo;authentiques caf\u00e9s ouvriers, de lieux branch\u00e9s et de produits locaux savoureux. La vari\u00e9t\u00e9 l&#8217;emporte sur tout le reste ![\/vc_column_text]<div class=\"vcex-spacing wpex-w-100 wpex-clear\"><\/div><h2 class=\"vcex-heading vcex-heading-plain vcex-module wpex-heading wpex-text-2xl wpex-h2\"><span class=\"vcex-heading-inner wpex-inline-block\">Le Bruges Ommeland :<\/span><\/h2>[vc_column_text]\n<ul>\n<li><a href=\"https:\/\/www.brugseommeland.be\/nl\/doen\/fietsroutes\" target=\"_blank\" rel=\"noopener\"> v\u00e9lo <\/a> et <a href=\"https:\/\/www.brugseommeland.be\/nl\/doen\/wandelroutes\" target=\"_blank\" rel=\"noopener\">randonn\u00e9e p\u00e9destre <\/a> le long de <a href=\"https:\/\/www.brugseommeland.be\/nl\/inspiratie\/section\/natuur\" target=\"_blank\" rel=\"noopener\">beaux paysages et nature<\/a><\/li>\n<li><a href=\"https:\/\/www.brugseommeland.be\/nl\/kastelen-abdijen\" target=\"_blank\" rel=\"noopener\">ch\u00e2teaux et abbayes<\/a><\/li>\n<li><a href=\"https:\/\/www.brugseommeland.be\/nl\/campagne\/landschapspark-bulskampveld\" target=\"_blank\" rel=\"noopener\">Parc paysager du Bulskampveld<\/a><\/li>\n<li>La recette d&rsquo;une journ\u00e9e \u00e0 la campagne<\/li>\n<li><a href=\"https:\/\/www.brugseommeland.be\/nl\/inspiratie\/section\/eten-drinken\" target=\"_blank\" rel=\"noopener\">\u00e9tonnamment culinaire<\/a><\/li>\n<li>Aussi pour <a href=\"https:\/\/www.brugseommeland.be\/nl\/met-de-kinderen\" target=\"_blank\" rel=\"noopener\">familles<\/a> ou <a href=\"https:\/\/www.brugseommeland.be\/nl\/inspiratie\/vakantiewoningen-xl-0\" target=\"_blank\" rel=\"noopener\">grands groupes<\/a> et \u00e0 un jet de pierre de <a href=\"https:\/\/www.brugseommeland.be\/nl\/inspiratie\/even-weg-van-het-brugse-ommeland-richting-de-kust\" target=\"_blank\" rel=\"noopener\"> la c\u00f4te<br \/>\n<\/a> et la <a href=\"https:\/\/www.brugseommeland.be\/nl\/brugge\" target=\"_blank\" rel=\"noopener\">ville de Bruges, class\u00e9e au patrimoine mondial UNESCO<\/a>!<\/li>\n<\/ul>\n[\/vc_column_text][\/vc_column][vc_column width=\u00a0\u00bb1\/2&Prime;]<div class=\"vcex-shortcode wpex-clr\"><div id=\"wpgmza_map_1\" class=\"wpgmza_map wpgmza-auto-left\" style=\"display:block;width:100%;height:600px;overflow:hidden;position:relative;\" data-map-id=\"1\" data-maps-engine=\"google-maps\" data-build-engine=\"atlas-novus\" data-shortcode-attributes=\"{&quot;id&quot;:&quot;1&quot;,&quot;zoom&quot;:false,&quot;width&quot;:false,&quot;height&quot;:false,&quot;marker&quot;:false,&quot;classname&quot;:false}\" data-settings=\"{&quot;map_title&quot;:&quot;Swaenhoeck&quot;,&quot;map_width&quot;:&quot;100&quot;,&quot;map_height&quot;:&quot;600&quot;,&quot;map_start_lat&quot;:&quot;51.208869089003315&quot;,&quot;map_start_lng&quot;:&quot;3.333991617383278&quot;,&quot;map_start_location&quot;:&quot;45.950464398418106,-109.81550500000003&quot;,&quot;map_start_zoom&quot;:&quot;11&quot;,&quot;default_marker&quot;:&quot;&quot;,&quot;type&quot;:&quot;1&quot;,&quot;alignment&quot;:&quot;4&quot;,&quot;directions_enabled&quot;:&quot;0&quot;,&quot;styling_enabled&quot;:&quot;0&quot;,&quot;styling_json&quot;:&quot;&quot;,&quot;active&quot;:&quot;0&quot;,&quot;kml&quot;:&quot;&quot;,&quot;bicycle&quot;:&quot;0&quot;,&quot;traffic&quot;:&quot;0&quot;,&quot;dbox&quot;:&quot;0&quot;,&quot;dbox_width&quot;:&quot;&quot;,&quot;listmarkers&quot;:&quot;0&quot;,&quot;listmarkers_advanced&quot;:&quot;0&quot;,&quot;filterbycat&quot;:&quot;0&quot;,&quot;ugm_enabled&quot;:&quot;0&quot;,&quot;ugm_category_enabled&quot;:&quot;0&quot;,&quot;fusion&quot;:&quot;&quot;,&quot;map_width_type&quot;:&quot;%&quot;,&quot;map_height_type&quot;:&quot;px&quot;,&quot;mass_marker_support&quot;:&quot;0&quot;,&quot;ugm_access&quot;:&quot;0&quot;,&quot;order_markers_by&quot;:&quot;0&quot;,&quot;order_markers_choice&quot;:&quot;0&quot;,&quot;show_user_location&quot;:&quot;0&quot;,&quot;default_to&quot;:&quot;&quot;,&quot;map_type&quot;:1,&quot;sl_stroke_color&quot;:&quot;&quot;,&quot;sl_fill_color&quot;:&quot;&quot;,&quot;sl_stroke_opacity&quot;:&quot;&quot;,&quot;sl_fill_opacity&quot;:&quot;&quot;,&quot;transport_layer&quot;:false,&quot;action&quot;:&quot;wpgmza_save_map&quot;,&quot;redirect_to&quot;:&quot;\\\/wp-admin\\\/admin-post.php&quot;,&quot;map_id&quot;:&quot;1&quot;,&quot;wpgmza_savemap&quot;:&quot;Kaart opslaan&quot;,&quot;http_referer&quot;:&quot;\\\/wp-admin\\\/admin.php?page=wp-google-maps-menu&amp;amp;action=edit&amp;amp;map_id=1&quot;,&quot;wpgmza_id&quot;:&quot;1&quot;,&quot;wpgmza_start_location&quot;:&quot;51.208869089003315,3.333991617383278&quot;,&quot;wpgmza_start_zoom&quot;:&quot;11&quot;,&quot;wpgmza_map_align&quot;:&quot;1&quot;,&quot;store_locator_enabled&quot;:false,&quot;store_locator_distance&quot;:false,&quot;store_locator_search_area&quot;:&quot;radial&quot;,&quot;wpgmza_store_locator_default_radius&quot;:&quot;10&quot;,&quot;store_locator_auto_area_max_zoom&quot;:&quot;&quot;,&quot;wpgmza_store_locator_radius_style&quot;:&quot;legacy&quot;,&quot;store_locator_component_anchor&quot;:&quot;0&quot;,&quot;wpgmza_store_locator_bounce&quot;:false,&quot;wpgmza_sl_animation&quot;:null,&quot;store_locator_query_string&quot;:&quot;&quot;,&quot;store_locator_location_placeholder&quot;:&quot;&quot;,&quot;store_locator_default_address&quot;:&quot;&quot;,&quot;store_locator_name_search&quot;:false,&quot;store_locator_name_string&quot;:&quot;&quot;,&quot;store_locator_not_found_message&quot;:&quot;&quot;,&quot;store_locator_show_distance&quot;:false,&quot;store_locator_category&quot;:false,&quot;wpgmza_store_locator_use_their_location&quot;:false,&quot;wpgmza_store_locator_hide_before_search&quot;:false,&quot;store_locator_nearby_searches&quot;:false,&quot;wpgmza_ol_tile_filter&quot;:&quot;blur(1px) grayscale(16%) hue-rotate(360deg) sepia(1%) saturate(100%)&quot;,&quot;wpgmza_theme_data&quot;:&quot;[{\\&quot;featureType\\&quot;: \\&quot;administrative.locality\\&quot;, \\&quot;elementType\\&quot;: \\&quot;all\\&quot;, \\&quot;stylers\\&quot;: [{\\&quot;hue\\&quot;: \\&quot;#2c2e33\\&quot;}, {\\&quot;saturation\\&quot;: 7}, {\\&quot;lightness\\&quot;: 19}, {\\&quot;visibility\\&quot;: \\&quot;on\\&quot;}]}, {\\&quot;featureType\\&quot;: \\&quot;landscape\\&quot;, \\&quot;elementType\\&quot;: \\&quot;all\\&quot;, \\&quot;stylers\\&quot;: [{\\&quot;hue\\&quot;: \\&quot;#ffffff\\&quot;}, {\\&quot;saturation\\&quot;: -100}, {\\&quot;lightness\\&quot;: 100}, {\\&quot;visibility\\&quot;: \\&quot;simplified\\&quot;}]}, {\\&quot;featureType\\&quot;: \\&quot;poi\\&quot;, \\&quot;elementType\\&quot;: \\&quot;all\\&quot;, \\&quot;stylers\\&quot;: [{\\&quot;hue\\&quot;: \\&quot;#ffffff\\&quot;}, {\\&quot;saturation\\&quot;: -100}, {\\&quot;lightness\\&quot;: 100}, {\\&quot;visibility\\&quot;: \\&quot;off\\&quot;}]}, {\\&quot;featureType\\&quot;: \\&quot;road\\&quot;, \\&quot;elementType\\&quot;: \\&quot;geometry\\&quot;, \\&quot;stylers\\&quot;: [{\\&quot;hue\\&quot;: \\&quot;#bbc0c4\\&quot;}, {\\&quot;saturation\\&quot;: -93}, {\\&quot;lightness\\&quot;: 31}, {\\&quot;visibility\\&quot;: \\&quot;simplified\\&quot;}]}, {\\&quot;featureType\\&quot;: \\&quot;road\\&quot;, \\&quot;elementType\\&quot;: \\&quot;labels\\&quot;, \\&quot;stylers\\&quot;: [{\\&quot;hue\\&quot;: \\&quot;#bbc0c4\\&quot;}, {\\&quot;saturation\\&quot;: -93}, {\\&quot;lightness\\&quot;: 31}, {\\&quot;visibility\\&quot;: \\&quot;on\\&quot;}]}, {\\&quot;featureType\\&quot;: \\&quot;road.arterial\\&quot;, \\&quot;elementType\\&quot;: \\&quot;labels\\&quot;, \\&quot;stylers\\&quot;: [{\\&quot;hue\\&quot;: \\&quot;#bbc0c4\\&quot;}, {\\&quot;saturation\\&quot;: -93}, {\\&quot;lightness\\&quot;: -2}, {\\&quot;visibility\\&quot;: \\&quot;simplified\\&quot;}]}, {\\&quot;featureType\\&quot;: \\&quot;road.local\\&quot;, \\&quot;elementType\\&quot;: \\&quot;geometry\\&quot;, \\&quot;stylers\\&quot;: [{\\&quot;hue\\&quot;: \\&quot;#e9ebed\\&quot;}, {\\&quot;saturation\\&quot;: -90}, {\\&quot;lightness\\&quot;: -8}, {\\&quot;visibility\\&quot;: \\&quot;simplified\\&quot;}]}, {\\&quot;featureType\\&quot;: \\&quot;transit\\&quot;, \\&quot;elementType\\&quot;: \\&quot;all\\&quot;, \\&quot;stylers\\&quot;: [{\\&quot;hue\\&quot;: \\&quot;#e9ebed\\&quot;}, {\\&quot;saturation\\&quot;: 10}, {\\&quot;lightness\\&quot;: 69}, {\\&quot;visibility\\&quot;: \\&quot;on\\&quot;}]}, {\\&quot;featureType\\&quot;: \\&quot;water\\&quot;, \\&quot;elementType\\&quot;: \\&quot;all\\&quot;, \\&quot;stylers\\&quot;: [{\\&quot;hue\\&quot;: \\&quot;#e9ebed\\&quot;}, {\\&quot;saturation\\&quot;: -78}, {\\&quot;lightness\\&quot;: 67}, {\\&quot;visibility\\&quot;: \\&quot;simplified\\&quot;}]}]&quot;,&quot;custom_tile_enabled&quot;:false,&quot;custom_tile_image&quot;:&quot;&quot;,&quot;custom_tile_image_width&quot;:&quot;&quot;,&quot;custom_tile_image_height&quot;:&quot;&quot;,&quot;custom_tile_image_attribution&quot;:&quot;&quot;,&quot;iw_primary_color&quot;:&quot;#000000&quot;,&quot;iw_accent_color&quot;:&quot;#000000&quot;,&quot;iw_text_color&quot;:&quot;#000000&quot;,&quot;close_infowindow_on_map_click&quot;:false,&quot;marker_share_links&quot;:false,&quot;wpgmza_listmarkers_by&quot;:&quot;0&quot;,&quot;marker_listing_component_anchor&quot;:null,&quot;marker_listing_component_auto_open&quot;:false,&quot;dataTable_pagination_style&quot;:null,&quot;category_filter_component_anchor&quot;:null,&quot;zoom_level_on_marker_listing_override&quot;:false,&quot;zoom_level_on_marker_listing_click&quot;:&quot;&quot;,&quot;marker_listing_disable_zoom&quot;:false,&quot;datatable_no_result_message&quot;:&quot;&quot;,&quot;remove_search_box_datables&quot;:false,&quot;datatable_search_string&quot;:&quot;&quot;,&quot;datatable_result_start&quot;:&quot;&quot;,&quot;datatable_result_of&quot;:&quot;&quot;,&quot;datatable_result_to&quot;:&quot;&quot;,&quot;datatable_result_total&quot;:&quot;&quot;,&quot;datatable_result_show&quot;:&quot;&quot;,&quot;datatable_result_entries&quot;:&quot;&quot;,&quot;category_legends_enabled&quot;:false,&quot;category_legends_component_anchor&quot;:null,&quot;jump_to_nearest_marker_on_initialization&quot;:false,&quot;click_open_link&quot;:false,&quot;wpgmza_zoom_on_marker_click&quot;:false,&quot;wpgmza_zoom_on_marker_click_slider&quot;:&quot;&quot;,&quot;polygon_labels&quot;:false,&quot;disable_polygon_info_windows&quot;:false,&quot;fit_maps_bounds_to_markers&quot;:false,&quot;fit_maps_bounds_to_markers_after_filtering&quot;:false,&quot;automatically_pan_to_users_location&quot;:false,&quot;override_users_location_zoom_level&quot;:false,&quot;override_users_location_zoom_levels&quot;:&quot;&quot;,&quot;show_distance_from_location&quot;:false,&quot;map_starts_in_streetview&quot;:false,&quot;map_starts_in_streetview_location&quot;:&quot;&quot;,&quot;map_starts_in_streetview_heading&quot;:&quot;&quot;,&quot;map_starts_in_streetview_pitch&quot;:&quot;&quot;,&quot;map_max_zoom&quot;:&quot;21&quot;,&quot;map_min_zoom&quot;:&quot;0&quot;,&quot;hide_point_of_interest&quot;:false,&quot;disable_lightbox_images&quot;:false,&quot;use_Raw_Jpeg_Coordinates&quot;:false,&quot;enable_marker_ratings&quot;:false,&quot;only_load_markers_within_viewport&quot;:false,&quot;wpgmza_theme&quot;:&quot;7&quot;,&quot;id&quot;:1}\" ><\/div><\/div>[\/vc_column][\/vc_row]\n<\/div>","protected":false},"excerpt":{"rendered":"<p>[vc_row remove_bottom_col_margin=\u00a0\u00bbtrue\u00a0\u00bb css=\u00a0\u00bb.vc_custom_1633039167311{margin-bottom: 100px !important;}\u00a0\u00bb][vc_column width=\u00a0\u00bb1\/2&Prime;][vc_column_text]Dans la r\u00e9gion de Bruges, l&rsquo;horloge tourne un peu plus lentement. La relaxation y est \u00e9lev\u00e9e au rang d&rsquo;art. C&rsquo;est donc le cadre id\u00e9al pour profiter pleinement de la paix et de la tranquillit\u00e9. Les polders, les for\u00eats et les canaux, les villages nostalgiques et les ch\u00e2teaux vous garantissent un&hellip;<\/p>\n","protected":false},"author":1,"featured_media":715,"parent":0,"menu_order":0,"comment_status":"closed","ping_status":"closed","template":"","meta":{"footnotes":""},"class_list":["post-1305","page","type-page","status-publish","has-post-thumbnail","hentry","entry","has-media"],"_links":{"self":[{"href":"https:\/\/www.deswaenhoeck.be\/fr\/wp-json\/wp\/v2\/pages\/1305","targetHints":{"allow":["GET"]}}],"collection":[{"href":"https:\/\/www.deswaenhoeck.be\/fr\/wp-json\/wp\/v2\/pages"}],"about":[{"href":"https:\/\/www.deswaenhoeck.be\/fr\/wp-json\/wp\/v2\/types\/page"}],"author":[{"embeddable":true,"href":"https:\/\/www.deswaenhoeck.be\/fr\/wp-json\/wp\/v2\/users\/1"}],"replies":[{"embeddable":true,"href":"https:\/\/www.deswaenhoeck.be\/fr\/wp-json\/wp\/v2\/comments?post=1305"}],"version-history":[{"count":5,"href":"https:\/\/www.deswaenhoeck.be\/fr\/wp-json\/wp\/v2\/pages\/1305\/revisions"}],"predecessor-version":[{"id":1505,"href":"https:\/\/www.deswaenhoeck.be\/fr\/wp-json\/wp\/v2\/pages\/1305\/revisions\/1505"}],"wp:featuredmedia":[{"embeddable":true,"href":"https:\/\/www.deswaenhoeck.be\/fr\/wp-json\/wp\/v2\/media\/715"}],"wp:attachment":[{"href":"https:\/\/www.deswaenhoeck.be\/fr\/wp-json\/wp\/v2\/media?parent=1305"}],"curies":[{"name":"wp","href":"https:\/\/api.w.org\/{rel}","templated":true}]}}