{"id":1314,"date":"2022-09-16T12:41:16","date_gmt":"2022-09-16T12:41:16","guid":{"rendered":"https:\/\/www.deswaenhoeck.be\/la-propriete\/delftshuys\/"},"modified":"2022-10-07T13:00:59","modified_gmt":"2022-10-07T13:00:59","slug":"delftshuys","status":"publish","type":"page","link":"https:\/\/www.deswaenhoeck.be\/fr\/la-propriete\/delftshuys\/","title":{"rendered":"Delftshuys"},"content":{"rendered":"<div class=\"wpb-content-wrapper\">[vc_row][vc_column width=\u00a0\u00bb1\/3&Prime;]<h2 class=\"vcex-heading vcex-heading-plain vcex-module wpex-heading wpex-text-2xl wpex-h2\"><span class=\"vcex-heading-inner wpex-inline-block\">Installations<\/span><\/h2><div class=\"vcex-module vcex-bullets vcex-bullets--vertical custom-icon\">\n<ul role=\"list\">\n<li><div class=\"vcex-bullets-ci-wrap wpex-inline-flex\"><span class=\"vcex-bullets-icon-wrap vcex-icon-wrap wpex-mr-10\"><span class=\"vcex-bullets-icon vcex-icon wpex-icon\" aria-hidden=\"true\"><svg xmlns=\"http:\/\/www.w3.org\/2000\/svg\" viewBox=\"0 0 448 512\"><path d=\"M64 80c-8.8 0-16 7.2-16 16V416c0 8.8 7.2 16 16 16H384c8.8 0 16-7.2 16-16V96c0-8.8-7.2-16-16-16H64zM0 96C0 60.7 28.7 32 64 32H384c35.3 0 64 28.7 64 64V416c0 35.3-28.7 64-64 64H64c-35.3 0-64-28.7-64-64V96zM337 209L209 337c-9.4 9.4-24.6 9.4-33.9 0l-64-64c-9.4-9.4-9.4-24.6 0-33.9s24.6-9.4 33.9 0l47 47L303 175c9.4-9.4 24.6-9.4 33.9 0s9.4 24.6 0 33.9z\"\/><\/svg><\/span><\/span><div class=\"vcex-content wpex-flex-grow\">4 adultes (\u00e9ventuellement + 2 enfants)<\/div><\/div><\/li>\n<li><div class=\"vcex-bullets-ci-wrap wpex-inline-flex\"><span class=\"vcex-bullets-icon-wrap vcex-icon-wrap wpex-mr-10\"><span class=\"vcex-bullets-icon vcex-icon wpex-icon\" aria-hidden=\"true\"><svg xmlns=\"http:\/\/www.w3.org\/2000\/svg\" viewBox=\"0 0 448 512\"><path d=\"M64 80c-8.8 0-16 7.2-16 16V416c0 8.8 7.2 16 16 16H384c8.8 0 16-7.2 16-16V96c0-8.8-7.2-16-16-16H64zM0 96C0 60.7 28.7 32 64 32H384c35.3 0 64 28.7 64 64V416c0 35.3-28.7 64-64 64H64c-35.3 0-64-28.7-64-64V96zM337 209L209 337c-9.4 9.4-24.6 9.4-33.9 0l-64-64c-9.4-9.4-9.4-24.6 0-33.9s24.6-9.4 33.9 0l47 47L303 175c9.4-9.4 24.6-9.4 33.9 0s9.4 24.6 0 33.9z\"\/><\/svg><\/span><\/span><div class=\"vcex-content wpex-flex-grow\">2 chambres spacieuses avec un lit double<\/div><\/div><\/li>\n<li><div class=\"vcex-bullets-ci-wrap wpex-inline-flex\"><span class=\"vcex-bullets-icon-wrap vcex-icon-wrap wpex-mr-10\"><span class=\"vcex-bullets-icon vcex-icon wpex-icon\" aria-hidden=\"true\"><svg xmlns=\"http:\/\/www.w3.org\/2000\/svg\" viewBox=\"0 0 448 512\"><path d=\"M64 80c-8.8 0-16 7.2-16 16V416c0 8.8 7.2 16 16 16H384c8.8 0 16-7.2 16-16V96c0-8.8-7.2-16-16-16H64zM0 96C0 60.7 28.7 32 64 32H384c35.3 0 64 28.7 64 64V416c0 35.3-28.7 64-64 64H64c-35.3 0-64-28.7-64-64V96zM337 209L209 337c-9.4 9.4-24.6 9.4-33.9 0l-64-64c-9.4-9.4-9.4-24.6 0-33.9s24.6-9.4 33.9 0l47 47L303 175c9.4-9.4 24.6-9.4 33.9 0s9.4 24.6 0 33.9z\"\/><\/svg><\/span><\/span><div class=\"vcex-content wpex-flex-grow\">1\u00a0 canap\u00e9-lit pour 2 enfants<\/div><\/div><\/li>\n<li><div class=\"vcex-bullets-ci-wrap wpex-inline-flex\"><span class=\"vcex-bullets-icon-wrap vcex-icon-wrap wpex-mr-10\"><span class=\"vcex-bullets-icon vcex-icon wpex-icon\" aria-hidden=\"true\"><svg xmlns=\"http:\/\/www.w3.org\/2000\/svg\" viewBox=\"0 0 448 512\"><path d=\"M64 80c-8.8 0-16 7.2-16 16V416c0 8.8 7.2 16 16 16H384c8.8 0 16-7.2 16-16V96c0-8.8-7.2-16-16-16H64zM0 96C0 60.7 28.7 32 64 32H384c35.3 0 64 28.7 64 64V416c0 35.3-28.7 64-64 64H64c-35.3 0-64-28.7-64-64V96zM337 209L209 337c-9.4 9.4-24.6 9.4-33.9 0l-64-64c-9.4-9.4-9.4-24.6 0-33.9s24.6-9.4 33.9 0l47 47L303 175c9.4-9.4 24.6-9.4 33.9 0s9.4 24.6 0 33.9z\"\/><\/svg><\/span><\/span><div class=\"vcex-content wpex-flex-grow\">1 salle de bain<\/div><\/div><\/li>\n<li><div class=\"vcex-bullets-ci-wrap wpex-inline-flex\"><span class=\"vcex-bullets-icon-wrap vcex-icon-wrap wpex-mr-10\"><span class=\"vcex-bullets-icon vcex-icon wpex-icon\" aria-hidden=\"true\"><svg xmlns=\"http:\/\/www.w3.org\/2000\/svg\" viewBox=\"0 0 448 512\"><path d=\"M64 80c-8.8 0-16 7.2-16 16V416c0 8.8 7.2 16 16 16H384c8.8 0 16-7.2 16-16V96c0-8.8-7.2-16-16-16H64zM0 96C0 60.7 28.7 32 64 32H384c35.3 0 64 28.7 64 64V416c0 35.3-28.7 64-64 64H64c-35.3 0-64-28.7-64-64V96zM337 209L209 337c-9.4 9.4-24.6 9.4-33.9 0l-64-64c-9.4-9.4-9.4-24.6 0-33.9s24.6-9.4 33.9 0l47 47L303 175c9.4-9.4 24.6-9.4 33.9 0s9.4 24.6 0 33.9z\"\/><\/svg><\/span><\/span><div class=\"vcex-content wpex-flex-grow\">toilettes s\u00e9par\u00e9es<\/div><\/div><\/li>\n<li><div class=\"vcex-bullets-ci-wrap wpex-inline-flex\"><span class=\"vcex-bullets-icon-wrap vcex-icon-wrap wpex-mr-10\"><span class=\"vcex-bullets-icon vcex-icon wpex-icon\" aria-hidden=\"true\"><svg xmlns=\"http:\/\/www.w3.org\/2000\/svg\" viewBox=\"0 0 448 512\"><path d=\"M64 80c-8.8 0-16 7.2-16 16V416c0 8.8 7.2 16 16 16H384c8.8 0 16-7.2 16-16V96c0-8.8-7.2-16-16-16H64zM0 96C0 60.7 28.7 32 64 32H384c35.3 0 64 28.7 64 64V416c0 35.3-28.7 64-64 64H64c-35.3 0-64-28.7-64-64V96zM337 209L209 337c-9.4 9.4-24.6 9.4-33.9 0l-64-64c-9.4-9.4-9.4-24.6 0-33.9s24.6-9.4 33.9 0l47 47L303 175c9.4-9.4 24.6-9.4 33.9 0s9.4 24.6 0 33.9z\"\/><\/svg><\/span><\/span><div class=\"vcex-content wpex-flex-grow\">cuisine enti\u00e8rement \u00e9quip\u00e9e<\/div><\/div><\/li>\n<\/ul>\n<\/div><div class=\"vcex-spacing wpex-w-100 wpex-clear\"><\/div><a href=\"https:\/\/reservations.cubilis.eu\/be\/de-swaenhoeck-damme\" class=\"vcex-button theme-button inline\" target=\"_blank\" rel=\"noopener noreferrer\"><span class=\"vcex-button-inner theme-button-inner wpex-flex wpex-flex-wrap wpex-items-center wpex-justify-center\">R\u00e9servez la ferme de Delft maintenant<\/span><\/a> [\/vc_column][vc_column width=\u00a0\u00bb2\/3&Prime;]<div class=\"vcex-image-grid-wrap\"><div class=\"vcex-module vcex-image-grid grid-style-masonry wpex-row wpex-clr vcex-isotope-grid no-transition wpex-overflow-hidden wpex-lightbox-group\" data-transition-duration=\"0.0\"><div class=\"id-883 vcex-image-grid-entry vcex-grid-item vcex-isotope-entry wpex-text-center span_1_of_3 col col-1\"><figure class=\"vcex-image-grid-entry-figure wpex-last-mb-0 wpex-clr\"><div class=\"vcex-image-grid-entry-img entry-media wpex-relative wpex-mb-20\"><a href=\"https:\/\/www.deswaenhoeck.be\/wp-content\/uploads\/2022\/09\/017.jpg\" class=\"vcex-image-grid-entry-link wpex-lightbox-group-item\" data-title=\"017\"><img width=\"413\" height=\"551\" src=\"https:\/\/www.deswaenhoeck.be\/wp-content\/uploads\/2022\/09\/017.jpg\" class=\"wpex-align-middle skip-lazy\" alt=\"\" data-no-lazy=\"1\" srcset=\"https:\/\/www.deswaenhoeck.be\/wp-content\/uploads\/2022\/09\/017.jpg 413w, https:\/\/www.deswaenhoeck.be\/wp-content\/uploads\/2022\/09\/017-225x300.jpg 225w\" sizes=\"(max-width: 413px) 100vw, 413px\" \/><\/a><\/div><\/figure><\/div><div class=\"id-880 vcex-image-grid-entry vcex-grid-item vcex-isotope-entry wpex-text-center span_1_of_3 col col-2\"><figure class=\"vcex-image-grid-entry-figure wpex-last-mb-0 wpex-clr\"><div class=\"vcex-image-grid-entry-img entry-media wpex-relative wpex-mb-20\"><a href=\"https:\/\/www.deswaenhoeck.be\/wp-content\/uploads\/2022\/09\/016.jpg\" class=\"vcex-image-grid-entry-link wpex-lightbox-group-item\" data-title=\"016\"><img width=\"980\" height=\"735\" src=\"https:\/\/www.deswaenhoeck.be\/wp-content\/uploads\/2022\/09\/016.jpg\" class=\"wpex-align-middle skip-lazy\" alt=\"\" data-no-lazy=\"1\" srcset=\"https:\/\/www.deswaenhoeck.be\/wp-content\/uploads\/2022\/09\/016.jpg 980w, https:\/\/www.deswaenhoeck.be\/wp-content\/uploads\/2022\/09\/016-300x225.jpg 300w, https:\/\/www.deswaenhoeck.be\/wp-content\/uploads\/2022\/09\/016-768x576.jpg 768w\" sizes=\"(max-width: 980px) 100vw, 980px\" \/><\/a><\/div><\/figure><\/div><div class=\"id-877 vcex-image-grid-entry vcex-grid-item vcex-isotope-entry wpex-text-center span_1_of_3 col col-3\"><figure class=\"vcex-image-grid-entry-figure wpex-last-mb-0 wpex-clr\"><div class=\"vcex-image-grid-entry-img entry-media wpex-relative wpex-mb-20\"><a href=\"https:\/\/www.deswaenhoeck.be\/wp-content\/uploads\/2022\/09\/015.jpg\" class=\"vcex-image-grid-entry-link wpex-lightbox-group-item\" data-title=\"015\"><img width=\"413\" height=\"551\" src=\"https:\/\/www.deswaenhoeck.be\/wp-content\/uploads\/2022\/09\/015.jpg\" class=\"wpex-align-middle skip-lazy\" alt=\"\" data-no-lazy=\"1\" srcset=\"https:\/\/www.deswaenhoeck.be\/wp-content\/uploads\/2022\/09\/015.jpg 413w, https:\/\/www.deswaenhoeck.be\/wp-content\/uploads\/2022\/09\/015-225x300.jpg 225w\" sizes=\"(max-width: 413px) 100vw, 413px\" \/><\/a><\/div><\/figure><\/div><div class=\"id-874 vcex-image-grid-entry vcex-grid-item vcex-isotope-entry wpex-text-center span_1_of_3 col col-1\"><figure class=\"vcex-image-grid-entry-figure wpex-last-mb-0 wpex-clr\"><div class=\"vcex-image-grid-entry-img entry-media wpex-relative wpex-mb-20\"><a href=\"https:\/\/www.deswaenhoeck.be\/wp-content\/uploads\/2022\/09\/014.jpg\" class=\"vcex-image-grid-entry-link wpex-lightbox-group-item\" data-title=\"014\"><img width=\"980\" height=\"735\" src=\"https:\/\/www.deswaenhoeck.be\/wp-content\/uploads\/2022\/09\/014.jpg\" class=\"wpex-align-middle skip-lazy\" alt=\"\" data-no-lazy=\"1\" srcset=\"https:\/\/www.deswaenhoeck.be\/wp-content\/uploads\/2022\/09\/014.jpg 980w, https:\/\/www.deswaenhoeck.be\/wp-content\/uploads\/2022\/09\/014-300x225.jpg 300w, https:\/\/www.deswaenhoeck.be\/wp-content\/uploads\/2022\/09\/014-768x576.jpg 768w\" sizes=\"(max-width: 980px) 100vw, 980px\" \/><\/a><\/div><\/figure><\/div><div class=\"id-871 vcex-image-grid-entry vcex-grid-item vcex-isotope-entry wpex-text-center span_1_of_3 col col-2\"><figure class=\"vcex-image-grid-entry-figure wpex-last-mb-0 wpex-clr\"><div class=\"vcex-image-grid-entry-img entry-media wpex-relative wpex-mb-20\"><a href=\"https:\/\/www.deswaenhoeck.be\/wp-content\/uploads\/2022\/09\/013.jpg\" class=\"vcex-image-grid-entry-link wpex-lightbox-group-item\" data-title=\"013\"><img width=\"980\" height=\"735\" src=\"https:\/\/www.deswaenhoeck.be\/wp-content\/uploads\/2022\/09\/013.jpg\" class=\"wpex-align-middle skip-lazy\" alt=\"\" data-no-lazy=\"1\" srcset=\"https:\/\/www.deswaenhoeck.be\/wp-content\/uploads\/2022\/09\/013.jpg 980w, https:\/\/www.deswaenhoeck.be\/wp-content\/uploads\/2022\/09\/013-300x225.jpg 300w, https:\/\/www.deswaenhoeck.be\/wp-content\/uploads\/2022\/09\/013-768x576.jpg 768w\" sizes=\"(max-width: 980px) 100vw, 980px\" \/><\/a><\/div><\/figure><\/div><div class=\"id-868 vcex-image-grid-entry vcex-grid-item vcex-isotope-entry wpex-text-center span_1_of_3 col col-3\"><figure class=\"vcex-image-grid-entry-figure wpex-last-mb-0 wpex-clr\"><div class=\"vcex-image-grid-entry-img entry-media wpex-relative wpex-mb-20\"><a href=\"https:\/\/www.deswaenhoeck.be\/wp-content\/uploads\/2022\/09\/012.jpg\" class=\"vcex-image-grid-entry-link wpex-lightbox-group-item\" data-title=\"012\"><img width=\"413\" height=\"551\" src=\"https:\/\/www.deswaenhoeck.be\/wp-content\/uploads\/2022\/09\/012.jpg\" class=\"wpex-align-middle skip-lazy\" alt=\"\" data-no-lazy=\"1\" srcset=\"https:\/\/www.deswaenhoeck.be\/wp-content\/uploads\/2022\/09\/012.jpg 413w, https:\/\/www.deswaenhoeck.be\/wp-content\/uploads\/2022\/09\/012-225x300.jpg 225w\" sizes=\"(max-width: 413px) 100vw, 413px\" \/><\/a><\/div><\/figure><\/div><div class=\"id-865 vcex-image-grid-entry vcex-grid-item vcex-isotope-entry wpex-text-center span_1_of_3 col col-1\"><figure class=\"vcex-image-grid-entry-figure wpex-last-mb-0 wpex-clr\"><div class=\"vcex-image-grid-entry-img entry-media wpex-relative wpex-mb-20\"><a href=\"https:\/\/www.deswaenhoeck.be\/wp-content\/uploads\/2022\/09\/011.jpg\" class=\"vcex-image-grid-entry-link wpex-lightbox-group-item\" data-title=\"011\"><img width=\"413\" height=\"551\" src=\"https:\/\/www.deswaenhoeck.be\/wp-content\/uploads\/2022\/09\/011.jpg\" class=\"wpex-align-middle skip-lazy\" alt=\"\" data-no-lazy=\"1\" srcset=\"https:\/\/www.deswaenhoeck.be\/wp-content\/uploads\/2022\/09\/011.jpg 413w, https:\/\/www.deswaenhoeck.be\/wp-content\/uploads\/2022\/09\/011-225x300.jpg 225w\" sizes=\"(max-width: 413px) 100vw, 413px\" \/><\/a><\/div><\/figure><\/div><div class=\"id-862 vcex-image-grid-entry vcex-grid-item vcex-isotope-entry wpex-text-center span_1_of_3 col col-2\"><figure class=\"vcex-image-grid-entry-figure wpex-last-mb-0 wpex-clr\"><div class=\"vcex-image-grid-entry-img entry-media wpex-relative wpex-mb-20\"><a href=\"https:\/\/www.deswaenhoeck.be\/wp-content\/uploads\/2022\/09\/010.jpg\" class=\"vcex-image-grid-entry-link wpex-lightbox-group-item\" data-title=\"010\"><img width=\"413\" height=\"551\" src=\"https:\/\/www.deswaenhoeck.be\/wp-content\/uploads\/2022\/09\/010.jpg\" class=\"wpex-align-middle skip-lazy\" alt=\"\" data-no-lazy=\"1\" srcset=\"https:\/\/www.deswaenhoeck.be\/wp-content\/uploads\/2022\/09\/010.jpg 413w, https:\/\/www.deswaenhoeck.be\/wp-content\/uploads\/2022\/09\/010-225x300.jpg 225w\" sizes=\"(max-width: 413px) 100vw, 413px\" \/><\/a><\/div><\/figure><\/div><div class=\"id-859 vcex-image-grid-entry vcex-grid-item vcex-isotope-entry wpex-text-center span_1_of_3 col col-3\"><figure class=\"vcex-image-grid-entry-figure wpex-last-mb-0 wpex-clr\"><div class=\"vcex-image-grid-entry-img entry-media wpex-relative wpex-mb-20\"><a href=\"https:\/\/www.deswaenhoeck.be\/wp-content\/uploads\/2022\/09\/009.jpg\" class=\"vcex-image-grid-entry-link wpex-lightbox-group-item\" data-title=\"009\"><img width=\"980\" height=\"735\" src=\"https:\/\/www.deswaenhoeck.be\/wp-content\/uploads\/2022\/09\/009.jpg\" class=\"wpex-align-middle skip-lazy\" alt=\"\" data-no-lazy=\"1\" srcset=\"https:\/\/www.deswaenhoeck.be\/wp-content\/uploads\/2022\/09\/009.jpg 980w, https:\/\/www.deswaenhoeck.be\/wp-content\/uploads\/2022\/09\/009-300x225.jpg 300w, https:\/\/www.deswaenhoeck.be\/wp-content\/uploads\/2022\/09\/009-768x576.jpg 768w\" sizes=\"(max-width: 980px) 100vw, 980px\" \/><\/a><\/div><\/figure><\/div><div class=\"id-856 vcex-image-grid-entry vcex-grid-item vcex-isotope-entry wpex-text-center span_1_of_3 col col-1\"><figure class=\"vcex-image-grid-entry-figure wpex-last-mb-0 wpex-clr\"><div class=\"vcex-image-grid-entry-img entry-media wpex-relative wpex-mb-20\"><a href=\"https:\/\/www.deswaenhoeck.be\/wp-content\/uploads\/2022\/09\/008.jpg\" class=\"vcex-image-grid-entry-link wpex-lightbox-group-item\" data-title=\"008\"><img width=\"980\" height=\"735\" src=\"https:\/\/www.deswaenhoeck.be\/wp-content\/uploads\/2022\/09\/008.jpg\" class=\"wpex-align-middle skip-lazy\" alt=\"\" data-no-lazy=\"1\" srcset=\"https:\/\/www.deswaenhoeck.be\/wp-content\/uploads\/2022\/09\/008.jpg 980w, https:\/\/www.deswaenhoeck.be\/wp-content\/uploads\/2022\/09\/008-300x225.jpg 300w, https:\/\/www.deswaenhoeck.be\/wp-content\/uploads\/2022\/09\/008-768x576.jpg 768w\" sizes=\"(max-width: 980px) 100vw, 980px\" \/><\/a><\/div><\/figure><\/div><div class=\"id-853 vcex-image-grid-entry vcex-grid-item vcex-isotope-entry wpex-text-center span_1_of_3 col col-2\"><figure class=\"vcex-image-grid-entry-figure wpex-last-mb-0 wpex-clr\"><div class=\"vcex-image-grid-entry-img entry-media wpex-relative wpex-mb-20\"><a href=\"https:\/\/www.deswaenhoeck.be\/wp-content\/uploads\/2022\/09\/007.jpg\" class=\"vcex-image-grid-entry-link wpex-lightbox-group-item\" data-title=\"007\"><img width=\"413\" height=\"551\" src=\"https:\/\/www.deswaenhoeck.be\/wp-content\/uploads\/2022\/09\/007.jpg\" class=\"wpex-align-middle skip-lazy\" alt=\"\" data-no-lazy=\"1\" srcset=\"https:\/\/www.deswaenhoeck.be\/wp-content\/uploads\/2022\/09\/007.jpg 413w, https:\/\/www.deswaenhoeck.be\/wp-content\/uploads\/2022\/09\/007-225x300.jpg 225w\" sizes=\"(max-width: 413px) 100vw, 413px\" \/><\/a><\/div><\/figure><\/div><div class=\"id-850 vcex-image-grid-entry vcex-grid-item vcex-isotope-entry wpex-text-center span_1_of_3 col col-3\"><figure class=\"vcex-image-grid-entry-figure wpex-last-mb-0 wpex-clr\"><div class=\"vcex-image-grid-entry-img entry-media wpex-relative wpex-mb-20\"><a href=\"https:\/\/www.deswaenhoeck.be\/wp-content\/uploads\/2022\/09\/006.jpg\" class=\"vcex-image-grid-entry-link wpex-lightbox-group-item\" data-title=\"006\"><img width=\"980\" height=\"735\" src=\"https:\/\/www.deswaenhoeck.be\/wp-content\/uploads\/2022\/09\/006.jpg\" class=\"wpex-align-middle skip-lazy\" alt=\"\" data-no-lazy=\"1\" srcset=\"https:\/\/www.deswaenhoeck.be\/wp-content\/uploads\/2022\/09\/006.jpg 980w, https:\/\/www.deswaenhoeck.be\/wp-content\/uploads\/2022\/09\/006-300x225.jpg 300w, https:\/\/www.deswaenhoeck.be\/wp-content\/uploads\/2022\/09\/006-768x576.jpg 768w\" sizes=\"(max-width: 980px) 100vw, 980px\" \/><\/a><\/div><\/figure><\/div><div class=\"id-847 vcex-image-grid-entry vcex-grid-item vcex-isotope-entry wpex-text-center span_1_of_3 col col-1\"><figure class=\"vcex-image-grid-entry-figure wpex-last-mb-0 wpex-clr\"><div class=\"vcex-image-grid-entry-img entry-media wpex-relative wpex-mb-20\"><a href=\"https:\/\/www.deswaenhoeck.be\/wp-content\/uploads\/2022\/09\/005.jpg\" class=\"vcex-image-grid-entry-link wpex-lightbox-group-item\" data-title=\"005\"><img width=\"980\" height=\"735\" src=\"https:\/\/www.deswaenhoeck.be\/wp-content\/uploads\/2022\/09\/005.jpg\" class=\"wpex-align-middle skip-lazy\" alt=\"\" data-no-lazy=\"1\" srcset=\"https:\/\/www.deswaenhoeck.be\/wp-content\/uploads\/2022\/09\/005.jpg 980w, https:\/\/www.deswaenhoeck.be\/wp-content\/uploads\/2022\/09\/005-300x225.jpg 300w, https:\/\/www.deswaenhoeck.be\/wp-content\/uploads\/2022\/09\/005-768x576.jpg 768w\" sizes=\"(max-width: 980px) 100vw, 980px\" \/><\/a><\/div><\/figure><\/div><div class=\"id-844 vcex-image-grid-entry vcex-grid-item vcex-isotope-entry wpex-text-center span_1_of_3 col col-2\"><figure class=\"vcex-image-grid-entry-figure wpex-last-mb-0 wpex-clr\"><div class=\"vcex-image-grid-entry-img entry-media wpex-relative wpex-mb-20\"><a href=\"https:\/\/www.deswaenhoeck.be\/wp-content\/uploads\/2022\/09\/004.jpg\" class=\"vcex-image-grid-entry-link wpex-lightbox-group-item\" data-title=\"004\"><img width=\"980\" height=\"735\" src=\"https:\/\/www.deswaenhoeck.be\/wp-content\/uploads\/2022\/09\/004.jpg\" class=\"wpex-align-middle skip-lazy\" alt=\"\" data-no-lazy=\"1\" srcset=\"https:\/\/www.deswaenhoeck.be\/wp-content\/uploads\/2022\/09\/004.jpg 980w, https:\/\/www.deswaenhoeck.be\/wp-content\/uploads\/2022\/09\/004-300x225.jpg 300w, https:\/\/www.deswaenhoeck.be\/wp-content\/uploads\/2022\/09\/004-768x576.jpg 768w\" sizes=\"(max-width: 980px) 100vw, 980px\" \/><\/a><\/div><\/figure><\/div><div class=\"id-841 vcex-image-grid-entry vcex-grid-item vcex-isotope-entry wpex-text-center span_1_of_3 col col-3\"><figure class=\"vcex-image-grid-entry-figure wpex-last-mb-0 wpex-clr\"><div class=\"vcex-image-grid-entry-img entry-media wpex-relative wpex-mb-20\"><a href=\"https:\/\/www.deswaenhoeck.be\/wp-content\/uploads\/2022\/09\/003.jpg\" class=\"vcex-image-grid-entry-link wpex-lightbox-group-item\" data-title=\"003\"><img width=\"413\" height=\"551\" src=\"https:\/\/www.deswaenhoeck.be\/wp-content\/uploads\/2022\/09\/003.jpg\" class=\"wpex-align-middle skip-lazy\" alt=\"\" data-no-lazy=\"1\" srcset=\"https:\/\/www.deswaenhoeck.be\/wp-content\/uploads\/2022\/09\/003.jpg 413w, https:\/\/www.deswaenhoeck.be\/wp-content\/uploads\/2022\/09\/003-225x300.jpg 225w\" sizes=\"(max-width: 413px) 100vw, 413px\" \/><\/a><\/div><\/figure><\/div><div class=\"id-838 vcex-image-grid-entry vcex-grid-item vcex-isotope-entry wpex-text-center span_1_of_3 col col-1\"><figure class=\"vcex-image-grid-entry-figure wpex-last-mb-0 wpex-clr\"><div class=\"vcex-image-grid-entry-img entry-media wpex-relative wpex-mb-20\"><a href=\"https:\/\/www.deswaenhoeck.be\/wp-content\/uploads\/2022\/09\/002.jpg\" class=\"vcex-image-grid-entry-link wpex-lightbox-group-item\" data-title=\"002\"><img width=\"413\" height=\"551\" src=\"https:\/\/www.deswaenhoeck.be\/wp-content\/uploads\/2022\/09\/002.jpg\" class=\"wpex-align-middle skip-lazy\" alt=\"\" data-no-lazy=\"1\" srcset=\"https:\/\/www.deswaenhoeck.be\/wp-content\/uploads\/2022\/09\/002.jpg 413w, https:\/\/www.deswaenhoeck.be\/wp-content\/uploads\/2022\/09\/002-225x300.jpg 225w\" sizes=\"(max-width: 413px) 100vw, 413px\" \/><\/a><\/div><\/figure><\/div><div class=\"id-835 vcex-image-grid-entry vcex-grid-item vcex-isotope-entry wpex-text-center span_1_of_3 col col-2\"><figure class=\"vcex-image-grid-entry-figure wpex-last-mb-0 wpex-clr\"><div class=\"vcex-image-grid-entry-img entry-media wpex-relative wpex-mb-20\"><a href=\"https:\/\/www.deswaenhoeck.be\/wp-content\/uploads\/2022\/09\/001.jpg\" class=\"vcex-image-grid-entry-link wpex-lightbox-group-item\" data-title=\"001\"><img width=\"413\" height=\"551\" src=\"https:\/\/www.deswaenhoeck.be\/wp-content\/uploads\/2022\/09\/001.jpg\" class=\"wpex-align-middle skip-lazy\" alt=\"\" data-no-lazy=\"1\" srcset=\"https:\/\/www.deswaenhoeck.be\/wp-content\/uploads\/2022\/09\/001.jpg 413w, https:\/\/www.deswaenhoeck.be\/wp-content\/uploads\/2022\/09\/001-225x300.jpg 225w\" sizes=\"(max-width: 413px) 100vw, 413px\" \/><\/a><\/div><\/figure><\/div><div class=\"id-1192 vcex-image-grid-entry vcex-grid-item vcex-isotope-entry wpex-text-center span_1_of_3 col col-3\"><figure class=\"vcex-image-grid-entry-figure wpex-last-mb-0 wpex-clr\"><div class=\"vcex-image-grid-entry-img entry-media wpex-relative wpex-mb-20\"><a href=\"https:\/\/www.deswaenhoeck.be\/wp-content\/uploads\/2022\/09\/Landhuys-en-delftse-hoeve-0.jpg\" class=\"vcex-image-grid-entry-link wpex-lightbox-group-item\" data-title=\"Landhuys En Delftse Hoeve 0\"><img width=\"1669\" height=\"1179\" src=\"https:\/\/www.deswaenhoeck.be\/wp-content\/uploads\/2022\/09\/Landhuys-en-delftse-hoeve-0.jpg\" class=\"wpex-align-middle skip-lazy\" alt=\"\" data-no-lazy=\"1\" srcset=\"https:\/\/www.deswaenhoeck.be\/wp-content\/uploads\/2022\/09\/Landhuys-en-delftse-hoeve-0.jpg 1669w, https:\/\/www.deswaenhoeck.be\/wp-content\/uploads\/2022\/09\/Landhuys-en-delftse-hoeve-0-300x212.jpg 300w, https:\/\/www.deswaenhoeck.be\/wp-content\/uploads\/2022\/09\/Landhuys-en-delftse-hoeve-0-1024x723.jpg 1024w, https:\/\/www.deswaenhoeck.be\/wp-content\/uploads\/2022\/09\/Landhuys-en-delftse-hoeve-0-768x543.jpg 768w, https:\/\/www.deswaenhoeck.be\/wp-content\/uploads\/2022\/09\/Landhuys-en-delftse-hoeve-0-1536x1085.jpg 1536w\" sizes=\"(max-width: 1669px) 100vw, 1669px\" \/><\/a><\/div><\/figure><\/div><div class=\"id-1189 vcex-image-grid-entry vcex-grid-item vcex-isotope-entry wpex-text-center span_1_of_3 col col-1\"><figure class=\"vcex-image-grid-entry-figure wpex-last-mb-0 wpex-clr\"><div class=\"vcex-image-grid-entry-img entry-media wpex-relative wpex-mb-20\"><a href=\"https:\/\/www.deswaenhoeck.be\/wp-content\/uploads\/2022\/09\/Landhuys-en-delftse-hoeve-1.jpg\" class=\"vcex-image-grid-entry-link wpex-lightbox-group-item\" data-title=\"Landhuys En Delftse Hoeve +1\"><img width=\"1669\" height=\"1179\" src=\"https:\/\/www.deswaenhoeck.be\/wp-content\/uploads\/2022\/09\/Landhuys-en-delftse-hoeve-1.jpg\" class=\"wpex-align-middle skip-lazy\" alt=\"\" data-no-lazy=\"1\" srcset=\"https:\/\/www.deswaenhoeck.be\/wp-content\/uploads\/2022\/09\/Landhuys-en-delftse-hoeve-1.jpg 1669w, https:\/\/www.deswaenhoeck.be\/wp-content\/uploads\/2022\/09\/Landhuys-en-delftse-hoeve-1-300x212.jpg 300w, https:\/\/www.deswaenhoeck.be\/wp-content\/uploads\/2022\/09\/Landhuys-en-delftse-hoeve-1-1024x723.jpg 1024w, https:\/\/www.deswaenhoeck.be\/wp-content\/uploads\/2022\/09\/Landhuys-en-delftse-hoeve-1-768x543.jpg 768w, https:\/\/www.deswaenhoeck.be\/wp-content\/uploads\/2022\/09\/Landhuys-en-delftse-hoeve-1-1536x1085.jpg 1536w\" sizes=\"(max-width: 1669px) 100vw, 1669px\" \/><\/a><\/div><\/figure><\/div><\/div><\/div>[\/vc_column][\/vc_row]\n<\/div>","protected":false},"excerpt":{"rendered":"<p>[vc_row][vc_column width=\u00a0\u00bb1\/3&Prime;][\/vc_column][vc_column width=\u00a0\u00bb2\/3&Prime;][\/vc_column][\/vc_row]<\/p>\n","protected":false},"author":1,"featured_media":850,"parent":1237,"menu_order":1,"comment_status":"closed","ping_status":"closed","template":"","meta":{"footnotes":""},"class_list":["post-1314","page","type-page","status-publish","has-post-thumbnail","hentry","entry","no-media"],"_links":{"self":[{"href":"https:\/\/www.deswaenhoeck.be\/fr\/wp-json\/wp\/v2\/pages\/1314","targetHints":{"allow":["GET"]}}],"collection":[{"href":"https:\/\/www.deswaenhoeck.be\/fr\/wp-json\/wp\/v2\/pages"}],"about":[{"href":"https:\/\/www.deswaenhoeck.be\/fr\/wp-json\/wp\/v2\/types\/page"}],"author":[{"embeddable":true,"href":"https:\/\/www.deswaenhoeck.be\/fr\/wp-json\/wp\/v2\/users\/1"}],"replies":[{"embeddable":true,"href":"https:\/\/www.deswaenhoeck.be\/fr\/wp-json\/wp\/v2\/comments?post=1314"}],"version-history":[{"count":3,"href":"https:\/\/www.deswaenhoeck.be\/fr\/wp-json\/wp\/v2\/pages\/1314\/revisions"}],"predecessor-version":[{"id":1512,"href":"https:\/\/www.deswaenhoeck.be\/fr\/wp-json\/wp\/v2\/pages\/1314\/revisions\/1512"}],"up":[{"embeddable":true,"href":"https:\/\/www.deswaenhoeck.be\/fr\/wp-json\/wp\/v2\/pages\/1237"}],"wp:featuredmedia":[{"embeddable":true,"href":"https:\/\/www.deswaenhoeck.be\/fr\/wp-json\/wp\/v2\/media\/850"}],"wp:attachment":[{"href":"https:\/\/www.deswaenhoeck.be\/fr\/wp-json\/wp\/v2\/media?parent=1314"}],"curies":[{"name":"wp","href":"https:\/\/api.w.org\/{rel}","templated":true}]}}