{"id":29028,"date":"2025-12-01T09:37:11","date_gmt":"2025-12-01T08:37:11","guid":{"rendered":"https:\/\/www.deswaenhoeck.be\/?page_id=29028"},"modified":"2025-12-01T10:43:55","modified_gmt":"2025-12-01T09:43:55","slug":"activites-et-environs","status":"publish","type":"page","link":"https:\/\/www.deswaenhoeck.be\/fr\/questions-frequemment-posees\/activites-et-environs\/","title":{"rendered":"Activit\u00e9s et environs"},"content":{"rendered":"<div class=\"wpb-content-wrapper\">[vc_row offset_overlay_header=\u00a0\u00bbyes\u00a0\u00bb][vc_column width=\u00a0\u00bb1\/2&Prime;]<style>.vcex-toggle-group.vcex_69f1e38963756 .vcex-toggle__heading{font-weight:700;}<\/style><div class=\"vcex-toggle-group vcex-toggle-group--w-borders vcex-module wpex-mx-auto vcex_69f1e38963756\" data-vcex-accordion=\"1\"><div class=\"vcex-toggle vcex-module\" data-animate=\"true\" data-duration=\"300\" itemscope=\"itemscope\" itemprop=\"mainEntity\" itemtype=\"https:\/\/schema.org\/Question\"><div class=\"vcex-toggle__heading\"><a href=\"#qu039y-a-t-il--faire-dans-les-environs-de-de-swaenhoeck-\" class=\"vcex-toggle__trigger wpex-transition-colors wpex-flex wpex-items-center wpex-gap-10\" aria-expanded=\"false\" aria-controls=\"qu039y-a-t-il--faire-dans-les-environs-de-de-swaenhoeck-\"><div class=\"vcex-toggle__icon wpex-flex wpex-items-center wpex-justify-center\" aria-hidden=\"true\"><div class=\"vcex-toggle__icon-open wpex-flex wpex-flex-col wpex-items-center\"><svg xmlns=\"http:\/\/www.w3.org\/2000\/svg\" height=\"1.5em\" viewBox=\"0 0 24 24\" width=\"1.5em\" fill=\"currentColor\" class=\"vcex-toggle__icon-open\"><path d=\"M0 0h24v24H0V0z\" fill=\"none\"\/><path d=\"M19 13h-6v6h-2v-6H5v-2h6V5h2v6h6v2z\"\/><\/svg><\/div><div class=\"vcex-toggle__icon-close wpex-flex wpex-flex-col wpex-items-center\"><svg xmlns=\"http:\/\/www.w3.org\/2000\/svg\" height=\"1.5em\" viewBox=\"0 0 24 24\" width=\"1.5em\" fill=\"currentColor\" class=\"vcex-toggle__icon-close\"><path d=\"M0 0h24v24H0V0z\" fill=\"none\"\/><path d=\"M19 13H5v-2h14v2z\"\/><\/svg><\/div><\/div><div class=\"vcex-toggle__title\" itemprop=\"name\">Qu&#039;y a-t-il \u00e0 faire dans les environs de De Swaenhoeck ?<\/div><\/a><\/div><div id=\"qu039y-a-t-il--faire-dans-les-environs-de-de-swaenhoeck-\" class=\"vcex-toggle__content wpex-clr wpex-last-mb-0 wpex-my-10\" itemscope itemprop=\"acceptedAnswer\" itemtype=\"https:\/\/schema.org\/Answer\"><div itemprop=\"text\"><p>Randonn\u00e9e, cyclisme, golf, visite de Bruges, excursion en bateau Damse Vaart, excursion \u00e0 la plage, gastronomie.<\/p>\n<\/div><\/div><\/div> <div class=\"vcex-toggle vcex-module\" data-animate=\"true\" data-duration=\"300\" itemscope=\"itemscope\" itemprop=\"mainEntity\" itemtype=\"https:\/\/schema.org\/Question\"><div class=\"vcex-toggle__heading\"><a href=\"#peut-on-louer-des-vlos--de-swaenhoeck-\" class=\"vcex-toggle__trigger wpex-transition-colors wpex-flex wpex-items-center wpex-gap-10\" aria-expanded=\"false\" aria-controls=\"peut-on-louer-des-vlos--de-swaenhoeck-\"><div class=\"vcex-toggle__icon wpex-flex wpex-items-center wpex-justify-center\" aria-hidden=\"true\"><div class=\"vcex-toggle__icon-open wpex-flex wpex-flex-col wpex-items-center\"><svg xmlns=\"http:\/\/www.w3.org\/2000\/svg\" height=\"1.5em\" viewBox=\"0 0 24 24\" width=\"1.5em\" fill=\"currentColor\" class=\"vcex-toggle__icon-open\"><path d=\"M0 0h24v24H0V0z\" fill=\"none\"\/><path d=\"M19 13h-6v6h-2v-6H5v-2h6V5h2v6h6v2z\"\/><\/svg><\/div><div class=\"vcex-toggle__icon-close wpex-flex wpex-flex-col wpex-items-center\"><svg xmlns=\"http:\/\/www.w3.org\/2000\/svg\" height=\"1.5em\" viewBox=\"0 0 24 24\" width=\"1.5em\" fill=\"currentColor\" class=\"vcex-toggle__icon-close\"><path d=\"M0 0h24v24H0V0z\" fill=\"none\"\/><path d=\"M19 13H5v-2h14v2z\"\/><\/svg><\/div><\/div><div class=\"vcex-toggle__title\" itemprop=\"name\">Peut-on louer des v\u00e9los \u00e0 De Swaenhoeck ?<\/div><\/a><\/div><div id=\"peut-on-louer-des-vlos--de-swaenhoeck-\" class=\"vcex-toggle__content wpex-clr wpex-last-mb-0 wpex-my-10\" itemscope itemprop=\"acceptedAnswer\" itemtype=\"https:\/\/schema.org\/Answer\"><div itemprop=\"text\"><p>Oui, vous pouvez louer des v\u00e9los pour explorer la r\u00e9gion.<\/p>\n<\/div><\/div><\/div> <div class=\"vcex-toggle vcex-module\" data-animate=\"true\" data-duration=\"300\" itemscope=\"itemscope\" itemprop=\"mainEntity\" itemtype=\"https:\/\/schema.org\/Question\"><div class=\"vcex-toggle__heading\"><a href=\"#quelle-est-la-distance-entre-de-swaenhoeck-et-bruges-\" class=\"vcex-toggle__trigger wpex-transition-colors wpex-flex wpex-items-center wpex-gap-10\" aria-expanded=\"false\" aria-controls=\"quelle-est-la-distance-entre-de-swaenhoeck-et-bruges-\"><div class=\"vcex-toggle__icon wpex-flex wpex-items-center wpex-justify-center\" aria-hidden=\"true\"><div class=\"vcex-toggle__icon-open wpex-flex wpex-flex-col wpex-items-center\"><svg xmlns=\"http:\/\/www.w3.org\/2000\/svg\" height=\"1.5em\" viewBox=\"0 0 24 24\" width=\"1.5em\" fill=\"currentColor\" class=\"vcex-toggle__icon-open\"><path d=\"M0 0h24v24H0V0z\" fill=\"none\"\/><path d=\"M19 13h-6v6h-2v-6H5v-2h6V5h2v6h6v2z\"\/><\/svg><\/div><div class=\"vcex-toggle__icon-close wpex-flex wpex-flex-col wpex-items-center\"><svg xmlns=\"http:\/\/www.w3.org\/2000\/svg\" height=\"1.5em\" viewBox=\"0 0 24 24\" width=\"1.5em\" fill=\"currentColor\" class=\"vcex-toggle__icon-close\"><path d=\"M0 0h24v24H0V0z\" fill=\"none\"\/><path d=\"M19 13H5v-2h14v2z\"\/><\/svg><\/div><\/div><div class=\"vcex-toggle__title\" itemprop=\"name\">Quelle est la distance entre De Swaenhoeck et Bruges ?<\/div><\/a><\/div><div id=\"quelle-est-la-distance-entre-de-swaenhoeck-et-bruges-\" class=\"vcex-toggle__content wpex-clr wpex-last-mb-0 wpex-my-10\" itemscope itemprop=\"acceptedAnswer\" itemtype=\"https:\/\/schema.org\/Answer\"><div itemprop=\"text\"><p>A quelques kilom\u00e8tres seulement, id\u00e9al pour visiter la ville en v\u00e9lo ou en voiture.<\/p>\n<\/div><\/div><\/div> <div class=\"vcex-toggle vcex-module\" data-animate=\"true\" data-duration=\"300\" itemscope=\"itemscope\" itemprop=\"mainEntity\" itemtype=\"https:\/\/schema.org\/Question\"><div class=\"vcex-toggle__heading\"><a href=\"#quelle-est-la-distance-entre-la-cte-et-de-swaenhoeck-\" class=\"vcex-toggle__trigger wpex-transition-colors wpex-flex wpex-items-center wpex-gap-10\" aria-expanded=\"false\" aria-controls=\"quelle-est-la-distance-entre-la-cte-et-de-swaenhoeck-\"><div class=\"vcex-toggle__icon wpex-flex wpex-items-center wpex-justify-center\" aria-hidden=\"true\"><div class=\"vcex-toggle__icon-open wpex-flex wpex-flex-col wpex-items-center\"><svg xmlns=\"http:\/\/www.w3.org\/2000\/svg\" height=\"1.5em\" viewBox=\"0 0 24 24\" width=\"1.5em\" fill=\"currentColor\" class=\"vcex-toggle__icon-open\"><path d=\"M0 0h24v24H0V0z\" fill=\"none\"\/><path d=\"M19 13h-6v6h-2v-6H5v-2h6V5h2v6h6v2z\"\/><\/svg><\/div><div class=\"vcex-toggle__icon-close wpex-flex wpex-flex-col wpex-items-center\"><svg xmlns=\"http:\/\/www.w3.org\/2000\/svg\" height=\"1.5em\" viewBox=\"0 0 24 24\" width=\"1.5em\" fill=\"currentColor\" class=\"vcex-toggle__icon-close\"><path d=\"M0 0h24v24H0V0z\" fill=\"none\"\/><path d=\"M19 13H5v-2h14v2z\"\/><\/svg><\/div><\/div><div class=\"vcex-toggle__title\" itemprop=\"name\">Quelle est la distance entre la c\u00f4te et De Swaenhoeck ?<\/div><\/a><\/div><div id=\"quelle-est-la-distance-entre-la-cte-et-de-swaenhoeck-\" class=\"vcex-toggle__content wpex-clr wpex-last-mb-0 wpex-my-10\" itemscope itemprop=\"acceptedAnswer\" itemtype=\"https:\/\/schema.org\/Answer\"><div itemprop=\"text\"><p>La c\u00f4te se trouve \u00e0 une courte distance en voiture, id\u00e9ale pour une excursion d&rsquo;une journ\u00e9e.<\/p>\n<\/div><\/div><\/div> <div class=\"vcex-toggle vcex-module\" data-animate=\"true\" data-duration=\"300\" itemscope=\"itemscope\" itemprop=\"mainEntity\" itemtype=\"https:\/\/schema.org\/Question\"><div class=\"vcex-toggle__heading\"><a href=\"#pouvez-vous-vous-promener-dans-de-swaenhoeck-\" class=\"vcex-toggle__trigger wpex-transition-colors wpex-flex wpex-items-center wpex-gap-10\" aria-expanded=\"false\" aria-controls=\"pouvez-vous-vous-promener-dans-de-swaenhoeck-\"><div class=\"vcex-toggle__icon wpex-flex wpex-items-center wpex-justify-center\" aria-hidden=\"true\"><div class=\"vcex-toggle__icon-open wpex-flex wpex-flex-col wpex-items-center\"><svg xmlns=\"http:\/\/www.w3.org\/2000\/svg\" height=\"1.5em\" viewBox=\"0 0 24 24\" width=\"1.5em\" fill=\"currentColor\" class=\"vcex-toggle__icon-open\"><path d=\"M0 0h24v24H0V0z\" fill=\"none\"\/><path d=\"M19 13h-6v6h-2v-6H5v-2h6V5h2v6h6v2z\"\/><\/svg><\/div><div class=\"vcex-toggle__icon-close wpex-flex wpex-flex-col wpex-items-center\"><svg xmlns=\"http:\/\/www.w3.org\/2000\/svg\" height=\"1.5em\" viewBox=\"0 0 24 24\" width=\"1.5em\" fill=\"currentColor\" class=\"vcex-toggle__icon-close\"><path d=\"M0 0h24v24H0V0z\" fill=\"none\"\/><path d=\"M19 13H5v-2h14v2z\"\/><\/svg><\/div><\/div><div class=\"vcex-toggle__title\" itemprop=\"name\">Pouvez-vous vous promener dans De Swaenhoeck ?<\/div><\/a><\/div><div id=\"pouvez-vous-vous-promener-dans-de-swaenhoeck-\" class=\"vcex-toggle__content wpex-clr wpex-last-mb-0 wpex-my-10\" itemscope itemprop=\"acceptedAnswer\" itemtype=\"https:\/\/schema.org\/Answer\"><div itemprop=\"text\"><p>Oui, la nature des polders autour de Damme offre de belles promenades.<\/p>\n<\/div><\/div><\/div> <div class=\"vcex-toggle vcex-module\" data-animate=\"true\" data-duration=\"300\" itemscope=\"itemscope\" itemprop=\"mainEntity\" itemtype=\"https:\/\/schema.org\/Question\"><div class=\"vcex-toggle__heading\"><a href=\"#y-a-t-il-un-golf--proximit-\" class=\"vcex-toggle__trigger wpex-transition-colors wpex-flex wpex-items-center wpex-gap-10\" aria-expanded=\"false\" aria-controls=\"y-a-t-il-un-golf--proximit-\"><div class=\"vcex-toggle__icon wpex-flex wpex-items-center wpex-justify-center\" aria-hidden=\"true\"><div class=\"vcex-toggle__icon-open wpex-flex wpex-flex-col wpex-items-center\"><svg xmlns=\"http:\/\/www.w3.org\/2000\/svg\" height=\"1.5em\" viewBox=\"0 0 24 24\" width=\"1.5em\" fill=\"currentColor\" class=\"vcex-toggle__icon-open\"><path d=\"M0 0h24v24H0V0z\" fill=\"none\"\/><path d=\"M19 13h-6v6h-2v-6H5v-2h6V5h2v6h6v2z\"\/><\/svg><\/div><div class=\"vcex-toggle__icon-close wpex-flex wpex-flex-col wpex-items-center\"><svg xmlns=\"http:\/\/www.w3.org\/2000\/svg\" height=\"1.5em\" viewBox=\"0 0 24 24\" width=\"1.5em\" fill=\"currentColor\" class=\"vcex-toggle__icon-close\"><path d=\"M0 0h24v24H0V0z\" fill=\"none\"\/><path d=\"M19 13H5v-2h14v2z\"\/><\/svg><\/div><\/div><div class=\"vcex-toggle__title\" itemprop=\"name\">Y a-t-il un golf \u00e0 proximit\u00e9 ?<\/div><\/a><\/div><div id=\"y-a-t-il-un-golf--proximit-\" class=\"vcex-toggle__content wpex-clr wpex-last-mb-0 wpex-my-10\" itemscope itemprop=\"acceptedAnswer\" itemtype=\"https:\/\/schema.org\/Answer\"><div itemprop=\"text\"><p>Oui, il y a un club de golf \u00e0 proximit\u00e9, \u00e0 5 minutes de marche.<\/p>\n<\/div><\/div><\/div> <div class=\"vcex-toggle vcex-module\" data-animate=\"true\" data-duration=\"300\" itemscope=\"itemscope\" itemprop=\"mainEntity\" itemtype=\"https:\/\/schema.org\/Question\"><div class=\"vcex-toggle__heading\"><a href=\"#puis-je-voir-des-animaux-sur-le-domaine-\" class=\"vcex-toggle__trigger wpex-transition-colors wpex-flex wpex-items-center wpex-gap-10\" aria-expanded=\"false\" aria-controls=\"puis-je-voir-des-animaux-sur-le-domaine-\"><div class=\"vcex-toggle__icon wpex-flex wpex-items-center wpex-justify-center\" aria-hidden=\"true\"><div class=\"vcex-toggle__icon-open wpex-flex wpex-flex-col wpex-items-center\"><svg xmlns=\"http:\/\/www.w3.org\/2000\/svg\" height=\"1.5em\" viewBox=\"0 0 24 24\" width=\"1.5em\" fill=\"currentColor\" class=\"vcex-toggle__icon-open\"><path d=\"M0 0h24v24H0V0z\" fill=\"none\"\/><path d=\"M19 13h-6v6h-2v-6H5v-2h6V5h2v6h6v2z\"\/><\/svg><\/div><div class=\"vcex-toggle__icon-close wpex-flex wpex-flex-col wpex-items-center\"><svg xmlns=\"http:\/\/www.w3.org\/2000\/svg\" height=\"1.5em\" viewBox=\"0 0 24 24\" width=\"1.5em\" fill=\"currentColor\" class=\"vcex-toggle__icon-close\"><path d=\"M0 0h24v24H0V0z\" fill=\"none\"\/><path d=\"M19 13H5v-2h14v2z\"\/><\/svg><\/div><\/div><div class=\"vcex-toggle__title\" itemprop=\"name\">Puis-je voir des animaux sur le domaine ?<\/div><\/a><\/div><div id=\"puis-je-voir-des-animaux-sur-le-domaine-\" class=\"vcex-toggle__content wpex-clr wpex-last-mb-0 wpex-my-10\" itemscope itemprop=\"acceptedAnswer\" itemtype=\"https:\/\/schema.org\/Answer\"><div itemprop=\"text\"><p>Oui, les animaux neerhof sont pr\u00e9sents.<\/p>\n<\/div><\/div><\/div> <div class=\"vcex-toggle vcex-module\" data-animate=\"true\" data-duration=\"300\" itemscope=\"itemscope\" itemprop=\"mainEntity\" itemtype=\"https:\/\/schema.org\/Question\"><div class=\"vcex-toggle__heading\"><a href=\"#y-a-t-il-des-restaurants--proximit-\" class=\"vcex-toggle__trigger wpex-transition-colors wpex-flex wpex-items-center wpex-gap-10\" aria-expanded=\"false\" aria-controls=\"y-a-t-il-des-restaurants--proximit-\"><div class=\"vcex-toggle__icon wpex-flex wpex-items-center wpex-justify-center\" aria-hidden=\"true\"><div class=\"vcex-toggle__icon-open wpex-flex wpex-flex-col wpex-items-center\"><svg xmlns=\"http:\/\/www.w3.org\/2000\/svg\" height=\"1.5em\" viewBox=\"0 0 24 24\" width=\"1.5em\" fill=\"currentColor\" class=\"vcex-toggle__icon-open\"><path d=\"M0 0h24v24H0V0z\" fill=\"none\"\/><path d=\"M19 13h-6v6h-2v-6H5v-2h6V5h2v6h6v2z\"\/><\/svg><\/div><div class=\"vcex-toggle__icon-close wpex-flex wpex-flex-col wpex-items-center\"><svg xmlns=\"http:\/\/www.w3.org\/2000\/svg\" height=\"1.5em\" viewBox=\"0 0 24 24\" width=\"1.5em\" fill=\"currentColor\" class=\"vcex-toggle__icon-close\"><path d=\"M0 0h24v24H0V0z\" fill=\"none\"\/><path d=\"M19 13H5v-2h14v2z\"\/><\/svg><\/div><\/div><div class=\"vcex-toggle__title\" itemprop=\"name\">Y a-t-il des restaurants \u00e0 proximit\u00e9 ?<\/div><\/a><\/div><div id=\"y-a-t-il-des-restaurants--proximit-\" class=\"vcex-toggle__content wpex-clr wpex-last-mb-0 wpex-my-10\" itemscope itemprop=\"acceptedAnswer\" itemtype=\"https:\/\/schema.org\/Answer\"><div itemprop=\"text\"><p>Oui, Damme et Bruges ont de nombreuses adresses culinaires.<\/p>\n<\/div><\/div><\/div> <div class=\"vcex-toggle vcex-module\" data-animate=\"true\" data-duration=\"300\" itemscope=\"itemscope\" itemprop=\"mainEntity\" itemtype=\"https:\/\/schema.org\/Question\"><div class=\"vcex-toggle__heading\"><a href=\"#qu039est-ce-qui-rend-le-lieu-unique-\" class=\"vcex-toggle__trigger wpex-transition-colors wpex-flex wpex-items-center wpex-gap-10\" aria-expanded=\"false\" aria-controls=\"qu039est-ce-qui-rend-le-lieu-unique-\"><div class=\"vcex-toggle__icon wpex-flex wpex-items-center wpex-justify-center\" aria-hidden=\"true\"><div class=\"vcex-toggle__icon-open wpex-flex wpex-flex-col wpex-items-center\"><svg xmlns=\"http:\/\/www.w3.org\/2000\/svg\" height=\"1.5em\" viewBox=\"0 0 24 24\" width=\"1.5em\" fill=\"currentColor\" class=\"vcex-toggle__icon-open\"><path d=\"M0 0h24v24H0V0z\" fill=\"none\"\/><path d=\"M19 13h-6v6h-2v-6H5v-2h6V5h2v6h6v2z\"\/><\/svg><\/div><div class=\"vcex-toggle__icon-close wpex-flex wpex-flex-col wpex-items-center\"><svg xmlns=\"http:\/\/www.w3.org\/2000\/svg\" height=\"1.5em\" viewBox=\"0 0 24 24\" width=\"1.5em\" fill=\"currentColor\" class=\"vcex-toggle__icon-close\"><path d=\"M0 0h24v24H0V0z\" fill=\"none\"\/><path d=\"M19 13H5v-2h14v2z\"\/><\/svg><\/div><\/div><div class=\"vcex-toggle__title\" itemprop=\"name\">Qu&#039;est-ce qui rend le lieu unique ?<\/div><\/a><\/div><div id=\"qu039est-ce-qui-rend-le-lieu-unique-\" class=\"vcex-toggle__content wpex-clr wpex-last-mb-0 wpex-my-10\" itemscope itemprop=\"acceptedAnswer\" itemtype=\"https:\/\/schema.org\/Answer\"><div itemprop=\"text\"><p>Charme historique, silence, nature et situation centrale entre la c\u00f4te et Bruges.<\/p>\n<\/div><\/div><\/div> <div class=\"vcex-toggle vcex-module\" data-animate=\"true\" data-duration=\"300\" itemscope=\"itemscope\" itemprop=\"mainEntity\" itemtype=\"https:\/\/schema.org\/Question\"><div class=\"vcex-toggle__heading\"><a href=\"#de-swaenhoeck-convient-il-aux-cyclistes-\" class=\"vcex-toggle__trigger wpex-transition-colors wpex-flex wpex-items-center wpex-gap-10\" aria-expanded=\"false\" aria-controls=\"de-swaenhoeck-convient-il-aux-cyclistes-\"><div class=\"vcex-toggle__icon wpex-flex wpex-items-center wpex-justify-center\" aria-hidden=\"true\"><div class=\"vcex-toggle__icon-open wpex-flex wpex-flex-col wpex-items-center\"><svg xmlns=\"http:\/\/www.w3.org\/2000\/svg\" height=\"1.5em\" viewBox=\"0 0 24 24\" width=\"1.5em\" fill=\"currentColor\" class=\"vcex-toggle__icon-open\"><path d=\"M0 0h24v24H0V0z\" fill=\"none\"\/><path d=\"M19 13h-6v6h-2v-6H5v-2h6V5h2v6h6v2z\"\/><\/svg><\/div><div class=\"vcex-toggle__icon-close wpex-flex wpex-flex-col wpex-items-center\"><svg xmlns=\"http:\/\/www.w3.org\/2000\/svg\" height=\"1.5em\" viewBox=\"0 0 24 24\" width=\"1.5em\" fill=\"currentColor\" class=\"vcex-toggle__icon-close\"><path d=\"M0 0h24v24H0V0z\" fill=\"none\"\/><path d=\"M19 13H5v-2h14v2z\"\/><\/svg><\/div><\/div><div class=\"vcex-toggle__title\" itemprop=\"name\">De Swaenhoeck convient-il aux cyclistes ?<\/div><\/a><\/div><div id=\"de-swaenhoeck-convient-il-aux-cyclistes-\" class=\"vcex-toggle__content wpex-clr wpex-last-mb-0 wpex-my-10\" itemscope itemprop=\"acceptedAnswer\" itemtype=\"https:\/\/schema.org\/Answer\"><div itemprop=\"text\"><p>Oui, avec des pistes cyclables, un local \u00e0 v\u00e9los et un service de location de v\u00e9los.<\/p>\n<\/div><\/div><\/div><\/div>[\/vc_column][vc_column width=\u00a0\u00bb1\/2&Prime;]<figure class=\"vcex-image vcex-module\"><div class=\"vcex-image-inner wpex-relative wpex-inline-block\"><img width=\"2560\" height=\"1440\" src=\"https:\/\/www.deswaenhoeck.be\/wp-content\/uploads\/2022\/09\/P1360772-scaled.jpg\" class=\"vcex-image-img wpex-align-middle\" alt=\"\" loading=\"lazy\" decoding=\"async\" srcset=\"https:\/\/www.deswaenhoeck.be\/wp-content\/uploads\/2022\/09\/P1360772-scaled.jpg 2560w, https:\/\/www.deswaenhoeck.be\/wp-content\/uploads\/2022\/09\/P1360772-300x169.jpg 300w, https:\/\/www.deswaenhoeck.be\/wp-content\/uploads\/2022\/09\/P1360772-1024x576.jpg 1024w, https:\/\/www.deswaenhoeck.be\/wp-content\/uploads\/2022\/09\/P1360772-768x432.jpg 768w, https:\/\/www.deswaenhoeck.be\/wp-content\/uploads\/2022\/09\/P1360772-1536x864.jpg 1536w, https:\/\/www.deswaenhoeck.be\/wp-content\/uploads\/2022\/09\/P1360772-2048x1152.jpg 2048w\" sizes=\"auto, (max-width: 2560px) 100vw, 2560px\" \/><\/div><\/figure>[\/vc_column][\/vc_row]\n<\/div>","protected":false},"excerpt":{"rendered":"<p>[vc_row offset_overlay_header=\u00a0\u00bbyes\u00a0\u00bb][vc_column width=\u00a0\u00bb1\/2&Prime;][\/vc_column][vc_column width=\u00a0\u00bb1\/2&Prime;][\/vc_column][\/vc_row]<\/p>\n","protected":false},"author":1,"featured_media":0,"parent":29015,"menu_order":2,"comment_status":"closed","ping_status":"closed","template":"","meta":{"footnotes":""},"class_list":["post-29028","page","type-page","status-publish","hentry","entry","no-media"],"_links":{"self":[{"href":"https:\/\/www.deswaenhoeck.be\/fr\/wp-json\/wp\/v2\/pages\/29028","targetHints":{"allow":["GET"]}}],"collection":[{"href":"https:\/\/www.deswaenhoeck.be\/fr\/wp-json\/wp\/v2\/pages"}],"about":[{"href":"https:\/\/www.deswaenhoeck.be\/fr\/wp-json\/wp\/v2\/types\/page"}],"author":[{"embeddable":true,"href":"https:\/\/www.deswaenhoeck.be\/fr\/wp-json\/wp\/v2\/users\/1"}],"replies":[{"embeddable":true,"href":"https:\/\/www.deswaenhoeck.be\/fr\/wp-json\/wp\/v2\/comments?post=29028"}],"version-history":[{"count":3,"href":"https:\/\/www.deswaenhoeck.be\/fr\/wp-json\/wp\/v2\/pages\/29028\/revisions"}],"predecessor-version":[{"id":29068,"href":"https:\/\/www.deswaenhoeck.be\/fr\/wp-json\/wp\/v2\/pages\/29028\/revisions\/29068"}],"up":[{"embeddable":true,"href":"https:\/\/www.deswaenhoeck.be\/fr\/wp-json\/wp\/v2\/pages\/29015"}],"wp:attachment":[{"href":"https:\/\/www.deswaenhoeck.be\/fr\/wp-json\/wp\/v2\/media?parent=29028"}],"curies":[{"name":"wp","href":"https:\/\/api.w.org\/{rel}","templated":true}]}}